{"id":35270,"date":"2026-04-15T04:40:11","date_gmt":"2026-04-15T04:40:11","guid":{"rendered":"https:\/\/lofimusic.com.es\/index.php\/producto\/b0ghxtv2rn_de\/"},"modified":"2026-04-15T04:40:11","modified_gmt":"2026-04-15T04:40:11","slug":"b0ghxtv2rn_de","status":"publish","type":"product","link":"https:\/\/lofimusic.com.es\/index.php\/producto\/b0ghxtv2rn_de\/","title":{"rendered":"B0GHXTV2RN_DE"},"content":{"rendered":"<p>&#8211; Diese Hallux Bandage korrigiert die Stellung des gro\u00dfen Zehs behutsam, reduziert Reibung. Ideal bei Hallux Valgus zur t\u00e4glichen Anwendung \u2013 diskret, bequem und effektiv.<br \/>\n&#8211; Die Hallux Valgus Bandage korrigiert sanft die nat\u00fcrliche Fu\u00dfposition und reduziert Schmerzen. Erleben Sie den Komfort der Hallux Valgus Schiene bei Tag und Nacht f\u00fcr anhaltende Linderung und Stabilit\u00e4t.<br \/>\n&#8211; Hergestellt aus hautfreundlichem, hoch Material, das atmungsaktiv, schwei\u00dfableitend und schnell trocknend ist, um Ihre F\u00fc\u00dfe k\u00fchl und angenehm zu halten. Nahtlose Verarbeitung f\u00fcr eine glatte, unsichtbare Passform, ideal f\u00fcr t\u00e4gliche Aktivit\u00e4ten oder das Tragen \u00fcber Nacht ohne Beeintr\u00e4chtigung.<br \/>\n&#8211; Die orthop\u00e4dischen Hallux Bandagen sind langlebig und mehrfach verwendbar. Einfach von Hand mit neutralem Waschmittel waschen und an der Luft trocknen, um es wiederzuverwenden. Einfach anzuziehen, rutschfest und f\u00fcr M\u00e4nner wie Frauen geeignet.<br \/>\n&#8211; Entwickelt f\u00fcr M\u00e4nner und Frauen gleicherma\u00dfen. Das ultrad\u00fcnne, unauff\u00e4llige Design erm\u00f6glicht das Tragen unter Socken und passt bequem in verschiedene Schuhe, darunter Anzugsschuhe, Sandalen, Sneaker und Stiefel.<\/p>\n","protected":false},"excerpt":{"rendered":"<p>Werbung<br \/>\ngelpretty 2 St\u00fcck Hallux Valgus Korrektur, Hallux Valgus Socken, Wiederverwendbar, Weiches &amp; Angenehmes, Verbesserung Der Fu\u00dfstellung, f\u00fcr M\u00e4nner und Frauen, f\u00fcr T\u00e4gliches Tragen<\/p>\n","protected":false},"featured_media":35269,"comment_status":"open","ping_status":"closed","template":"","meta":[],"product_cat":[15],"product_tag":[],"class_list":{"0":"post-35270","1":"product","2":"type-product","3":"status-publish","4":"has-post-thumbnail","6":"product_cat-sin-categorizar","7":"nodate","8":"item-wrap","10":"first","11":"instock","12":"shipping-taxable","13":"product-type-external"},"_links":{"self":[{"href":"https:\/\/lofimusic.com.es\/index.php\/wp-json\/wp\/v2\/product\/35270","targetHints":{"allow":["GET"]}}],"collection":[{"href":"https:\/\/lofimusic.com.es\/index.php\/wp-json\/wp\/v2\/product"}],"about":[{"href":"https:\/\/lofimusic.com.es\/index.php\/wp-json\/wp\/v2\/types\/product"}],"replies":[{"embeddable":true,"href":"https:\/\/lofimusic.com.es\/index.php\/wp-json\/wp\/v2\/comments?post=35270"}],"wp:featuredmedia":[{"embeddable":true,"href":"https:\/\/lofimusic.com.es\/index.php\/wp-json\/wp\/v2\/media\/35269"}],"wp:attachment":[{"href":"https:\/\/lofimusic.com.es\/index.php\/wp-json\/wp\/v2\/media?parent=35270"}],"wp:term":[{"taxonomy":"product_cat","embeddable":true,"href":"https:\/\/lofimusic.com.es\/index.php\/wp-json\/wp\/v2\/product_cat?post=35270"},{"taxonomy":"product_tag","embeddable":true,"href":"https:\/\/lofimusic.com.es\/index.php\/wp-json\/wp\/v2\/product_tag?post=35270"}],"curies":[{"name":"wp","href":"https:\/\/api.w.org\/{rel}","templated":true}]}}