{"id":35262,"date":"2026-04-15T04:25:55","date_gmt":"2026-04-15T04:25:55","guid":{"rendered":"https:\/\/lofimusic.com.es\/index.php\/producto\/b0f537mkl8_de\/"},"modified":"2026-04-15T04:25:55","modified_gmt":"2026-04-15T04:25:55","slug":"b0f537mkl8_de","status":"publish","type":"product","link":"https:\/\/lofimusic.com.es\/index.php\/producto\/b0f537mkl8_de\/","title":{"rendered":"B0F537MKL8_DE"},"content":{"rendered":"<p>&#8211; \u3010Super Powerful Cool Fan\u3011Angetrieben von einem hochmodernen Windkraftmotor, der mit dem neuesten AI-Chip verschmolzen ist, sticht dieser Tischventilator hervor. Seine Geschwindigkeit erreicht bis zu 116.000 U\/min, der Luftstrom steigt um 1.200\/min und die Windkraft erh\u00f6ht sich um 300%, wodurch die Luft mit voller Kraft vorangetrieben wird. Die effizienten Luftzirkulationskan\u00e4le sorgen f\u00fcr eine schnelle Abk\u00fchlung. Mit einem verstellbaren Winkel von 105\u00b0 passt sich dieser Ventilator Ihren Entspannungsbed\u00fcrfnissen an \u2013 ob nach einem langen Tag oder in der Pause \u2013 als zuverl\u00e4ssiger K\u00fchlpartner f\u00fcr jede Jahreszeit.<br \/>\n&#8211; \u3010Ultra Quiet Personal Desk Fan\u3011Dieser Tischventilator ist mit fortschrittlicher Ger\u00e4uschreduzierungstechnologie ausgestattet und sorgt daf\u00fcr, dass die Ger\u00e4usche unter 40 dB liegen \u2013 fl\u00fcsterleise. Dar\u00fcber hinaus garantiert das durchdachte Luftstromdesign auch bei l\u00e4ngerem Gebrauch keine Unannehmlichkeiten oder Kopfschmerzen. Ob beim Nickerchen, beim Schminken oder bei der Arbeit \u2013 er bietet sanfte Erfrischung und ist den ganzen Tag \u00fcber Ihr f\u00fcrsorglicher K\u00fchlverb\u00fcndeter.<br \/>\n&#8211; \u3010100 Stufen Geschwindigkeitseinstellung mit Memory-Funktion\u3011Verlangen Sie nach personalisiertem Komfort? Dieser Ventilator erf\u00fcllt Ihre W\u00fcnsche. Mit 1\u2013100 einstellbaren Geschwindigkeitsstufen passt sich dieser USB-Ventilator jedem Bedarf an. Die intelligente Memory-Funktion merkt sich Ihre letzte Einstellung f\u00fcr zus\u00e4tzlichen Komfort. Ein klares Digitaldisplay erm\u00f6glicht die m\u00fchelose \u00dcberpr\u00fcfung der Geschwindigkeit \u2013 sogar im Dunkeln. Mit einer Laufzeit von bis zu 9,5 Stunden begleitet Sie der Tischventilator durch die ganze Nacht. Ob Sie ruhen oder arbeiten \u2013 genie\u00dfen Sie beruhigende, ma\u00dfgeschneiderte K\u00fchle.<br \/>\n&#8211; \u3010Einfache Bedienung\u3011Zwei Einstellungsmodi: Halten Sie \u201e+\u201c oder \u201e\u2013\u201c gedr\u00fcckt, um die Geschwindigkeit von 1\u2013100 fein einzustellen, oder dr\u00fccken Sie kurz, um voreingestellte Stufen (0\/25\/50\/75\/100) durchzuschalten. Memory-Modus: Nach jedem Neustart bleibt die zuletzt gew\u00e4hlte Geschwindigkeit erhalten \u2013 perfekt auf Ihre Bed\u00fcrfnisse abgestimmt, ohne jedes Mal nachjustieren zu m\u00fcssen.<br \/>\n&#8211; \u3010Abk\u00fchlung in 3 Sekunden\u3011Dank des neuen K\u00fchlwind-Designs k\u00fchlt dieser Ventilator in nur 3 Sekunden (16\u00b0C) ab und l\u00e4sst Sie sofort die sanfte Brise an hei\u00dfen Sommertagen sp\u00fcren. Zudem verf\u00fcgt der pers\u00f6nliche Ventilator \u00fcber einen gro\u00dfen Akku mit einer Ladezeit von ca. 3,5 Stunden f\u00fcr 3\u201310 Stunden Dauerbetrieb und unterst\u00fctzt den kabellosen Gebrauch bei extremer Hitze ohne Stromanschluss. Selbst in hei\u00dfer Luft k\u00f6nnen Sie angenehm leben.<\/p>\n","protected":false},"excerpt":{"rendered":"<p>Werbung<br \/>\nKoala Global Tischventilator, USB Ventilator mit 100 Geschwindigkeitsstufen 105\u00b0 Schwenkfunktion LED Display mit Memory Funktion Leiser L\u00fcfter f\u00fcr Schlafzimmer, B\u00fcro, Tragbarer Tischventilator<\/p>\n","protected":false},"featured_media":35261,"comment_status":"open","ping_status":"closed","template":"","meta":[],"product_cat":[15],"product_tag":[],"class_list":{"0":"post-35262","1":"product","2":"type-product","3":"status-publish","4":"has-post-thumbnail","6":"product_cat-sin-categorizar","7":"nodate","8":"item-wrap","10":"first","11":"instock","12":"shipping-taxable","13":"product-type-external"},"_links":{"self":[{"href":"https:\/\/lofimusic.com.es\/index.php\/wp-json\/wp\/v2\/product\/35262","targetHints":{"allow":["GET"]}}],"collection":[{"href":"https:\/\/lofimusic.com.es\/index.php\/wp-json\/wp\/v2\/product"}],"about":[{"href":"https:\/\/lofimusic.com.es\/index.php\/wp-json\/wp\/v2\/types\/product"}],"replies":[{"embeddable":true,"href":"https:\/\/lofimusic.com.es\/index.php\/wp-json\/wp\/v2\/comments?post=35262"}],"wp:featuredmedia":[{"embeddable":true,"href":"https:\/\/lofimusic.com.es\/index.php\/wp-json\/wp\/v2\/media\/35261"}],"wp:attachment":[{"href":"https:\/\/lofimusic.com.es\/index.php\/wp-json\/wp\/v2\/media?parent=35262"}],"wp:term":[{"taxonomy":"product_cat","embeddable":true,"href":"https:\/\/lofimusic.com.es\/index.php\/wp-json\/wp\/v2\/product_cat?post=35262"},{"taxonomy":"product_tag","embeddable":true,"href":"https:\/\/lofimusic.com.es\/index.php\/wp-json\/wp\/v2\/product_tag?post=35262"}],"curies":[{"name":"wp","href":"https:\/\/api.w.org\/{rel}","templated":true}]}}