{"id":35260,"date":"2026-04-15T04:25:49","date_gmt":"2026-04-15T04:25:49","guid":{"rendered":"https:\/\/lofimusic.com.es\/index.php\/producto\/b0ghyhgqx8_de\/"},"modified":"2026-04-15T04:25:49","modified_gmt":"2026-04-15T04:25:49","slug":"b0ghyhgqx8_de","status":"publish","type":"product","link":"https:\/\/lofimusic.com.es\/index.php\/producto\/b0ghyhgqx8_de\/","title":{"rendered":"B0GHYHGQX8_DE"},"content":{"rendered":"<p>&#8211; WLAN Abdeckung erweitern bis zu 9800 sq.ft \u2013 Schluss mit Funkl\u00f6chern.Dieser WLAN Verst\u00e4rker erweitert Ihr bestehendes Netzwerk in jeden Winkel Ihres Zuhauses \u2013 ideal f\u00fcr Schlafzimmer, Keller, Garage oder Gartenbereiche ohne stabiles Signal.<br \/>\n&#8211; AX1800 WiFi 6 Geschwindigkeit f\u00fcr ultraschnelles Internet.Mit modernster WiFi 6 Technologie bietet dieser WLAN Repeater Geschwindigkeiten bis zu 1800 Mbit\/s (5GHz 1201 Mbit\/s + 2,4GHz 574 Mbit\/s) f\u00fcr fl\u00fcssiges Streaming, Gaming und Homeoffice.<br \/>\n&#8211; Stabile Verbindung f\u00fcr 30+ Ger\u00e4te gleichzeitig.Dank MU-MIMO und OFDMA unterst\u00fctzt dieser WLAN Booster mehrere Ger\u00e4te gleichzeitig ohne Verz\u00f6gerung \u2013 perfekt f\u00fcr Smart Homes.<br \/>\n&#8211; Gigabit LAN Anschluss f\u00fcr maximale Stabilit\u00e4t.Verbinden Sie Smart TV, PC oder Konsole direkt per Kabel f\u00fcr eine besonders stabile und schnelle Verbindung oder nutzen Sie den Access Point Modus.<br \/>\n&#8211; Einfache Einrichtung per WPS in wenigen Minuten.Mit nur einem Knopfdruck l\u00e4sst sich der WLAN Extender schnell und einfach mit Ihrem Router verbinden \u2013 keine technischen Kenntnisse erforderlich.<br \/>\n&#8211; Funktioniert mit allen g\u00e4ngigen Routern, Internetanbietern und WLAN-Ger\u00e4ten \u2013 die ideale L\u00f6sung zur Verbesserung Ihres Heimnetzwerks.<\/p>\n","protected":false},"excerpt":{"rendered":"<p>Werbung<br \/>\nWLAN Verst\u00e4rker AX1800 WiFi 6 Repeater, Dual Band WLAN Booster bis 9800 sq.ft, Internet Verst\u00e4rker f\u00fcr Zuhause, Unterst\u00fctzt 35 Ger\u00e4te, LAN Port, Einfache Einrichtung<\/p>\n","protected":false},"featured_media":35259,"comment_status":"open","ping_status":"closed","template":"","meta":[],"product_cat":[15],"product_tag":[],"class_list":{"0":"post-35260","1":"product","2":"type-product","3":"status-publish","4":"has-post-thumbnail","6":"product_cat-sin-categorizar","7":"nodate","8":"item-wrap","10":"first","11":"instock","12":"shipping-taxable","13":"product-type-external"},"_links":{"self":[{"href":"https:\/\/lofimusic.com.es\/index.php\/wp-json\/wp\/v2\/product\/35260","targetHints":{"allow":["GET"]}}],"collection":[{"href":"https:\/\/lofimusic.com.es\/index.php\/wp-json\/wp\/v2\/product"}],"about":[{"href":"https:\/\/lofimusic.com.es\/index.php\/wp-json\/wp\/v2\/types\/product"}],"replies":[{"embeddable":true,"href":"https:\/\/lofimusic.com.es\/index.php\/wp-json\/wp\/v2\/comments?post=35260"}],"wp:featuredmedia":[{"embeddable":true,"href":"https:\/\/lofimusic.com.es\/index.php\/wp-json\/wp\/v2\/media\/35259"}],"wp:attachment":[{"href":"https:\/\/lofimusic.com.es\/index.php\/wp-json\/wp\/v2\/media?parent=35260"}],"wp:term":[{"taxonomy":"product_cat","embeddable":true,"href":"https:\/\/lofimusic.com.es\/index.php\/wp-json\/wp\/v2\/product_cat?post=35260"},{"taxonomy":"product_tag","embeddable":true,"href":"https:\/\/lofimusic.com.es\/index.php\/wp-json\/wp\/v2\/product_tag?post=35260"}],"curies":[{"name":"wp","href":"https:\/\/api.w.org\/{rel}","templated":true}]}}