{"id":35258,"date":"2026-04-14T19:22:51","date_gmt":"2026-04-14T19:22:51","guid":{"rendered":"https:\/\/lofimusic.com.es\/index.php\/producto\/b0gvd28xnw_fr\/"},"modified":"2026-04-14T19:22:51","modified_gmt":"2026-04-14T19:22:51","slug":"b0gvd28xnw_fr","status":"publish","type":"product","link":"https:\/\/lofimusic.com.es\/index.php\/producto\/b0gvd28xnw_fr\/","title":{"rendered":"B0GVD28XNW_FR"},"content":{"rendered":"<p>&#8211; \u3010Design Gain de Place\u3011Mesurant 17 x 16 x 69 cm, ce meuble colonne est id\u00e9al pour les espaces \u00e9troits tels que la salle de bain ou la buanderie. Sa structure verticale maximise le rangement sans occuper beaucoup de place au sol<br \/>\n&#8211; \u3010Grande Capacit\u00e9 de Stockage\u3011Ce meuble de rangement dispose de 5 compartiments ferm\u00e9s pour ranger les papiers toilette, les serviettes et plus encore. De plus, la sortie facile d\u2019acc\u00e8s sur le dessus aide \u00e0 garder les essentiels \u00e0 port\u00e9e de main<br \/>\n&#8211; \u3010Structure Robuste et Stable\u3011Cette armoire \u00e9troite pour salle de bain est fabriqu\u00e9e en bois d\u2019ing\u00e9nierie de qualit\u00e9 afin d\u2019assurer une bonne r\u00e9sistance \u00e0 la d\u00e9formation. D\u2019ailleurs, les 2 kits anti-basculement garantissent une stabilit\u00e9 et une s\u00e9curit\u00e9 accrues<br \/>\n&#8211; \u3010D\u00e9tails Bien Pens\u00e9s\u3011Cette armoire \u00e0 papier toilette est dot\u00e9e d\u2019une fermeture magn\u00e9tique pour une fermeture douce et s\u00e9curis\u00e9e. Les \u00e9tag\u00e8res int\u00e9rieures sont amovibles pour s\u2019adapter aux articles de diff\u00e9rentes tailles, vous apportant plus de commodit\u00e9s<br \/>\n&#8211; \u3010Style Moderne\u3011Gr\u00e2ce \u00e0 son design \u00e9pur\u00e9 et discret, cette colonne de rangement wc s\u2019harmonise parfaitement avec les ameublements modernes, classiques ou minimalistes. La surface \u00e9tanche peut \u00eatre facilement nettoy\u00e9e avec un chiffon humide<\/p>\n","protected":false},"excerpt":{"rendered":"<p>publicit\u00e9COSTWAY Armoire de Papier Toilette sur Pied, Petit Meuble Salle de Bains avec 5 Compartiments, \u00c9tag\u00e8res Amovibles, 2 Kits Anti-Renversement, Meuble de Rangement \u00c9troit, 17 x 16 x 69 cm, Blanc<\/p>\n","protected":false},"featured_media":35257,"comment_status":"open","ping_status":"closed","template":"","meta":[],"product_cat":[15],"product_tag":[],"class_list":{"0":"post-35258","1":"product","2":"type-product","3":"status-publish","4":"has-post-thumbnail","6":"product_cat-sin-categorizar","7":"nodate","8":"item-wrap","10":"first","11":"instock","12":"shipping-taxable","13":"product-type-external"},"_links":{"self":[{"href":"https:\/\/lofimusic.com.es\/index.php\/wp-json\/wp\/v2\/product\/35258","targetHints":{"allow":["GET"]}}],"collection":[{"href":"https:\/\/lofimusic.com.es\/index.php\/wp-json\/wp\/v2\/product"}],"about":[{"href":"https:\/\/lofimusic.com.es\/index.php\/wp-json\/wp\/v2\/types\/product"}],"replies":[{"embeddable":true,"href":"https:\/\/lofimusic.com.es\/index.php\/wp-json\/wp\/v2\/comments?post=35258"}],"wp:featuredmedia":[{"embeddable":true,"href":"https:\/\/lofimusic.com.es\/index.php\/wp-json\/wp\/v2\/media\/35257"}],"wp:attachment":[{"href":"https:\/\/lofimusic.com.es\/index.php\/wp-json\/wp\/v2\/media?parent=35258"}],"wp:term":[{"taxonomy":"product_cat","embeddable":true,"href":"https:\/\/lofimusic.com.es\/index.php\/wp-json\/wp\/v2\/product_cat?post=35258"},{"taxonomy":"product_tag","embeddable":true,"href":"https:\/\/lofimusic.com.es\/index.php\/wp-json\/wp\/v2\/product_tag?post=35258"}],"curies":[{"name":"wp","href":"https:\/\/api.w.org\/{rel}","templated":true}]}}