{"id":35244,"date":"2026-04-14T19:09:54","date_gmt":"2026-04-14T19:09:54","guid":{"rendered":"https:\/\/lofimusic.com.es\/index.php\/producto\/b084nvqm4q_fr\/"},"modified":"2026-04-14T19:09:54","modified_gmt":"2026-04-14T19:09:54","slug":"b084nvqm4q_fr","status":"publish","type":"product","link":"https:\/\/lofimusic.com.es\/index.php\/producto\/b084nvqm4q_fr\/","title":{"rendered":"B084NVQM4Q_FR"},"content":{"rendered":"<p>&#8211; \u3010Toilette portable\u3011: COSTWAY toilette s\u00e8che peut \u00eatre utilis\u00e9s \u00e0 l&#8217;int\u00e9rieur et \u00e0 l&#8217;ext\u00e9rieur sans prendre de place. Id\u00e9al pour le camping, la randonn\u00e9e, le bateau et les voyages en voiture,notre toilette portable peut offrir tout le confort d&#8217;une vraie toilette \u00e0 domicile.<br \/>\n&#8211; \u3010Facile \u00e0 nettoyer\u3011: Notre toilette portable est muni d&#8217;un seau int\u00e9rieur amovible que vous pouvez utiliser avec des sacs \u00e0 ordures pour \u00e9viter son nettoyage. Le seau int\u00e9rieur a une poign\u00e9e ferme pour faciliter le transport et le nettoyage. Les couvercles int\u00e9rieur et ext\u00e9rieur peuvent garder efficacement les odeurs et l&#8217;air frais.<br \/>\n&#8211; \u3010Porte-papier amovible\u3011: Un porte-papier sur le c\u00f4t\u00e9 des toilettes vous permet de mettre des serviettes en papier dessus. La conception d\u00e9tachable permet d&#8217;accrocher l&#8217;essuie-tout de chaque c\u00f4t\u00e9 selon vos habitudes d&#8217;utilisation. Il peut apporter une grande commodit\u00e9 \u00e0 votre voyage.<br \/>\n&#8211; \u3010Mat\u00e9riaux de haute qualit\u00e9\u3011: Fabriqu\u00e9e \u00e0 partir de mat\u00e9riaux PP de premi\u00e8re qualit\u00e9, ces toilettes sont lisses, confortable et agr\u00e9able pour la peau. La structure robuste charge max 200kg a une bonne stabilit\u00e9 sans glisser. La bonne hauteur est con\u00e7ue de mani\u00e8re ergonomique, notre toilette portable peut donc \u00eatre utilis\u00e9e comme tabouret.<br \/>\n&#8211; \u3010Design simple\u3011: Le poids l\u00e9ger et les poign\u00e9es cach\u00e9es des deux c\u00f4t\u00e9s des toilettes rendent la toilette facile \u00e0 d\u00e9placer et \u00e0 transporter. Le seau int\u00e9rieur de grande capacit\u00e9 vous permet de l&#8217;utiliser plusieurs fois sans avoir \u00e0 le vider fr\u00e9quemment.<\/p>\n","protected":false},"excerpt":{"rendered":"<p>publicit\u00e9COSTWAY Toilette S\u00e8che Portable Ext\u00e9rieure 5L avec Seau Int\u00e9rieur et Porte-Papier Amovible pour Camping, Randonn\u00e9e, Charge Max 200 kg, Gris<\/p>\n","protected":false},"featured_media":35243,"comment_status":"open","ping_status":"closed","template":"","meta":[],"product_cat":[15],"product_tag":[],"class_list":{"0":"post-35244","1":"product","2":"type-product","3":"status-publish","4":"has-post-thumbnail","6":"product_cat-sin-categorizar","7":"nodate","8":"item-wrap","10":"first","11":"instock","12":"shipping-taxable","13":"product-type-external"},"_links":{"self":[{"href":"https:\/\/lofimusic.com.es\/index.php\/wp-json\/wp\/v2\/product\/35244","targetHints":{"allow":["GET"]}}],"collection":[{"href":"https:\/\/lofimusic.com.es\/index.php\/wp-json\/wp\/v2\/product"}],"about":[{"href":"https:\/\/lofimusic.com.es\/index.php\/wp-json\/wp\/v2\/types\/product"}],"replies":[{"embeddable":true,"href":"https:\/\/lofimusic.com.es\/index.php\/wp-json\/wp\/v2\/comments?post=35244"}],"wp:featuredmedia":[{"embeddable":true,"href":"https:\/\/lofimusic.com.es\/index.php\/wp-json\/wp\/v2\/media\/35243"}],"wp:attachment":[{"href":"https:\/\/lofimusic.com.es\/index.php\/wp-json\/wp\/v2\/media?parent=35244"}],"wp:term":[{"taxonomy":"product_cat","embeddable":true,"href":"https:\/\/lofimusic.com.es\/index.php\/wp-json\/wp\/v2\/product_cat?post=35244"},{"taxonomy":"product_tag","embeddable":true,"href":"https:\/\/lofimusic.com.es\/index.php\/wp-json\/wp\/v2\/product_tag?post=35244"}],"curies":[{"name":"wp","href":"https:\/\/api.w.org\/{rel}","templated":true}]}}