{"id":35242,"date":"2026-04-14T19:07:25","date_gmt":"2026-04-14T19:07:25","guid":{"rendered":"https:\/\/lofimusic.com.es\/index.php\/producto\/b0gqz73y8p_fr\/"},"modified":"2026-04-14T19:07:25","modified_gmt":"2026-04-14T19:07:25","slug":"b0gqz73y8p_fr","status":"publish","type":"product","link":"https:\/\/lofimusic.com.es\/index.php\/producto\/b0gqz73y8p_fr\/","title":{"rendered":"B0GQZ73Y8P_FR"},"content":{"rendered":"<p>&#8211; \ud83c\udf3c\u3010Table basse pliable\u3011La table basse dispose d&#8217;un design pliable, qui facilite son transport et r\u00e9duit l&#8217;espace n\u00e9cessaire pour le rangement. Cette table basse est \u00e9quip\u00e9e de 4 pieds r\u00e9glables en bas pour faire face \u00e0 d&#8217;\u00e9ventuels probl\u00e8mes tels que les surfaces irr\u00e9guli\u00e8res.<br \/>\n&#8211; \ud83c\udf3c\u3010Construction en acier robuste\u3011La structure encastr\u00e9e de la table basse est en acier r\u00e9sistant, ce qui lui conf\u00e8re d&#8217;excellentes qualit\u00e9s comme la durabilit\u00e9. Pour bien supporter le poids, une plaque PVC a \u00e9t\u00e9 ajout\u00e9e \u00e0 l&#8217;arri\u00e8re du plateau de table pour fournir un support stable.<br \/>\n&#8211; \ud83c\udf3c\u3010Sans montage\u3011Lorsque vous recevez le produit, vous n&#8217;avez pas besoin d&#8217;un montage compliqu\u00e9. Il suffit de le changer de l&#8217;\u00e9tat pli\u00e9 au d\u00e9pli\u00e9. La surface du rotin peut \u00eatre facilement nettoy\u00e9e avec un chiffon humide, m\u00eame si elle est remplie de poussi\u00e8re ou sale.<br \/>\n&#8211; \ud83c\udf3c\u3010Polyvalent dans diverses sc\u00e8nes\u3011Peut \u00eatre plac\u00e9 dans diff\u00e9rents types d&#8217;environnements, comme dans le jardin, la terrasse, au bord de la piscine. Deuxi\u00e8mement, il peut \u00eatre utilis\u00e9 comme table basse, table lat\u00e9rale, table d&#8217;appoint, etc.<br \/>\n&#8211; \ud83c\udf3c\u3010Rotin en PE durable et \u00e9cologique\u3011Cette table basse pliante est fabriqu\u00e9e en rotin PE r\u00e9sistant aux intemp\u00e9ries avec un tissu de fermet\u00e9 pour r\u00e9sister \u00e0 une utilisation en ext\u00e9rieur pendant longtemps. Il offre non seulement un look \u00e9l\u00e9gant et chic, mais l&#8217;option de couleur marron est bien discr\u00e8te.<\/p>\n","protected":false},"excerpt":{"rendered":"<p>publicit\u00e9LIFEZEAL Table Basse Pliante en Rotin, Table Basse Ext\u00e9rieure avec Structure en Acier 60x40x40 CM, Table de Jardin avec Capacit\u00e9 de Charge de 45 KG (Noir)<\/p>\n","protected":false},"featured_media":35241,"comment_status":"open","ping_status":"closed","template":"","meta":[],"product_cat":[15],"product_tag":[],"class_list":{"0":"post-35242","1":"product","2":"type-product","3":"status-publish","4":"has-post-thumbnail","6":"product_cat-sin-categorizar","7":"nodate","8":"item-wrap","10":"first","11":"instock","12":"shipping-taxable","13":"product-type-external"},"_links":{"self":[{"href":"https:\/\/lofimusic.com.es\/index.php\/wp-json\/wp\/v2\/product\/35242","targetHints":{"allow":["GET"]}}],"collection":[{"href":"https:\/\/lofimusic.com.es\/index.php\/wp-json\/wp\/v2\/product"}],"about":[{"href":"https:\/\/lofimusic.com.es\/index.php\/wp-json\/wp\/v2\/types\/product"}],"replies":[{"embeddable":true,"href":"https:\/\/lofimusic.com.es\/index.php\/wp-json\/wp\/v2\/comments?post=35242"}],"wp:featuredmedia":[{"embeddable":true,"href":"https:\/\/lofimusic.com.es\/index.php\/wp-json\/wp\/v2\/media\/35241"}],"wp:attachment":[{"href":"https:\/\/lofimusic.com.es\/index.php\/wp-json\/wp\/v2\/media?parent=35242"}],"wp:term":[{"taxonomy":"product_cat","embeddable":true,"href":"https:\/\/lofimusic.com.es\/index.php\/wp-json\/wp\/v2\/product_cat?post=35242"},{"taxonomy":"product_tag","embeddable":true,"href":"https:\/\/lofimusic.com.es\/index.php\/wp-json\/wp\/v2\/product_tag?post=35242"}],"curies":[{"name":"wp","href":"https:\/\/api.w.org\/{rel}","templated":true}]}}