{"id":35238,"date":"2026-04-14T19:04:12","date_gmt":"2026-04-14T19:04:12","guid":{"rendered":"https:\/\/lofimusic.com.es\/index.php\/producto\/b0gmw81vsn_fr\/"},"modified":"2026-04-14T19:04:12","modified_gmt":"2026-04-14T19:04:12","slug":"b0gmw81vsn_fr","status":"publish","type":"product","link":"https:\/\/lofimusic.com.es\/index.php\/producto\/b0gmw81vsn_fr\/","title":{"rendered":"B0GMW81VSN_FR"},"content":{"rendered":"<p>&#8211; \u3010Station de Charge Pratique\u3011 Cette table d&#8217;appoint roulante int\u00e8gre une station de charge avec 2 prises, 1 port USB et 1 port Type-C, vous permettant de charger plusieurs appareils simultan\u00e9ment. Le passe-c\u00e2ble organise les fils pour un espace ordonn\u00e9 et sans encombrement.<br \/>\n&#8211; \u3010Rangement Ample avec Design \u00e0 Plateau Relevable\u3011 La table d&#8217;appoint \u00e0 plateau relevable dispose d&#8217;un compartiment cach\u00e9 sous le plateau pour un rangement discret. De plus, deux \u00e9tag\u00e8res inf\u00e9rieures offrent un espace suppl\u00e9mentaire pour vos livres, d\u00e9corations ou objets du quotidien.<br \/>\n&#8211; \u3010Construction Robuste et R\u00e9sistante\u3011 Fabriqu\u00e9e \u00e0 partir d&#8217;un cadre en m\u00e9tal rev\u00eatu de poudre, cette table d&#8217;appoint pour canap\u00e9 allie r\u00e9sistance et durabilit\u00e9. Avec son plateau \u00e9paissi, cette table de chevet mobile est con\u00e7ue pour une utilisation prolong\u00e9e.<br \/>\n&#8211; \u3010Mobilit\u00e9 Facile et Stabilit\u00e9\u3011 \u00c9quip\u00e9e de 4 roulettes lisses, cette table de chevet \u00e9troite se d\u00e9place sans effort. Deux des roulettes sont \u00e9quip\u00e9es de freins, ce qui vous permet de la d\u00e9placer quand vous le souhaitez et de la maintenir en place pour plus de stabilit\u00e9.<br \/>\n&#8211; \u3010Fonction Polyvalente\u3011 Mesurant 60 x 24 x 67,5 cm (L x l x H), cette table d&#8217;appoint \u00e9troite s&#8217;adapte parfaitement aux bords du canap\u00e9 ou du lit. Avec son style industriel et ses lignes \u00e9pur\u00e9es, ce meuble polyvalent s&#8217;int\u00e8gre parfaitement \u00e0 la d\u00e9coration int\u00e9rieure.<\/p>\n","protected":false},"excerpt":{"rendered":"<p>publicit\u00e9COSTWAY Table d&#8217;Appoint Relevable avec Prise, Table a Lit Roulante 2 Niveaux, Port USB Type-C,Compartiment Cach\u00e9, \u00c9tag\u00e8res Ouvertes, Bout de Canape Mobile pour Salon, Chambre<\/p>\n","protected":false},"featured_media":35237,"comment_status":"open","ping_status":"closed","template":"","meta":[],"product_cat":[15],"product_tag":[],"class_list":{"0":"post-35238","1":"product","2":"type-product","3":"status-publish","4":"has-post-thumbnail","6":"product_cat-sin-categorizar","7":"nodate","8":"item-wrap","10":"first","11":"instock","12":"shipping-taxable","13":"product-type-external"},"_links":{"self":[{"href":"https:\/\/lofimusic.com.es\/index.php\/wp-json\/wp\/v2\/product\/35238","targetHints":{"allow":["GET"]}}],"collection":[{"href":"https:\/\/lofimusic.com.es\/index.php\/wp-json\/wp\/v2\/product"}],"about":[{"href":"https:\/\/lofimusic.com.es\/index.php\/wp-json\/wp\/v2\/types\/product"}],"replies":[{"embeddable":true,"href":"https:\/\/lofimusic.com.es\/index.php\/wp-json\/wp\/v2\/comments?post=35238"}],"wp:featuredmedia":[{"embeddable":true,"href":"https:\/\/lofimusic.com.es\/index.php\/wp-json\/wp\/v2\/media\/35237"}],"wp:attachment":[{"href":"https:\/\/lofimusic.com.es\/index.php\/wp-json\/wp\/v2\/media?parent=35238"}],"wp:term":[{"taxonomy":"product_cat","embeddable":true,"href":"https:\/\/lofimusic.com.es\/index.php\/wp-json\/wp\/v2\/product_cat?post=35238"},{"taxonomy":"product_tag","embeddable":true,"href":"https:\/\/lofimusic.com.es\/index.php\/wp-json\/wp\/v2\/product_tag?post=35238"}],"curies":[{"name":"wp","href":"https:\/\/api.w.org\/{rel}","templated":true}]}}