{"id":35236,"date":"2026-04-14T19:04:12","date_gmt":"2026-04-14T19:04:12","guid":{"rendered":"https:\/\/lofimusic.com.es\/index.php\/producto\/b0dwmh7jpn_fr\/"},"modified":"2026-04-14T19:04:12","modified_gmt":"2026-04-14T19:04:12","slug":"b0dwmh7jpn_fr","status":"publish","type":"product","link":"https:\/\/lofimusic.com.es\/index.php\/producto\/b0dwmh7jpn_fr\/","title":{"rendered":"B0DWMH7JPN_FR"},"content":{"rendered":"<p>&#8211; \u2605 UNE GRANDE SURFACE D&#8217;OMBRE POUR LE CONFORT \u2605 Le parasol de jardin dia.300 cm vous offre une grande surface d&#8217;ombre, vous apportant de la fra\u00eecheur. Avec ce parapluie de jardin, vous pouvez vous prot\u00e9ger de la pluie soudaine, des rayons UV et de la lumi\u00e8re vive. Vous pouvez donc passer les chaudes journ\u00e9es d&#8217;\u00e9t\u00e9 confortablement.<br \/>\n&#8211; \u2605 \u00c9CLAIRAGE LED POUR UNE AMBIANCE COSY \u2605 Ce parasol inclinable est \u00e9quip\u00e9 de 24 petites ampoules LED diss\u00e9min\u00e9es sur les 8 baleines. Il convient de mentionner que ces \u00e9clairages \u00e0 LED sont aliment\u00e9s par l&#8217;\u00e9nergie solaire, ce qui est tr\u00e8s \u00e9cologique et permet d&#8217;\u00e9conomiser de l&#8217;\u00e9nergie par la m\u00eame occasion. L&#8217;\u00e9clairage LED \u00e9met une lumi\u00e8re douce qui cr\u00e9e une atmosph\u00e8re confortable la nuit.<br \/>\n&#8211; \u2605 SYST\u00c8ME DE MANIVELLE ET D&#8217;INCLINAISON \u2605 Avec le syst\u00e8me de manivelle, vous pouvez ouvrir et fermer le parasol Led sans effort. Le syst\u00e8me d&#8217;inclinaison vous permet \u00e9galement de r\u00e9gler l&#8217;angle du parapluie feux de signalisation en fonction de vos besoins pour obtenir la meilleure ombre. Un bouton se trouve \u00e0 c\u00f4t\u00e9 de la manivelle pour allumer ou \u00e9teindre les ampoules.<br \/>\n&#8211; \u2605 STRUCTURE ROBUSTE \u2605 Fabriqu\u00e9 en polyester de haute qualit\u00e9, le parasol est tr\u00e8s solide et durable. Avec 8 tubes de fer robustes pour le support, ce parasol est tr\u00e8s stable et peut tr\u00e8s bien r\u00e9sister au vent. Le parasol droit inclinable de 3m en diamete vous couvre contre les effets du soleil.<br \/>\n&#8211; \u2605 PARFAIT POUR N&#8217;IMPORTE QUELLE ZONE \u2605 Ce parasol vous offre une zone ombrag\u00e9e confortable, vous pourrez ainsi profiter de vos moments de d\u00e9tente en ext\u00e9rieur sous ce grand parasol. Gr\u00e2ce \u00e0 sa belle apparence, ce parasol convient aux jardins, balcons, terrasses, piscines, caf\u00e9s, etc.<\/p>\n","protected":false},"excerpt":{"rendered":"<p>publicit\u00e9RELAX4LIFE Parasol Inclinable LED Dia.3M avec \u00c9clairage Solaire, 8 Baleines, Inclinaison R\u00e9glables Parasol de Jardin Ext\u00e9rieur pour Balcon Terrasse Patio Caf\u00e9 Bistro (\u03a6300x250cm,Gris)<\/p>\n","protected":false},"featured_media":35235,"comment_status":"open","ping_status":"closed","template":"","meta":[],"product_cat":[15],"product_tag":[],"class_list":{"0":"post-35236","1":"product","2":"type-product","3":"status-publish","4":"has-post-thumbnail","6":"product_cat-sin-categorizar","7":"nodate","8":"item-wrap","10":"first","11":"instock","12":"shipping-taxable","13":"product-type-external"},"_links":{"self":[{"href":"https:\/\/lofimusic.com.es\/index.php\/wp-json\/wp\/v2\/product\/35236","targetHints":{"allow":["GET"]}}],"collection":[{"href":"https:\/\/lofimusic.com.es\/index.php\/wp-json\/wp\/v2\/product"}],"about":[{"href":"https:\/\/lofimusic.com.es\/index.php\/wp-json\/wp\/v2\/types\/product"}],"replies":[{"embeddable":true,"href":"https:\/\/lofimusic.com.es\/index.php\/wp-json\/wp\/v2\/comments?post=35236"}],"wp:featuredmedia":[{"embeddable":true,"href":"https:\/\/lofimusic.com.es\/index.php\/wp-json\/wp\/v2\/media\/35235"}],"wp:attachment":[{"href":"https:\/\/lofimusic.com.es\/index.php\/wp-json\/wp\/v2\/media?parent=35236"}],"wp:term":[{"taxonomy":"product_cat","embeddable":true,"href":"https:\/\/lofimusic.com.es\/index.php\/wp-json\/wp\/v2\/product_cat?post=35236"},{"taxonomy":"product_tag","embeddable":true,"href":"https:\/\/lofimusic.com.es\/index.php\/wp-json\/wp\/v2\/product_tag?post=35236"}],"curies":[{"name":"wp","href":"https:\/\/api.w.org\/{rel}","templated":true}]}}