{"id":35234,"date":"2026-04-14T19:04:09","date_gmt":"2026-04-14T19:04:09","guid":{"rendered":"https:\/\/lofimusic.com.es\/index.php\/producto\/b0fc2bd94m_fr\/"},"modified":"2026-04-14T19:04:09","modified_gmt":"2026-04-14T19:04:09","slug":"b0fc2bd94m_fr","status":"publish","type":"product","link":"https:\/\/lofimusic.com.es\/index.php\/producto\/b0fc2bd94m_fr\/","title":{"rendered":"B0FC2BD94M_FR"},"content":{"rendered":"<p>&#8211; MONTAGE RAPIDE : L&#8217;installation se fait en 3 \u00e9tapes simples. D\u00e9pliez la structure m\u00e9tallique, attachez la toile du haut et ajustez la hauteur. Cette tonnelle pliante vous permet d&#8217;\u00eatre pr\u00eat en peu de temps. Pour allonger sa dur\u00e9e de vie, veuillez ne pas l\u2019utiliser par mauvais temps.<br \/>\n&#8211; D\u00c9PLOIEMENT IMM\u00c9DIAT : Cette tonnelle 2&#215;2 pop-up utilise une technologie de pliage instantan\u00e9, id\u00e9ale pour des sorties impromptues \u00e0 la plage, des r\u00e9unions au jardin ou tout \u00e9v\u00e9nement en ext\u00e9rieur. Installez rapidement un abri solaire pour profiter de moments de d\u00e9tente en plein air.<br \/>\n&#8211; FACILE \u00c0 TRANSPORTER : Gr\u00e2ce \u00e0 un poids l\u00e9ger et \u00e0 un sac de transport, la tonnelle pliante est facile \u00e0 d\u00e9placer. Pli\u00e9e dans une taille compacte de 121x20x20 cm, la tonnelle se range facilement dans une coffre de voiture pour vous accomagner \u00e0 la plage, au parc ou au patio.<br \/>\n&#8211; SUPPORT STABLE : Dot\u00e9e d&#8217;une structure m\u00e9tallique enduite de poudre, cette petite tonnelle de jardin ext\u00e9rieur est id\u00e9ale pour une utilisation \u00e0 long terme. Avec 8 piquets de sol et 4 cordes \u00e0 vent, la tonnelle reste stable par vent l\u00e9ger, vous permettant de profiter de l&#8217;ext\u00e9rieur sans souci.<br \/>\n&#8211; AJUSTEMENT MULTIFONCTIONNEL : La hauteur du barnum pliant peut \u00eatre ajust\u00e9e de 220 cm \u00e0 240 cm, parfaite pour surveiller les jeux des enfants, pique-niquer ou organiser des f\u00eates. Ajustez facilement la hauteur selon le d\u00e9placement du soleil, garantissant le confort de l&#8217;aube au cr\u00e9puscule.<\/p>\n","protected":false},"excerpt":{"rendered":"<p>publicit\u00e9RELAX4LIFE Tonnelle Pliante 2&#215;2 M Pop-up, Barnum Pliant Facile \u00e0 Monter pour Camping\/Jardin\/Terrasse, Gazebo 2&#215;2 avec Sac de Transport, Hauteur R\u00e9glable, Piquets &amp; Cordes Inclus, Gris<\/p>\n","protected":false},"featured_media":35233,"comment_status":"open","ping_status":"closed","template":"","meta":[],"product_cat":[15],"product_tag":[],"class_list":{"0":"post-35234","1":"product","2":"type-product","3":"status-publish","4":"has-post-thumbnail","6":"product_cat-sin-categorizar","7":"nodate","8":"item-wrap","10":"first","11":"instock","12":"shipping-taxable","13":"product-type-external"},"_links":{"self":[{"href":"https:\/\/lofimusic.com.es\/index.php\/wp-json\/wp\/v2\/product\/35234","targetHints":{"allow":["GET"]}}],"collection":[{"href":"https:\/\/lofimusic.com.es\/index.php\/wp-json\/wp\/v2\/product"}],"about":[{"href":"https:\/\/lofimusic.com.es\/index.php\/wp-json\/wp\/v2\/types\/product"}],"replies":[{"embeddable":true,"href":"https:\/\/lofimusic.com.es\/index.php\/wp-json\/wp\/v2\/comments?post=35234"}],"wp:featuredmedia":[{"embeddable":true,"href":"https:\/\/lofimusic.com.es\/index.php\/wp-json\/wp\/v2\/media\/35233"}],"wp:attachment":[{"href":"https:\/\/lofimusic.com.es\/index.php\/wp-json\/wp\/v2\/media?parent=35234"}],"wp:term":[{"taxonomy":"product_cat","embeddable":true,"href":"https:\/\/lofimusic.com.es\/index.php\/wp-json\/wp\/v2\/product_cat?post=35234"},{"taxonomy":"product_tag","embeddable":true,"href":"https:\/\/lofimusic.com.es\/index.php\/wp-json\/wp\/v2\/product_tag?post=35234"}],"curies":[{"name":"wp","href":"https:\/\/api.w.org\/{rel}","templated":true}]}}