{"id":35226,"date":"2026-04-14T18:53:37","date_gmt":"2026-04-14T18:53:37","guid":{"rendered":"https:\/\/lofimusic.com.es\/index.php\/producto\/b0fwy297nx_fr\/"},"modified":"2026-04-14T18:53:37","modified_gmt":"2026-04-14T18:53:37","slug":"b0fwy297nx_fr","status":"publish","type":"product","link":"https:\/\/lofimusic.com.es\/index.php\/producto\/b0fwy297nx_fr\/","title":{"rendered":"B0FWY297NX_FR"},"content":{"rendered":"<p>&#8211; \ud83d\ude34 AM\u00c9LIORE LA RESPIRATION ET LE SOMMEIL : Favorise la respiration nasale naturelle pendant la nuit, r\u00e9duit les ronflements et am\u00e9liore l\u2019oxyg\u00e9nation. R\u00e9veillez-vous avec plus d\u2019\u00e9nergie, de vitalit\u00e9 et de bien-\u00eatre.<br \/>\n&#8211; \ud83d\udca4 FINI LES RONFLEMENTS ET LA BOUCHE S\u00c8CHE : Nos patchs buccaux maintiennent la bouche ferm\u00e9e en toute s\u00e9curit\u00e9, \u00e9vitent la s\u00e9cheresse buccale et les bruits g\u00eanants. Cr\u00e9ez un environnement de sommeil plus calme et plus sain pour vous et votre partenaire.<br \/>\n&#8211; \ud83d\udd12 ADH\u00c9SIF RENFORC\u00c9 QUI NE SE D\u00c9COLLE PAS : Con\u00e7u pour offrir une fixation extra forte et durable, m\u00eame en cas de transpiration ou de mouvements. Reste bien en place toute la nuit et se retire facilement, sans douleur et sans r\u00e9sidus.<br \/>\n&#8211; \ud83c\udf3f MAT\u00c9RIAU HYPOALLERG\u00c9NIQUE ET RESPIRANT : Tissu m\u00e9dical doux, sans irritations ni allergies. Convient aux peaux sensibles ainsi qu\u2019\u00e0 la peau et \u00e0 la barbe. Ne laisse aucune trace ni sensation collante apr\u00e8s l\u2019utilisation.<br \/>\n&#8211; \ud83e\ude75 AJUSTEMENT UNIVERSEL ET CONFORT MAXIMAL : Design flexible qui s\u2019adapte \u00e0 toutes les formes de visage et de l\u00e8vres. Fin, \u00e9lastique et agr\u00e9able \u2013 ne tire pas et ne g\u00eane pas pendant le sommeil.<br \/>\n&#8211; \ud83c\udf19 SOMMEIL PROFOND ET R\u00c9PARATEUR : Favorise un cycle de sommeil r\u00e9gulier et r\u00e9cup\u00e9rateur. D\u00e9velopp\u00e9 selon les normes m\u00e9dicales europ\u00e9ennes, hypoallerg\u00e9nique, sans latex et sans BPA. Qualit\u00e9 et confiance Haslom.<br \/>\n&#8211; \ud83d\udc69\u200d\ud83d\udcbb Service apr\u00e8s-vente \u2b50\ufe0f\u2b50\ufe0f\u2b50\ufe0f\u2b50\ufe0f\u2b50\ufe0f : Si le produit pr\u00e9sente un probl\u00e8me de qualit\u00e9, nous le r\u00e9solvons sous 24 h. Vos retours constructifs nous aident \u00e0 am\u00e9liorer notre produit.<\/p>\n","protected":false},"excerpt":{"rendered":"<p>publicit\u00e9Haslom\u00ae 50 Mouth Tape for sleeping, bande buccale pour dormir, anti-ronflement, scotch bouche sommeil, hypoallerg\u00e9niques, avec adh\u00e9sif extra r\u00e9sistant et doux pour peau et barbe, taille universelle<\/p>\n","protected":false},"featured_media":35225,"comment_status":"open","ping_status":"closed","template":"","meta":[],"product_cat":[15],"product_tag":[],"class_list":{"0":"post-35226","1":"product","2":"type-product","3":"status-publish","4":"has-post-thumbnail","6":"product_cat-sin-categorizar","7":"nodate","8":"item-wrap","10":"first","11":"instock","12":"shipping-taxable","13":"product-type-external"},"_links":{"self":[{"href":"https:\/\/lofimusic.com.es\/index.php\/wp-json\/wp\/v2\/product\/35226","targetHints":{"allow":["GET"]}}],"collection":[{"href":"https:\/\/lofimusic.com.es\/index.php\/wp-json\/wp\/v2\/product"}],"about":[{"href":"https:\/\/lofimusic.com.es\/index.php\/wp-json\/wp\/v2\/types\/product"}],"replies":[{"embeddable":true,"href":"https:\/\/lofimusic.com.es\/index.php\/wp-json\/wp\/v2\/comments?post=35226"}],"wp:featuredmedia":[{"embeddable":true,"href":"https:\/\/lofimusic.com.es\/index.php\/wp-json\/wp\/v2\/media\/35225"}],"wp:attachment":[{"href":"https:\/\/lofimusic.com.es\/index.php\/wp-json\/wp\/v2\/media?parent=35226"}],"wp:term":[{"taxonomy":"product_cat","embeddable":true,"href":"https:\/\/lofimusic.com.es\/index.php\/wp-json\/wp\/v2\/product_cat?post=35226"},{"taxonomy":"product_tag","embeddable":true,"href":"https:\/\/lofimusic.com.es\/index.php\/wp-json\/wp\/v2\/product_tag?post=35226"}],"curies":[{"name":"wp","href":"https:\/\/api.w.org\/{rel}","templated":true}]}}