{"id":35220,"date":"2026-04-14T12:56:37","date_gmt":"2026-04-14T12:56:37","guid":{"rendered":"https:\/\/lofimusic.com.es\/index.php\/producto\/b0fsj854rh_de\/"},"modified":"2026-04-14T12:56:37","modified_gmt":"2026-04-14T12:56:37","slug":"b0fsj854rh_de","status":"publish","type":"product","link":"https:\/\/lofimusic.com.es\/index.php\/producto\/b0fsj854rh_de\/","title":{"rendered":"B0FSJ854RH_DE"},"content":{"rendered":"<p>&#8211; Mit einzeln versiegelter Verpackung f\u00fcr bequemes Mitnehmen und Aufbewahren, geeignet f\u00fcr den t\u00e4glichen Gebrauch oder zum Mitnehmen auf Reisen.<br \/>\n&#8211; Die leichte und flexible Textur erm\u00f6glicht eine nat\u00fcrliche Haftung an den Zahnoberfl\u00e4chen, ohne dass beim Auftragen ein Fremdk\u00f6rpergef\u00fchl zu sp\u00fcren ist, was den Komfort w\u00e4hrend der Anwendung erh\u00f6ht.<br \/>\n&#8211; Entnehmen Sie einen Streifen, bringen Sie ihn auf der Vorderseite der Z\u00e4hne an, lassen Sie ihn eine Weile einwirken und entfernen Sie ihn dann. Es ist kein zus\u00e4tzliches Sp\u00fclen erforderlich.<br \/>\n&#8211; Geeignet f\u00fcr alle, die das Aussehen ihrer Z\u00e4hne im Alltag pflegen und ihren nat\u00fcrlichen Zustand erhalten m\u00f6chten. F\u00fcr den Gebrauch zu Hause oder auf Reisen.<br \/>\n&#8211; Mit seinem neutralen Design es sich gut in die K\u00f6rperpflege-Routine erwachsener Anwender ein und l\u00e4sst sich leicht in die morgendliche und abendliche Pflege integrieren.<\/p>\n","protected":false},"excerpt":{"rendered":"<p>Werbung<br \/>\n28 St\u00fcck Zahnaufhellung Strips,Whitening Strips Bleaching Stripes,Zahnaufhellungsstreifen,Bleaching Z\u00e4hne,Z\u00e4hne Aufhellen,Zahnflecken entfernen,wei\u00dfe z\u00e4hne zu hause f\u00fcr 14 Anwendungen<\/p>\n","protected":false},"featured_media":35219,"comment_status":"open","ping_status":"closed","template":"","meta":[],"product_cat":[15],"product_tag":[],"class_list":{"0":"post-35220","1":"product","2":"type-product","3":"status-publish","4":"has-post-thumbnail","6":"product_cat-sin-categorizar","7":"nodate","8":"item-wrap","10":"first","11":"instock","12":"shipping-taxable","13":"product-type-external"},"_links":{"self":[{"href":"https:\/\/lofimusic.com.es\/index.php\/wp-json\/wp\/v2\/product\/35220","targetHints":{"allow":["GET"]}}],"collection":[{"href":"https:\/\/lofimusic.com.es\/index.php\/wp-json\/wp\/v2\/product"}],"about":[{"href":"https:\/\/lofimusic.com.es\/index.php\/wp-json\/wp\/v2\/types\/product"}],"replies":[{"embeddable":true,"href":"https:\/\/lofimusic.com.es\/index.php\/wp-json\/wp\/v2\/comments?post=35220"}],"wp:featuredmedia":[{"embeddable":true,"href":"https:\/\/lofimusic.com.es\/index.php\/wp-json\/wp\/v2\/media\/35219"}],"wp:attachment":[{"href":"https:\/\/lofimusic.com.es\/index.php\/wp-json\/wp\/v2\/media?parent=35220"}],"wp:term":[{"taxonomy":"product_cat","embeddable":true,"href":"https:\/\/lofimusic.com.es\/index.php\/wp-json\/wp\/v2\/product_cat?post=35220"},{"taxonomy":"product_tag","embeddable":true,"href":"https:\/\/lofimusic.com.es\/index.php\/wp-json\/wp\/v2\/product_tag?post=35220"}],"curies":[{"name":"wp","href":"https:\/\/api.w.org\/{rel}","templated":true}]}}