{"id":35218,"date":"2026-04-14T09:44:41","date_gmt":"2026-04-14T09:44:41","guid":{"rendered":"https:\/\/lofimusic.com.es\/index.php\/producto\/b0gmrgzg4s_fr-2\/"},"modified":"2026-04-14T09:44:41","modified_gmt":"2026-04-14T09:44:41","slug":"b0gmrgzg4s_fr-2","status":"publish","type":"product","link":"https:\/\/lofimusic.com.es\/index.php\/producto\/b0gmrgzg4s_fr-2\/","title":{"rendered":"B0GMRGZG4S_FR"},"content":{"rendered":"<p>&#8211; SOUTIEN ARTICULAIRE ET MOBILIT\u00c9 Redonnez \u00e0 votre chien l&#8217;envie de courir ! Notre formule WOTPUP est le compl\u00e9ment alimentaire chien id\u00e9al pour r\u00e9g\u00e9n\u00e9rer le cartilage. Gr\u00e2ce \u00e0 la Glucosamine et \u00e0 la Chondro\u00eftine, il pr\u00e9vient la raideur chez les chiots en croissance et soutient les chiens seniors ayant des difficult\u00e9s de mouvement.<br \/>\n&#8211; ACTION NATURELLE : HARPAGOPHYTUM &amp; MSM Soulagement naturel contre l&#8217;arthrose chien e les douleurs articulaires. Enrichi en Harpagophytum (Griffe du Diable) et MSM, ce soin apaise les inflammations sans additifs chimiques. Une solution efficace pour la gestion de la dysplasie e des probl\u00e8mes de ligaments pour une articulation chien saine.<br \/>\n&#8211; CHONDROPROTECTEURS HAUTE QUALIT\u00c9 Lubrifiez et prot\u00e9gez les tissus conjonctifs. Notre m\u00e9lange de Glucosamine et MSM maintient la flexibilit\u00e9 des hanches, des genoux et de la colonne vert\u00e9brale. Ce complexe pour articulations chien offre une protection durable contre l&#8217;usure quotidienne e le vieillissement cellulaire.<br \/>\n&#8211; 120 COMPRIM\u00c9S APP\u00c9TENTS ET S\u00c9CABLES Fini le stress ! Nos comprim\u00e9s en forme d&#8217;os sont savoureux et agissent comme une friandise. Avec 120 unit\u00e9s, profitez d&#8217;une cure longue dur\u00e9e. Posologie simple : 1 comprim\u00e9 par 10kg. Les comprim\u00e9s sont s\u00e9cables (ex: 1\/2 pour 5kg) pour un dosage pr\u00e9cis et facile au quotidien.<br \/>\n&#8211; EXCELLENCE MADE IN ITALY ET S\u00c9CURIT\u00c9 Qualit\u00e9 premium garantie. Produit dans des laboratoires italiens certifi\u00e9s, notre suppl\u00e9ment est sans OGM et sans c\u00e9r\u00e9ales. Sa haute biodisponibilit\u00e9 assure une absorption maximale des actifs. Un choix s\u00fbr e fiable pour offrir \u00e0 votre animal une vie active et sans douleur.<\/p>\n","protected":false},"excerpt":{"rendered":"<p>publicit\u00e9WOTPUP\u00a9 Soutien Articulaire Chiens &amp; Chats &#8211; Formul\u00e9 par des V\u00e9t\u00e9rinaires &#8211; 120 Comprim\u00e9s en Forme d\u2019Os &#8211; Anti-arthrose, Souplesse &amp; Confort du Cartilage &#8211; Glucosamine &amp; Chondro\u00eftine<\/p>\n","protected":false},"featured_media":35217,"comment_status":"open","ping_status":"closed","template":"","meta":[],"product_cat":[15],"product_tag":[],"class_list":{"0":"post-35218","1":"product","2":"type-product","3":"status-publish","4":"has-post-thumbnail","6":"product_cat-sin-categorizar","7":"nodate","8":"item-wrap","10":"first","11":"instock","12":"shipping-taxable","13":"product-type-external"},"_links":{"self":[{"href":"https:\/\/lofimusic.com.es\/index.php\/wp-json\/wp\/v2\/product\/35218","targetHints":{"allow":["GET"]}}],"collection":[{"href":"https:\/\/lofimusic.com.es\/index.php\/wp-json\/wp\/v2\/product"}],"about":[{"href":"https:\/\/lofimusic.com.es\/index.php\/wp-json\/wp\/v2\/types\/product"}],"replies":[{"embeddable":true,"href":"https:\/\/lofimusic.com.es\/index.php\/wp-json\/wp\/v2\/comments?post=35218"}],"wp:featuredmedia":[{"embeddable":true,"href":"https:\/\/lofimusic.com.es\/index.php\/wp-json\/wp\/v2\/media\/35217"}],"wp:attachment":[{"href":"https:\/\/lofimusic.com.es\/index.php\/wp-json\/wp\/v2\/media?parent=35218"}],"wp:term":[{"taxonomy":"product_cat","embeddable":true,"href":"https:\/\/lofimusic.com.es\/index.php\/wp-json\/wp\/v2\/product_cat?post=35218"},{"taxonomy":"product_tag","embeddable":true,"href":"https:\/\/lofimusic.com.es\/index.php\/wp-json\/wp\/v2\/product_tag?post=35218"}],"curies":[{"name":"wp","href":"https:\/\/api.w.org\/{rel}","templated":true}]}}