{"id":35216,"date":"2026-04-14T09:26:36","date_gmt":"2026-04-14T09:26:36","guid":{"rendered":"https:\/\/lofimusic.com.es\/index.php\/producto\/b0fl7fr65q_it-2\/"},"modified":"2026-04-14T09:26:36","modified_gmt":"2026-04-14T09:26:36","slug":"b0fl7fr65q_it-2","status":"publish","type":"product","link":"https:\/\/lofimusic.com.es\/index.php\/producto\/b0fl7fr65q_it-2\/","title":{"rendered":"B0FL7FR65Q_IT"},"content":{"rendered":"<p>&#8211; VKE Piattaforma da Lavoro 38 \u00d7 26 \u00d7 17.5 CM in Lamiera Zincata, 500 KG Portata, Trabattello Portatile, Piedini Antiscivolo, Tavolo da Lavoro Pieghevole ,con 4 Ruote Universali<\/p>\n","protected":false},"excerpt":{"rendered":"<p>pubblicit\u00e0VKE Piattaforma da Lavoro 38 \u00d7 26 \u00d7 17.5 CM in Lamiera Zincata, 500 KG Portata, Trabattello Portatile, Piedini Antiscivolo, Tavolo da Lavoro Pieghevole,con 4 Ruote Universali<\/p>\n","protected":false},"featured_media":35214,"comment_status":"open","ping_status":"closed","template":"","meta":[],"product_cat":[15],"product_tag":[],"class_list":{"0":"post-35216","1":"product","2":"type-product","3":"status-publish","4":"has-post-thumbnail","6":"product_cat-sin-categorizar","7":"nodate","8":"item-wrap","10":"first","11":"instock","12":"shipping-taxable","13":"product-type-external"},"_links":{"self":[{"href":"https:\/\/lofimusic.com.es\/index.php\/wp-json\/wp\/v2\/product\/35216","targetHints":{"allow":["GET"]}}],"collection":[{"href":"https:\/\/lofimusic.com.es\/index.php\/wp-json\/wp\/v2\/product"}],"about":[{"href":"https:\/\/lofimusic.com.es\/index.php\/wp-json\/wp\/v2\/types\/product"}],"replies":[{"embeddable":true,"href":"https:\/\/lofimusic.com.es\/index.php\/wp-json\/wp\/v2\/comments?post=35216"}],"wp:featuredmedia":[{"embeddable":true,"href":"https:\/\/lofimusic.com.es\/index.php\/wp-json\/wp\/v2\/media\/35214"}],"wp:attachment":[{"href":"https:\/\/lofimusic.com.es\/index.php\/wp-json\/wp\/v2\/media?parent=35216"}],"wp:term":[{"taxonomy":"product_cat","embeddable":true,"href":"https:\/\/lofimusic.com.es\/index.php\/wp-json\/wp\/v2\/product_cat?post=35216"},{"taxonomy":"product_tag","embeddable":true,"href":"https:\/\/lofimusic.com.es\/index.php\/wp-json\/wp\/v2\/product_tag?post=35216"}],"curies":[{"name":"wp","href":"https:\/\/api.w.org\/{rel}","templated":true}]}}