{"id":35212,"date":"2026-04-13T21:53:19","date_gmt":"2026-04-13T21:53:19","guid":{"rendered":"https:\/\/lofimusic.com.es\/index.php\/producto\/b0djl13v61_fr-2\/"},"modified":"2026-04-13T21:53:19","modified_gmt":"2026-04-13T21:53:19","slug":"b0djl13v61_fr-2","status":"publish","type":"product","link":"https:\/\/lofimusic.com.es\/index.php\/producto\/b0djl13v61_fr-2\/","title":{"rendered":"B0DJL13V61_FR"},"content":{"rendered":"<p>&#8211; Probiotique flore intime pour femme : LACTOINTIMA r\u00e9tablit l&#8217;\u00e9quilibre de la flore vaginale gr\u00e2ce au Lactobacillus rhamnosus et \u00e0 d&#8217;autres probiotiques, en apaisant les sensations de br\u00fblure intime et en prot\u00e9geant contre les inconforts vaginaux vari\u00e9s.<br \/>\n&#8211; Probiotique flore vaginale : Sa formule contient du Lactobacillus crispatus, id\u00e9al pour le bien-\u00eatre intime, imitant l&#8217;effet des ovules pour vaginose bact\u00e9rienne.<br \/>\n&#8211; Optimise l&#8217;\u00e9quilibre de la flore vaginale : LACTOINTIMA, tout comme les ovules vaginaux, inclut des probiotiques sp\u00e9cifiques pour maintenir la flore intime et pr\u00e9venir les infections r\u00e9currentes g\u00eanantes.<br \/>\n&#8211; Probiotique contre la mycose vaginale : Avec un complexe de probiotiques sp\u00e9cialement con\u00e7u pour les femmes, LACTOINTIMA agit contre les mycoses vaginales, prot\u00e8ge la flore intime et soulage les sympt\u00f4mes d\u00e9sagr\u00e9ables comme les br\u00fblures et les d\u00e9mangeaisons.<br \/>\n&#8211; Haute qualit\u00e9 italienne : LACTOINTIMA est un compl\u00e9ment alimentaire \u00e0 haute concentration en principes actifs, enti\u00e8rement con\u00e7u et fabriqu\u00e9 en Italie.<\/p>\n","protected":false},"excerpt":{"rendered":"<p>publicit\u00e9Probiotique Flore Intime, Utile en cas de: Mycose Vaginose et Vaginose Bact\u00e9rienne. Probiotique Dosage \u00c9lev\u00e9 avec Lactobacillus Reuteri, Rhamnosus, Crispatus et Acidophilus. 30 Capsules<\/p>\n","protected":false},"featured_media":35211,"comment_status":"open","ping_status":"closed","template":"","meta":[],"product_cat":[15],"product_tag":[],"class_list":{"0":"post-35212","1":"product","2":"type-product","3":"status-publish","4":"has-post-thumbnail","6":"product_cat-sin-categorizar","7":"nodate","8":"item-wrap","10":"first","11":"instock","12":"shipping-taxable","13":"product-type-external"},"_links":{"self":[{"href":"https:\/\/lofimusic.com.es\/index.php\/wp-json\/wp\/v2\/product\/35212","targetHints":{"allow":["GET"]}}],"collection":[{"href":"https:\/\/lofimusic.com.es\/index.php\/wp-json\/wp\/v2\/product"}],"about":[{"href":"https:\/\/lofimusic.com.es\/index.php\/wp-json\/wp\/v2\/types\/product"}],"replies":[{"embeddable":true,"href":"https:\/\/lofimusic.com.es\/index.php\/wp-json\/wp\/v2\/comments?post=35212"}],"wp:featuredmedia":[{"embeddable":true,"href":"https:\/\/lofimusic.com.es\/index.php\/wp-json\/wp\/v2\/media\/35211"}],"wp:attachment":[{"href":"https:\/\/lofimusic.com.es\/index.php\/wp-json\/wp\/v2\/media?parent=35212"}],"wp:term":[{"taxonomy":"product_cat","embeddable":true,"href":"https:\/\/lofimusic.com.es\/index.php\/wp-json\/wp\/v2\/product_cat?post=35212"},{"taxonomy":"product_tag","embeddable":true,"href":"https:\/\/lofimusic.com.es\/index.php\/wp-json\/wp\/v2\/product_tag?post=35212"}],"curies":[{"name":"wp","href":"https:\/\/api.w.org\/{rel}","templated":true}]}}