{"id":35210,"date":"2026-04-13T19:50:23","date_gmt":"2026-04-13T19:50:23","guid":{"rendered":"https:\/\/lofimusic.com.es\/index.php\/producto\/b0dgpq88fq_de\/"},"modified":"2026-04-13T19:50:23","modified_gmt":"2026-04-13T19:50:23","slug":"b0dgpq88fq_de","status":"publish","type":"product","link":"https:\/\/lofimusic.com.es\/index.php\/producto\/b0dgpq88fq_de\/","title":{"rendered":"B0DGPQ88FQ_DE"},"content":{"rendered":"<p>&#8211; Das Paket enth\u00e4lt zehn Paar transparente Silikon-Nasenpads f\u00fcr Brillen, die weich und bequem sind und deren Menge f\u00fcr Ihren t\u00e4glichen Ersatz ausreicht.<br \/>\n&#8211; Reduzieren Sie die Belastung des Nasenr\u00fcckens, verhindern Sie wirksam ein Verrutschen, sorgen Sie daf\u00fcr, dass die Brille bequemer zu tragen ist, nicht leicht herunterf\u00e4llt, weich und bequem ist und entlasten Sie den Nasenr\u00fccken.<br \/>\n&#8211; Einfach zu verwenden: Einfach abziehen und auf die Nasenpads Ihrer Brille kleben. H\u00e4lt Ihre Brille sicher an Ort und Stelle und rutscht nicht so leicht ab.<br \/>\n&#8211; Die Silikon-Nasenpads erh\u00f6hen nicht nur die H\u00f6he f\u00fcr eine bessere Passform, sondern bieten auch Anti-Rutsch-Funktion f\u00fcr langanhaltenden Halt.<br \/>\n&#8211; Die Dicke betr\u00e4gt 1 mm und ist somit universell passend f\u00fcr die meisten Brillen wie Brillen, Sonnenbrillen, Brillen und mehr.<\/p>\n","protected":false},"excerpt":{"rendered":"<p>Werbung<br \/>\nKMKANPO 10 Paar 1mm Silikon Nasenpads Antirutsch Brillenpads, Selbstklebend, F\u00fcr Brillen Und Sonnenbrillen(Transparent)<\/p>\n","protected":false},"featured_media":35209,"comment_status":"open","ping_status":"closed","template":"","meta":[],"product_cat":[15],"product_tag":[],"class_list":{"0":"post-35210","1":"product","2":"type-product","3":"status-publish","4":"has-post-thumbnail","6":"product_cat-sin-categorizar","7":"nodate","8":"item-wrap","10":"first","11":"instock","12":"shipping-taxable","13":"product-type-external"},"_links":{"self":[{"href":"https:\/\/lofimusic.com.es\/index.php\/wp-json\/wp\/v2\/product\/35210","targetHints":{"allow":["GET"]}}],"collection":[{"href":"https:\/\/lofimusic.com.es\/index.php\/wp-json\/wp\/v2\/product"}],"about":[{"href":"https:\/\/lofimusic.com.es\/index.php\/wp-json\/wp\/v2\/types\/product"}],"replies":[{"embeddable":true,"href":"https:\/\/lofimusic.com.es\/index.php\/wp-json\/wp\/v2\/comments?post=35210"}],"wp:featuredmedia":[{"embeddable":true,"href":"https:\/\/lofimusic.com.es\/index.php\/wp-json\/wp\/v2\/media\/35209"}],"wp:attachment":[{"href":"https:\/\/lofimusic.com.es\/index.php\/wp-json\/wp\/v2\/media?parent=35210"}],"wp:term":[{"taxonomy":"product_cat","embeddable":true,"href":"https:\/\/lofimusic.com.es\/index.php\/wp-json\/wp\/v2\/product_cat?post=35210"},{"taxonomy":"product_tag","embeddable":true,"href":"https:\/\/lofimusic.com.es\/index.php\/wp-json\/wp\/v2\/product_tag?post=35210"}],"curies":[{"name":"wp","href":"https:\/\/api.w.org\/{rel}","templated":true}]}}