{"id":35190,"date":"2026-04-13T07:46:40","date_gmt":"2026-04-13T07:46:40","guid":{"rendered":"https:\/\/lofimusic.com.es\/index.php\/producto\/b0g13188vq_fr\/"},"modified":"2026-04-13T07:46:40","modified_gmt":"2026-04-13T07:46:40","slug":"b0g13188vq_fr","status":"publish","type":"product","link":"https:\/\/lofimusic.com.es\/index.php\/producto\/b0g13188vq_fr\/","title":{"rendered":"B0G13188VQ_FR"},"content":{"rendered":"<p>&#8211; \u3010ALIMENTATION SOLAIRE ET \u00c9TANCHE\u3011 Le r\u00e9pulsif est \u00e9quip\u00e9 d&#8217;un panneau solaire sur sa partie sup\u00e9rieure et peut \u00eatre recharg\u00e9 \u00e0 l&#8217;\u00e9nergie solaire. Sa conception \u00e9tanche permet \u00e0 l&#8217;appareil de r\u00e9sister \u00e0 la pluie, \u00e0 la neige, \u00e0 la glace et au vent. La recharge \u00e0 l&#8217;\u00e9nergie solaire est un moyen \u00e9conomique et \u00e9cologique qui vous permettra \u00e9galement de r\u00e9aliser d&#8217;importantes \u00e9conomies.<br \/>\n&#8211; \u3010R\u00c9PULSIF \u00c0 ULTRASONS POUR CHATS\u3011Le puissant ultrason dissuasif pour renards, associ\u00e9 \u00e0 un flash puissant, chasse de mani\u00e8re humaine les animaux sauvages ind\u00e9sirables (chiens, chats, renards, oiseaux, \u00e9cureuils, rongeurs, certains insectes) et prot\u00e8ge votre jardin contre toute perturbation.<br \/>\n&#8211; \u3010EFFICACE ET EFFICACE POUR CHASSER LES ANIMAUX\u3011 Le r\u00e9pulsif \u00e0 ultrasons pour animaux est \u00e9quip\u00e9 d&#8217;un syst\u00e8me de d\u00e9tection de mouvement int\u00e9gr\u00e9, qui peut d\u00e9tecter les mouvements et \u00e9mettre de puissants ultrasons, rendant les animaux mal \u00e0 l&#8217;aise afin de les chasser de mani\u00e8re humaine, sans causer aucun dommage au corps humain. Pas de pi\u00e8ges, pas d&#8217;animaux morts.<br \/>\n&#8211; \u3010ZONE DE D\u00c9TECTION PLUS LARGE\u3011 Le capteur de mouvement infrarouge PIR a un angle allant jusqu&#8217;\u00e0 50 degr\u00e9s et une port\u00e9e de d\u00e9tection allant jusqu&#8217;\u00e0 8 m\u00e8tres. La zone de d\u00e9tection peut atteindre 230 m\u00e8tres carr\u00e9s. D\u00e9barrassez-vous des excr\u00e9ments d&#8217;animaux, de la destruction de nourriture, du bruit et des empreintes en seulement 1 \u00e0 2 semaines.<br \/>\n&#8211; \u3010CONSEIL\u3011Si vous allumez le r\u00e9pulsif \u00e0 capteur pour chats d\u00e8s sa r\u00e9ception, il ne r\u00e9agit pas. Veuillez le charger au soleil pendant environ 2 heures et il fonctionnera. Si vous rencontrez un probl\u00e8me avec le produit, n&#8217;h\u00e9sitez pas \u00e0 nous contacter, notre service client\u00e8le vous r\u00e9pondra dans les 24 heures.<\/p>\n","protected":false},"excerpt":{"rendered":"<p>publicit\u00e9R\u00e9pulsif pour Chats, 2025 Nouveau r\u00e9pulsif \u00e0 ultrasons \u00e0 \u00e9nergie Solaire, \u00e9tanche IP66, fr\u00e9quence r\u00e9glable, adapt\u00e9 aux Pigeons, Oiseaux, Chiens, Rats, Renards<\/p>\n","protected":false},"featured_media":35189,"comment_status":"open","ping_status":"closed","template":"","meta":[],"product_cat":[15],"product_tag":[],"class_list":{"0":"post-35190","1":"product","2":"type-product","3":"status-publish","4":"has-post-thumbnail","6":"product_cat-sin-categorizar","7":"nodate","8":"item-wrap","10":"first","11":"instock","12":"shipping-taxable","13":"product-type-external"},"_links":{"self":[{"href":"https:\/\/lofimusic.com.es\/index.php\/wp-json\/wp\/v2\/product\/35190","targetHints":{"allow":["GET"]}}],"collection":[{"href":"https:\/\/lofimusic.com.es\/index.php\/wp-json\/wp\/v2\/product"}],"about":[{"href":"https:\/\/lofimusic.com.es\/index.php\/wp-json\/wp\/v2\/types\/product"}],"replies":[{"embeddable":true,"href":"https:\/\/lofimusic.com.es\/index.php\/wp-json\/wp\/v2\/comments?post=35190"}],"wp:featuredmedia":[{"embeddable":true,"href":"https:\/\/lofimusic.com.es\/index.php\/wp-json\/wp\/v2\/media\/35189"}],"wp:attachment":[{"href":"https:\/\/lofimusic.com.es\/index.php\/wp-json\/wp\/v2\/media?parent=35190"}],"wp:term":[{"taxonomy":"product_cat","embeddable":true,"href":"https:\/\/lofimusic.com.es\/index.php\/wp-json\/wp\/v2\/product_cat?post=35190"},{"taxonomy":"product_tag","embeddable":true,"href":"https:\/\/lofimusic.com.es\/index.php\/wp-json\/wp\/v2\/product_tag?post=35190"}],"curies":[{"name":"wp","href":"https:\/\/api.w.org\/{rel}","templated":true}]}}