{"id":35188,"date":"2026-04-13T07:40:34","date_gmt":"2026-04-13T07:40:34","guid":{"rendered":"https:\/\/lofimusic.com.es\/index.php\/producto\/b0ggy4yyr3_de\/"},"modified":"2026-04-13T07:40:34","modified_gmt":"2026-04-13T07:40:34","slug":"b0ggy4yyr3_de","status":"publish","type":"product","link":"https:\/\/lofimusic.com.es\/index.php\/producto\/b0ggy4yyr3_de\/","title":{"rendered":"B0GGY4YYR3_DE"},"content":{"rendered":"<p>&#8211; \u3010Gro\u00dfer Abdeckungsbereich\u3011Dieses Ultraschall-Mikrochip-System ist f\u00fcr eine Fl\u00e4che von 20-200 Quadratmetern geeignet. Da Ultraschall W\u00e4nde und feste Gegenst\u00e4nde nicht durchdringen kann, wird empfohlen, einen in einem Raum zu platzieren. In Bereichen, in denen schwere Sch\u00e4dlinge schwerwiegend sind, sind zus\u00e4tzliche Einheiten erforderlich.Geeignet f\u00fcr Wohnzimmer, Schlafzimmer, K\u00fcche, Gesch\u00e4ft, Haus, Lager, Garage, Wohnung, Schuppen, Mieter usw.<br \/>\n&#8211; \u3010Gut und billig\u3011 Umwerfer sind zu teuer, Mausefallen oder Klebeger\u00e4te sind zu grausame und gef\u00e4hrliche Gifte f\u00fcr unsere Kinder und Haustiere. Dieses elektronische Insektenschutzmittel ist sowohl f\u00fcr Menschen als auch f\u00fcr unsere entz\u00fcckenden Haustiere wie Hunde und Katzen freundlich. Verwenden Sie Ultraschall, um Sch\u00e4dlinge und M\u00e4use abzuwehren, anstatt sie zu t\u00f6ten.<br \/>\n&#8211; \u3010Neueste Ultraschallchip-Technologie\u3011 Verwenden Sie den neuesten Ultraschall-Chip, um das H\u00f6r- und Nervensystem von M\u00e4usen, Insekten, M\u00fccken, Kakerlaken, M\u00e4usen, Ameisen, Spinnen, Grillen, F\u00fcchsen, Fl\u00f6hen, Fliegen, Insekten anzugreifen und sie von Ihrem Haus fernzuhalten, damit sie es nicht wagten, sich Ihrem Haus zu n\u00e4hern.<br \/>\n&#8211; \u3010Langfristiger Repellent-Prozess\u3011 Manchmal k\u00f6nnen sie w\u00e4hrend des Beginns der Verwendung aktiver sein, das zeigt, dass die Nagetiere gereizt werden; Nach einem l\u00e4ngeren Zeitraum f\u00fcr bis zu Monaten, die Nagetiere, Flederm\u00e4use und Viecher beginnen zu verschwinden, wo sie leben in; Bitte stellen Sie sicher, dass die Ultraschall-Sch\u00e4dlingsbek\u00e4mpfung kontinuierlich mit Geduld verwendet werden, um das bessere Ergebnis zu erhalten.<br \/>\n&#8211; \u3010Exzellenter Service\u3011Wir arbeiten unerm\u00fcdlich daran, unser Ultraschall-Insektenschutzmittel zu verbessern, um sicherzustellen, dass wir Ihnen qualitativ hochwertige, langlebige und komfortable Produkte anbieten. Wir bieten einen 24-Stunden-Online-Service und eine Haltbarkeit von 12 Monaten. Wenn Sie Fragen haben, kontaktieren Sie uns bitte.Kommen Sie und probieren Sie es aus!<\/p>\n","protected":false},"excerpt":{"rendered":"<p>Werbung<br \/>\nUltraschall Maus und Ratten 360\u00b0,Ultraschall M\u00e4useabwehr Mit Stroboskoplichtern und PIR,3 Arbeitsmodi M\u00e4useabwehr M\u00e4use f\u00fcr Nagetiere, M\u00e4use, Eichh\u00f6rnchen, Spinnen<\/p>\n","protected":false},"featured_media":35187,"comment_status":"open","ping_status":"closed","template":"","meta":[],"product_cat":[15],"product_tag":[],"class_list":{"0":"post-35188","1":"product","2":"type-product","3":"status-publish","4":"has-post-thumbnail","6":"product_cat-sin-categorizar","7":"nodate","8":"item-wrap","10":"first","11":"instock","12":"shipping-taxable","13":"product-type-external"},"_links":{"self":[{"href":"https:\/\/lofimusic.com.es\/index.php\/wp-json\/wp\/v2\/product\/35188","targetHints":{"allow":["GET"]}}],"collection":[{"href":"https:\/\/lofimusic.com.es\/index.php\/wp-json\/wp\/v2\/product"}],"about":[{"href":"https:\/\/lofimusic.com.es\/index.php\/wp-json\/wp\/v2\/types\/product"}],"replies":[{"embeddable":true,"href":"https:\/\/lofimusic.com.es\/index.php\/wp-json\/wp\/v2\/comments?post=35188"}],"wp:featuredmedia":[{"embeddable":true,"href":"https:\/\/lofimusic.com.es\/index.php\/wp-json\/wp\/v2\/media\/35187"}],"wp:attachment":[{"href":"https:\/\/lofimusic.com.es\/index.php\/wp-json\/wp\/v2\/media?parent=35188"}],"wp:term":[{"taxonomy":"product_cat","embeddable":true,"href":"https:\/\/lofimusic.com.es\/index.php\/wp-json\/wp\/v2\/product_cat?post=35188"},{"taxonomy":"product_tag","embeddable":true,"href":"https:\/\/lofimusic.com.es\/index.php\/wp-json\/wp\/v2\/product_tag?post=35188"}],"curies":[{"name":"wp","href":"https:\/\/api.w.org\/{rel}","templated":true}]}}