{"id":35175,"date":"2026-04-13T07:36:29","date_gmt":"2026-04-13T07:36:29","guid":{"rendered":"https:\/\/lofimusic.com.es\/index.php\/producto\/b0gpwlb4fj_it\/"},"modified":"2026-04-13T07:36:29","modified_gmt":"2026-04-13T07:36:29","slug":"b0gpwlb4fj_it","status":"publish","type":"product","link":"https:\/\/lofimusic.com.es\/index.php\/producto\/b0gpwlb4fj_it\/","title":{"rendered":"B0GPWLB4FJ_IT"},"content":{"rendered":"<p>&#8211; Anti Zanzare &amp; Luce Notturna: La lampada antizanzare pu\u00f2 essere collegata direttamente alla presa di corrente. Il principio principale \u00e8 emette onde luminose per attirare le zanzare. Anche La luce notturna pu\u00f2 essere utilizzata come luce d&#8217;atmosfera per svolgere un ruolo nella decorazione e nell&#8217;abbellimento, solo creando un senso di atmosfera.<br \/>\n&#8211; Sicuro &amp; Silenzioso: Il lampada anti zanzara ricaricabile con metodi fisici e funzionamento silenzioso. Pu\u00f2 farti dormire bene, senza odore, senza sostanze chimiche, senza esca e senza radiazioni, elimina fisicamente 100% le zanzare, gli acari e gli insetti. \u00c8 ecologico e sicuro per le donne incinte, i bambini e gli animali. La griglia interna \u00e8 dotata di un alloggiamento in plastica per evitare il contatto accidentale.<br \/>\n&#8211; Facile Da Pulire: eliminare rapidamente le zanzare, repellente fisico per zanzare. Scollegare la presa di corrente, aprire il coperchio dell&#8217;estintore di zanzare, e quindi utilizzare un piccolo pennello o altro per pulire le zanzare nel dispositivo pu\u00f2 essere.<br \/>\n&#8211; Plug and Play: Basta collegarlo a una presa a muro e premere il pulsante a destra per usarlo senza strumenti. Ideale per casa, cucina, ufficio, negozio, ristorante, da asporto, caff\u00e8, scuola e altri ambienti interni.<br \/>\n&#8211; Materiale Di Alta Qualita: Il guscio di questo ammazza-zanzare \u00e8 realizzato in materiale ABS di alta qualit\u00e0, robusto e durevole. All&#8217;interno \u00e8 presente una griglia ad alta densit\u00e0, in grado di eliminare efficacemente gli insetti volanti delle zanzare.<\/p>\n","protected":false},"excerpt":{"rendered":"<p>pubblicit\u00e0Interno ed esterno, 2026 Nuovi Lampada per Zanzare, Mosca, Falene,Zanzariera Elettrica con Luce, per Casa Giardino Interno Esterno Cucina Soggiorno -100% Efficace (Pack 4)<\/p>\n","protected":false},"featured_media":35173,"comment_status":"open","ping_status":"closed","template":"","meta":[],"product_cat":[15],"product_tag":[],"class_list":{"0":"post-35175","1":"product","2":"type-product","3":"status-publish","4":"has-post-thumbnail","6":"product_cat-sin-categorizar","7":"nodate","8":"item-wrap","10":"first","11":"instock","12":"shipping-taxable","13":"product-type-external"},"_links":{"self":[{"href":"https:\/\/lofimusic.com.es\/index.php\/wp-json\/wp\/v2\/product\/35175","targetHints":{"allow":["GET"]}}],"collection":[{"href":"https:\/\/lofimusic.com.es\/index.php\/wp-json\/wp\/v2\/product"}],"about":[{"href":"https:\/\/lofimusic.com.es\/index.php\/wp-json\/wp\/v2\/types\/product"}],"replies":[{"embeddable":true,"href":"https:\/\/lofimusic.com.es\/index.php\/wp-json\/wp\/v2\/comments?post=35175"}],"wp:featuredmedia":[{"embeddable":true,"href":"https:\/\/lofimusic.com.es\/index.php\/wp-json\/wp\/v2\/media\/35173"}],"wp:attachment":[{"href":"https:\/\/lofimusic.com.es\/index.php\/wp-json\/wp\/v2\/media?parent=35175"}],"wp:term":[{"taxonomy":"product_cat","embeddable":true,"href":"https:\/\/lofimusic.com.es\/index.php\/wp-json\/wp\/v2\/product_cat?post=35175"},{"taxonomy":"product_tag","embeddable":true,"href":"https:\/\/lofimusic.com.es\/index.php\/wp-json\/wp\/v2\/product_tag?post=35175"}],"curies":[{"name":"wp","href":"https:\/\/api.w.org\/{rel}","templated":true}]}}