{"id":35156,"date":"2026-04-13T07:25:09","date_gmt":"2026-04-13T07:25:09","guid":{"rendered":"https:\/\/lofimusic.com.es\/index.php\/producto\/b0gr571257_fr\/"},"modified":"2026-04-13T07:25:09","modified_gmt":"2026-04-13T07:25:09","slug":"b0gr571257_fr","status":"publish","type":"product","link":"https:\/\/lofimusic.com.es\/index.php\/producto\/b0gr571257_fr\/","title":{"rendered":"B0GR571257_FR"},"content":{"rendered":"<p>&#8211; 2026 NOUVEAU STIMULATEUR D&#8217;ABDOMINAUX: ceinture pour l&#8217;\u00e9lectrostimulation des abdominaux, sans fil et sans gel. Elle allie confort et puissance avec 12 programmes avanc\u00e9s, id\u00e9ale pour tonifier les abdos. Contrairement \u00e0 d&#8217;autres dispositifs de la m\u00eame cat\u00e9gorie, elle n&#8217;exige pas l&#8217;achat p\u00e9riodique d&#8217;\u00e9lectrodes de rechange.<br \/>\n&#8211; ENTRA\u00ceNEUR D&#8217;ABDOMINAUX PERSONNALISABLE: Le stimulateur est livr\u00e9 avec 12 modes. Vous pouvez facilement choisir un mode et une intensit\u00e9 que vous aimez en appuyant simplement sur les boutons de l&#8217;appareil principal. allant de l\u2019\u00e9chauffement \u00e0 l\u2019exercice intensif et enfin \u00e0 la relaxation. Appuyez sur les boutons \u00bb \u00bb et \u00ab-\u00bb pour changer le niveau d&#8217;intensit\u00e9, appuyez sur \u00abM\u00bb pour changer le mode, facile \u00e0 utiliser, affichage \u00e0 LED.<br \/>\n&#8211; R\u00c9GLAGE INTUITIF: Dot\u00e9e de 20 niveaux d&#8217;intensit\u00e9,Il peut vous aider \u00e0 perdre de la graisse, \u00e0 d\u00e9velopper vos muscles et \u00e0 modeler votre silhouette d&#8217;une mani\u00e8re simple et rapide. Convient \u00e0 la plupart des parties du corps telles que l&#8217;abdomen, la taille, les bras, les \u00e9paules, le dos, les cuisses, les mollets et les fesses.<br \/>\n&#8211; TECHNOLOGIE EMS AVANC\u00c9E: Le tonificateur musculaire adopte la technologie EMS utilis\u00e9e par les athl\u00e8tes professionnels. Plus grande surface de contact, peut \u00eatre utilis\u00e9e sans gel, \u00e9conomique et \u00e9cologique. 15 minutes d&#8217;utilisation \u00e9quivaut \u00e0 courir pendant 1500 m\u00e8tres ou \u00e0 nager pendant 30 minutes. Un effet perceptible peut \u00eatre observ\u00e9 avec une utilisation r\u00e9guli\u00e8re de demi-mois. Vous pouvez l&#8217;utiliser au bureau, \u00e0 la salle de sport, \u00e0 la maison, dans la voiture quand vous le souhaitez.<br \/>\n&#8211; PLIABLE ET PORTABLE: Fabriqu\u00e9 en cuir de haute qualit\u00e9, durable et doux pour la peau. L&#8217;appareil principal est compact et l\u00e9ger. Le cuir souple peut \u00eatre pli\u00e9 \u00e0 volont\u00e9. Facile \u00e0 mettre dans votre sac ou votre valise. Faites de l&#8217;exercice n&#8217;importe o\u00f9 et n&#8217;importe quand.<\/p>\n","protected":false},"excerpt":{"rendered":"<p>publicit\u00e9EMS Ceinture Abdominale,Entra\u00eenement Abdominal,Pas Besoin de Feuilles de Gel USB Charge,12 Modes, 20 Niveaux d&#8217;intensit\u00e9,Femme Homme Entra\u00eenement pour Abdomen Ajout de Ceinture d&#8217;extension<\/p>\n","protected":false},"featured_media":35155,"comment_status":"open","ping_status":"closed","template":"","meta":[],"product_cat":[15],"product_tag":[],"class_list":{"0":"post-35156","1":"product","2":"type-product","3":"status-publish","4":"has-post-thumbnail","6":"product_cat-sin-categorizar","7":"nodate","8":"item-wrap","10":"first","11":"instock","12":"shipping-taxable","13":"product-type-external"},"_links":{"self":[{"href":"https:\/\/lofimusic.com.es\/index.php\/wp-json\/wp\/v2\/product\/35156","targetHints":{"allow":["GET"]}}],"collection":[{"href":"https:\/\/lofimusic.com.es\/index.php\/wp-json\/wp\/v2\/product"}],"about":[{"href":"https:\/\/lofimusic.com.es\/index.php\/wp-json\/wp\/v2\/types\/product"}],"replies":[{"embeddable":true,"href":"https:\/\/lofimusic.com.es\/index.php\/wp-json\/wp\/v2\/comments?post=35156"}],"wp:featuredmedia":[{"embeddable":true,"href":"https:\/\/lofimusic.com.es\/index.php\/wp-json\/wp\/v2\/media\/35155"}],"wp:attachment":[{"href":"https:\/\/lofimusic.com.es\/index.php\/wp-json\/wp\/v2\/media?parent=35156"}],"wp:term":[{"taxonomy":"product_cat","embeddable":true,"href":"https:\/\/lofimusic.com.es\/index.php\/wp-json\/wp\/v2\/product_cat?post=35156"},{"taxonomy":"product_tag","embeddable":true,"href":"https:\/\/lofimusic.com.es\/index.php\/wp-json\/wp\/v2\/product_tag?post=35156"}],"curies":[{"name":"wp","href":"https:\/\/api.w.org\/{rel}","templated":true}]}}