{"id":35154,"date":"2026-04-13T07:25:06","date_gmt":"2026-04-13T07:25:06","guid":{"rendered":"https:\/\/lofimusic.com.es\/index.php\/producto\/b0gr8nnd1p_fr\/"},"modified":"2026-04-13T07:25:06","modified_gmt":"2026-04-13T07:25:06","slug":"b0gr8nnd1p_fr","status":"publish","type":"product","link":"https:\/\/lofimusic.com.es\/index.php\/producto\/b0gr8nnd1p_fr\/","title":{"rendered":"B0GR8NND1P_FR"},"content":{"rendered":"<p>&#8211; R\u00e9pulsif ultrason souris et rats pour auto \u00e9loigne plusieur animaux ind\u00e9sirables et sauvages (chiens,chats,martres,ratons laveurs,souris,oiseaux,renards,blaireaux,taupes,visons, mouffettes,fouines,loires,rongeurs,petits et gros animaux,etc.),et peut \u00eatre utilis\u00e9 pour prot\u00e9ger tout type de moteurs de la voiture,garages,caves,greniers et maisons.<br \/>\n&#8211; Utilisation universelle pour la maison, la voiture et le commerce Id\u00e9al pour les compartiments moteurs, les voitures,les entrep\u00f4ts,les fermes,les chambres \u00e0 coucher,les salles de bain,les escaliers et les salons.Prot\u00e8ge efficacement contre les souris, les \u00e9cureuils et les chipmunks, sans produits chimiques toxiques ni pi\u00e8ges dangereux.<br \/>\n&#8211; Large application et effet durable,Gamme ultrasonique de 8\u201356 KHz,couvrant jusqu\u2019\u00e0 40 m\u00b2 (port\u00e9e par appareil:15 ft\/\u22484,57 m).Il est recommand\u00e9 d\u2019utiliser 2 appareils ou plus pour une couche de protection superpos\u00e9e.L\u2019effet optimal appara\u00eet apr\u00e8s 2\u20134 semaines d\u2019utilisation continue (p\u00e9riodes d\u2019incubation,d\u2019efficacit\u00e9, critique et de stabilisation).<br \/>\n&#8211; Capteur de vibrations intelligent pour un fonctionnement automatique \u00e9conome en \u00e9nergie,Mode de travail automatique lorsque la voiture est gar\u00e9e ou en l\u2019absence de vibrations ; passe automatiquement en mode veille lorsque des vibrations sont d\u00e9tect\u00e9es pendant la conduite\u2013pas besoin d\u2019allumer\/\u00e9teindre manuellement,\u00e9conomise de l\u2019\u00e9nergie et prolonge la dur\u00e9e de vie.<br \/>\n&#8211; Trois modes d&#8217;alimentation,le r\u00e9pulsif anti-rats pour moteur de voiture dispose de trois modes de charge fournis pour une utilisation facile.1:Utilisez 4 piles AA,2:utilisez un c\u00e2ble USB pour connecter \u00e0 un adaptateur 5-12 V pour le chargement,3:utilisez un c\u00e2ble CC pour connecter \u00e0 l&#8217;alimentation sous le capot de la voiture<\/p>\n","protected":false},"excerpt":{"rendered":"<p>publicit\u00e9Ultrason Souris et Rats pour Voiture,Repulsif Rongeur pour Voiture,R\u00e9pulsif Chat Ultrason Ext\u00e9rieur,Anti Rats Exterieur Puissant pour Anti Taupe Fouine Martre Ultrason Souris et Rats,Prot\u00e9ger Voiture<\/p>\n","protected":false},"featured_media":35153,"comment_status":"open","ping_status":"closed","template":"","meta":[],"product_cat":[15],"product_tag":[],"class_list":{"0":"post-35154","1":"product","2":"type-product","3":"status-publish","4":"has-post-thumbnail","6":"product_cat-sin-categorizar","7":"nodate","8":"item-wrap","10":"first","11":"instock","12":"shipping-taxable","13":"product-type-external"},"_links":{"self":[{"href":"https:\/\/lofimusic.com.es\/index.php\/wp-json\/wp\/v2\/product\/35154","targetHints":{"allow":["GET"]}}],"collection":[{"href":"https:\/\/lofimusic.com.es\/index.php\/wp-json\/wp\/v2\/product"}],"about":[{"href":"https:\/\/lofimusic.com.es\/index.php\/wp-json\/wp\/v2\/types\/product"}],"replies":[{"embeddable":true,"href":"https:\/\/lofimusic.com.es\/index.php\/wp-json\/wp\/v2\/comments?post=35154"}],"wp:featuredmedia":[{"embeddable":true,"href":"https:\/\/lofimusic.com.es\/index.php\/wp-json\/wp\/v2\/media\/35153"}],"wp:attachment":[{"href":"https:\/\/lofimusic.com.es\/index.php\/wp-json\/wp\/v2\/media?parent=35154"}],"wp:term":[{"taxonomy":"product_cat","embeddable":true,"href":"https:\/\/lofimusic.com.es\/index.php\/wp-json\/wp\/v2\/product_cat?post=35154"},{"taxonomy":"product_tag","embeddable":true,"href":"https:\/\/lofimusic.com.es\/index.php\/wp-json\/wp\/v2\/product_tag?post=35154"}],"curies":[{"name":"wp","href":"https:\/\/api.w.org\/{rel}","templated":true}]}}