{"id":35152,"date":"2026-04-13T07:25:00","date_gmt":"2026-04-13T07:25:00","guid":{"rendered":"https:\/\/lofimusic.com.es\/index.php\/producto\/b0gmw73836_fr\/"},"modified":"2026-04-13T07:25:00","modified_gmt":"2026-04-13T07:25:00","slug":"b0gmw73836_fr","status":"publish","type":"product","link":"https:\/\/lofimusic.com.es\/index.php\/producto\/b0gmw73836_fr\/","title":{"rendered":"B0GMW73836_FR"},"content":{"rendered":"<p>&#8211; Collier anti-aboiements conforme \u00e0 la nouvelle loi : Le collier anti-aboiements pour chiens COODAY, utilisant le son et les vibrations pour entra\u00eener votre chien \u00e0 adopter des comportements appropri\u00e9s, garantissant un dressage s\u00fbr et respectueux de la loi, sans nuire \u00e0 votre chien.<br \/>\n&#8211; MODES MULTIPLES, \u00c9DUCATION DOUCE ET EFFICACE: Ce collier anti aboiement chien propose 3 modes d\u2019entra\u00eenement : bip sonore, vibration, combinaison bip + vibration. Avec 8 niveaux de sensibilit\u00e9 et plusieurs r\u00e9glages, il ajuste automatiquement la correction pour un dressage plus s\u00fbr et efficace.<br \/>\n&#8211; AUTONOMIE ULTRA-LONGUE: Ce collier anti aboiement chien est \u00e9quip\u00e9 d\u2019une batterie rechargeable par USB, offrant une charge compl\u00e8te en 2 \u00e0 3 heures et une autonomie pouvant atteindre 15 jours.<br \/>\n&#8211; Collier de dressage s\u00fbr et efficace : Le collier anti-aboiements est class\u00e9 IP67, r\u00e9sistant \u00e0 l&#8217;eau, qu&#8217;il pleuve ou que le soleil brille. Votre dispositif de contr\u00f4le des aboiements continue de fonctionner, sans risque de court-circuit, vous offrant une formation plus s\u00fbre et sereine pour votre chien.<br \/>\n&#8211; Collier anti-aboiements r\u00e9glable : La lani\u00e8re en nylon est r\u00e9glable (68 cm), offrant un port confortable, adapt\u00e9 \u00e0 toutes les tailles de chiens, qu&#8217;ils soient grands, moyens ou petits.<\/p>\n","protected":false},"excerpt":{"rendered":"<p>publicit\u00e9Collier Anti-Aboiement Chien Rechargeable,Modes Son\/Vibration\/Vibration Forte,3 Modes, 8 Niveaux de Sensibilit\u00e9, D\u00e9tection Intelligente des Aboiements, \u00c9tanche IP67 pour Petit et Gros Chien<\/p>\n","protected":false},"featured_media":35151,"comment_status":"open","ping_status":"closed","template":"","meta":[],"product_cat":[15],"product_tag":[],"class_list":{"0":"post-35152","1":"product","2":"type-product","3":"status-publish","4":"has-post-thumbnail","6":"product_cat-sin-categorizar","7":"nodate","8":"item-wrap","10":"first","11":"instock","12":"shipping-taxable","13":"product-type-external"},"_links":{"self":[{"href":"https:\/\/lofimusic.com.es\/index.php\/wp-json\/wp\/v2\/product\/35152","targetHints":{"allow":["GET"]}}],"collection":[{"href":"https:\/\/lofimusic.com.es\/index.php\/wp-json\/wp\/v2\/product"}],"about":[{"href":"https:\/\/lofimusic.com.es\/index.php\/wp-json\/wp\/v2\/types\/product"}],"replies":[{"embeddable":true,"href":"https:\/\/lofimusic.com.es\/index.php\/wp-json\/wp\/v2\/comments?post=35152"}],"wp:featuredmedia":[{"embeddable":true,"href":"https:\/\/lofimusic.com.es\/index.php\/wp-json\/wp\/v2\/media\/35151"}],"wp:attachment":[{"href":"https:\/\/lofimusic.com.es\/index.php\/wp-json\/wp\/v2\/media?parent=35152"}],"wp:term":[{"taxonomy":"product_cat","embeddable":true,"href":"https:\/\/lofimusic.com.es\/index.php\/wp-json\/wp\/v2\/product_cat?post=35152"},{"taxonomy":"product_tag","embeddable":true,"href":"https:\/\/lofimusic.com.es\/index.php\/wp-json\/wp\/v2\/product_tag?post=35152"}],"curies":[{"name":"wp","href":"https:\/\/api.w.org\/{rel}","templated":true}]}}