{"id":35149,"date":"2026-04-13T07:20:37","date_gmt":"2026-04-13T07:20:37","guid":{"rendered":"https:\/\/lofimusic.com.es\/index.php\/producto\/b0gr8nnd1p_de\/"},"modified":"2026-04-13T07:20:37","modified_gmt":"2026-04-13T07:20:37","slug":"b0gr8nnd1p_de","status":"publish","type":"product","link":"https:\/\/lofimusic.com.es\/index.php\/producto\/b0gr8nnd1p_de\/","title":{"rendered":"B0GR8NND1P_DE"},"content":{"rendered":"<p>&#8211; Unser Marderschreck bietet zwei individuell einstellbare Modi, um unterschiedliche Abwehrbed\u00fcrfnisse zu erf\u00fcllen und Marder, M\u00e4use, Eichh\u00f6rnchen sowie Streifenh\u00f6rnchen zuverl\u00e4ssig zu vertreiben: Modus 1 kombiniert rot-wei\u00dfes Blitzlicht mit Ultraschall (26\u201365 KHz), um gezielt das auditive und visuelle System der Tiere zu reizen. Modus 2 erweitert die Wirkung um einen 1-sekundigen Alarmton und Piepton, mit variabler Ultraschallfrequenz (9\u201365 KHz) \u2013 diese Kombination st\u00f6rt das Nervensystem intensiver und verhindert eine Gew\u00f6hnung an die Schallwellen, f\u00fcr nachhaltigen Schutz.<br \/>\n&#8211; Intelligenter Vibrationssensor &amp; energiesparender Automatikbetrieb Dank des integrierten Vibrationssensors arbeitet das Ger\u00e4t vollautomatisch, ohne manuelle Ein- und Ausschaltung \u2013 ideal f\u00fcr den t\u00e4glichen Einsatz im Auto: Bei geparktem Fahrzeug oder fehlenden Vibrationen wechselt es automatisch in den aktiven Abwehrmodus mit zyklischer Ultraschall- und Lichtaussendung. W\u00e4hrend der Fahrt erkennt der Sensor Bewegungen und schaltet in den stromsparenden Standby-Modus, um Batterie oder Fahrzeugstrom zu schonen.<br \/>\n&#8211; Nachhaltige Wirkung &amp; weitreichende Abdeckung (bis zu 40 m\u00b2)\uff1aDie Nagetierabwehr ist ein kontinuierlicher Prozess, der nach 2\u20134 Wochen kontinuierlicher Nutzung seine volle St\u00e4rke entfaltet: Der Ultraschall arbeitet im Bereich von 8\u201356 KHz, deckt bis zu 40 m\u00b2 ab (Reichweite pro Ger\u00e4t: 15 ft \/ ca. 4,57 m). Die 4 Effektphasen: 1. Woche (Inkubation), 2. Woche (Wirkung), 3. Woche , 4. Woche (Stabilit\u00e4t). F\u00fcr gr\u00f6\u00dfere R\u00e4ume empfehlen wir 2+ Ger\u00e4te f\u00fcr \u00fcberlappende Schutzbereiche.<br \/>\n&#8211; Dreifache Stromversorgung &amp; optionale Effektverst\u00e4rkung Unserauto batteriebetrieben ist flexibel und unabh\u00e4ngig von Stromanschl\u00fcssen: A) Betrieb mit 4\u00d7AA-Batterien (mobiler Einsatz, Laufzeit je nach Nutzung), B) Anschluss \u00fcber USB-Adapter (DC 5\u201312V, ideal f\u00fcr Haushalt &amp; Gewerbe), C) Direkter Anschluss an die Fahrzeugbatterie (permanenter Schutz im Motorraum). Ein integrierter Pulveraufbewahrungsbereich erm\u00f6glicht das Hinzuf\u00fcgen von Nagetierabwehrpulver, um hartn\u00e4ckige Bef\u00e4lle zu bek\u00e4mpfen.<br \/>\n&#8211; Universeller Einsatz &amp; humaner, sicherer Schutz Der mobile eignet sich perfekt f\u00fcr Auto (Motorraum), Haus (Schlafzimmer, Badezimmer, Treppenh\u00e4user), Gewerbe (Lagerr\u00e4ume, Bauernh\u00f6fe, Garagen) sowie Garten und Carport. Er wirkt zuverl\u00e4ssig gegen Marder, M\u00e4use, Eichh\u00f6rnchen und Streifenh\u00f6rnchen \u2013 ohne giftige Chemikalien, gef\u00e4hrliche Fallen oder Gesundheitsrisiken f\u00fcr Menschen und Haustiere. Ultraschallwellen sind f\u00fcr Menschen nahezu unmerklich.<\/p>\n","protected":false},"excerpt":{"rendered":"<p>Werbung<br \/>\nYOUKK Marderschreck Auto batteriebetrieben,Marderabwehr mit Ultraschall.Ultraschall Gegen Ratten, Sofortiger &amp; Langfristiger Marderschutz im Motorraum<\/p>\n","protected":false},"featured_media":35146,"comment_status":"open","ping_status":"closed","template":"","meta":[],"product_cat":[15],"product_tag":[],"class_list":{"0":"post-35149","1":"product","2":"type-product","3":"status-publish","4":"has-post-thumbnail","6":"product_cat-sin-categorizar","7":"nodate","8":"item-wrap","10":"first","11":"instock","12":"shipping-taxable","13":"product-type-external"},"_links":{"self":[{"href":"https:\/\/lofimusic.com.es\/index.php\/wp-json\/wp\/v2\/product\/35149","targetHints":{"allow":["GET"]}}],"collection":[{"href":"https:\/\/lofimusic.com.es\/index.php\/wp-json\/wp\/v2\/product"}],"about":[{"href":"https:\/\/lofimusic.com.es\/index.php\/wp-json\/wp\/v2\/types\/product"}],"replies":[{"embeddable":true,"href":"https:\/\/lofimusic.com.es\/index.php\/wp-json\/wp\/v2\/comments?post=35149"}],"wp:featuredmedia":[{"embeddable":true,"href":"https:\/\/lofimusic.com.es\/index.php\/wp-json\/wp\/v2\/media\/35146"}],"wp:attachment":[{"href":"https:\/\/lofimusic.com.es\/index.php\/wp-json\/wp\/v2\/media?parent=35149"}],"wp:term":[{"taxonomy":"product_cat","embeddable":true,"href":"https:\/\/lofimusic.com.es\/index.php\/wp-json\/wp\/v2\/product_cat?post=35149"},{"taxonomy":"product_tag","embeddable":true,"href":"https:\/\/lofimusic.com.es\/index.php\/wp-json\/wp\/v2\/product_tag?post=35149"}],"curies":[{"name":"wp","href":"https:\/\/api.w.org\/{rel}","templated":true}]}}