{"id":35147,"date":"2026-04-13T07:20:37","date_gmt":"2026-04-13T07:20:37","guid":{"rendered":"https:\/\/lofimusic.com.es\/index.php\/producto\/b0gqzg6nml_de\/"},"modified":"2026-04-13T07:20:37","modified_gmt":"2026-04-13T07:20:37","slug":"b0gqzg6nml_de","status":"publish","type":"product","link":"https:\/\/lofimusic.com.es\/index.php\/producto\/b0gqzg6nml_de\/","title":{"rendered":"B0GQZG6NML_DE"},"content":{"rendered":"<p>&#8211; \u2705frei von Chemikalien,Pestiziden, unangenehmen Ger\u00fcchen und sch\u00e4dlichen Strahlungen.Gegensatz zu Sprays oder giftigen Fallen sch\u00fctzt er Ihre ganze Familie zuverl\u00e4ssig \u2013 darunter Kinder,hwangere Frauen und Haustiere (Hunde,Katzen,V\u00f6gel) \u2013 ohne Kontakt- oder Vergiftungsrisiko. Ideal f\u00fcr sensible Familien oder Menschen mit Allergien,bietet er eine sichere und gesunde Umgebung, auch f\u00fcr Kleinkinder und neugierige Haustiere.<br \/>\n&#8211; \u2705funktioniert unser Insektenvernichter im Plug &amp; Play-Modus,Stecken Sie einfach in eine Standardsteckdose (passend zum deutschen Stromnetz) und dr\u00fccken Sie den Seitenknopf, um ihn zu aktivieren. Das Ger\u00e4t wirkt sofort: Das UV-Licht lockt M\u00fccken, Fliegen, Milben und andere fliegende Insekten schnell an, die durch den elektrischen Schlag des Hochspannungsgitters sofort eliminiert werden. Keine komplizierte Einrichtung, keine Werkzeuge n\u00f6tig \u2013 perfekt f\u00fcr die ganze Familie, auch f\u00fcr Menschen mit wenig Erfahrung in der Nutzung elektronischer Ger\u00e4te.<br \/>\n&#8211; \u2705 Breites Einsatzspektrum,Die M\u00fcckenfalle Elektrisch kann Wanzen mit hoher Lichtintensit\u00e4t anlocken, sie hat eine breite Palette von Anwendungen und kann in Innenr\u00e4umen wie Balkon, Schlafzimmer, Wohnzimmer, K\u00fcche, Bad, Garage und Keller, etc. platziert werden. Um den Effekt der M\u00fcckenvernichtung besser zu erreichen, schalten Sie bitte das Licht aus und schalten Sie den Insektenvernichter Elektrisch im Voraus ein.<br \/>\n&#8211; \u2705Tragbar,Kompakt &amp; Einfach zu Reinigen \u2013 Mit seiner kompakten und leichten Bauweise ist dieser Insektenvernichter leicht von einem Raum zum anderen zu transportieren:Nutzen Sie ihn abends im Wohnzimmer,Die Reinigung ist ebenso unkompliziert: Stecken Sie das Ger\u00e4t ab,warten Sie,bis die statische Elektrizit\u00e4t abgebaut ist,\u00f6ffnen Sie den unteren Deckel und entfernen Sie tote Insekten mit einem kleinen Pinsel oder einem Tuch \u2013 keine Wasserreinigung, um elektrische Sch\u00e4den zu vermeiden und eine lange Nutzungsdauer zu gew\u00e4hrleisten.<br \/>\n&#8211; \u2705 Einfache Installation Erleben,Sie sofortige Linderung von Sch\u00e4dlingen mit ger\u00e4uschlosen m\u00fccken stecker.Stecken Sie ihn einfach in eine Steckdose,und er beginnt sofort zu arbeiten! Ideal f\u00fcr den Einsatz in K\u00fcchen,Wohnzimmern,Schlafzimmern,Garagen,Lagerr\u00e4umen und Kellern,halten Sie Ihre Innenr\u00e4ume m\u00fchelos sch\u00e4dlingsfrei.<\/p>\n","protected":false},"excerpt":{"rendered":"<p>Werbung<br \/>\nYOUKK M\u00fcckenlampe,4 St\u00fcck Elektrischer Insektenvernichter,Professioneller Ultraschall Sch\u00e4dlingsbek\u00e4mpfer,M\u00fcckenfalle Elektrisch mit UV-Lampe, Fliegenfalle f\u00fcr Zuhause,Tragbar,f\u00fcr Fliegen M\u00fccken<\/p>\n","protected":false},"featured_media":35145,"comment_status":"open","ping_status":"closed","template":"","meta":[],"product_cat":[15],"product_tag":[],"class_list":{"0":"post-35147","1":"product","2":"type-product","3":"status-publish","4":"has-post-thumbnail","6":"product_cat-sin-categorizar","7":"nodate","8":"item-wrap","10":"first","11":"instock","12":"shipping-taxable","13":"product-type-external"},"_links":{"self":[{"href":"https:\/\/lofimusic.com.es\/index.php\/wp-json\/wp\/v2\/product\/35147","targetHints":{"allow":["GET"]}}],"collection":[{"href":"https:\/\/lofimusic.com.es\/index.php\/wp-json\/wp\/v2\/product"}],"about":[{"href":"https:\/\/lofimusic.com.es\/index.php\/wp-json\/wp\/v2\/types\/product"}],"replies":[{"embeddable":true,"href":"https:\/\/lofimusic.com.es\/index.php\/wp-json\/wp\/v2\/comments?post=35147"}],"wp:featuredmedia":[{"embeddable":true,"href":"https:\/\/lofimusic.com.es\/index.php\/wp-json\/wp\/v2\/media\/35145"}],"wp:attachment":[{"href":"https:\/\/lofimusic.com.es\/index.php\/wp-json\/wp\/v2\/media?parent=35147"}],"wp:term":[{"taxonomy":"product_cat","embeddable":true,"href":"https:\/\/lofimusic.com.es\/index.php\/wp-json\/wp\/v2\/product_cat?post=35147"},{"taxonomy":"product_tag","embeddable":true,"href":"https:\/\/lofimusic.com.es\/index.php\/wp-json\/wp\/v2\/product_tag?post=35147"}],"curies":[{"name":"wp","href":"https:\/\/api.w.org\/{rel}","templated":true}]}}