{"id":35126,"date":"2026-04-12T18:51:37","date_gmt":"2026-04-12T18:51:37","guid":{"rendered":"https:\/\/lofimusic.com.es\/index.php\/producto\/b0bq132nhd_es-2\/"},"modified":"2026-04-12T18:51:37","modified_gmt":"2026-04-12T18:51:37","slug":"b0bq132nhd_es-2","status":"publish","type":"product","link":"https:\/\/lofimusic.com.es\/index.php\/producto\/b0bq132nhd_es-2\/","title":{"rendered":"B0BQ132NHD_ES"},"content":{"rendered":"<p>&#8211; 2 en 1: horno y microondas en un solo electrodom\u00e9stico. 34 L de capacidad: cocina grandes recetas sin preocuparte por el espacio<br \/>\n&#8211; Funci\u00f3n microondas: combina las funciones de un horno con las mejores de un microondas. Modo Grill: cocina o gratina con su resistencia superior y consigue una cocci\u00f3n homog\u00e9nea.<br \/>\n&#8211; Men\u00fas autom\u00e1ticos: tiempo y temperatura autom\u00e1ticos para cocinar con un toque. Modo Defrost: descongela r\u00e1pidamente todos tus alimentos para cocinar al instante.<br \/>\n&#8211; Panel t\u00e1ctil: disfruta de un control total de la forma m\u00e1s c\u00f3moda. Kid Lock: bloqueo de seguridad para ni\u00f1os.<\/p>\n","protected":false},"excerpt":{"rendered":"<p>Publicidad Cecotec Horno Microondas Integrable 60x50cm Bolero Hexa MWO703800 Line. 2300W (M\u00e1x), 34L, Funci\u00f3n Microondas, Convencci\u00f3n, Modo Grill, Defrost, Auto Men\u00fa, Speed Cooking, Electronic Timer<\/p>\n","protected":false},"featured_media":35125,"comment_status":"open","ping_status":"closed","template":"","meta":[],"product_cat":[15],"product_tag":[],"class_list":{"0":"post-35126","1":"product","2":"type-product","3":"status-publish","4":"has-post-thumbnail","6":"product_cat-sin-categorizar","7":"nodate","8":"item-wrap","10":"first","11":"instock","12":"shipping-taxable","13":"product-type-external"},"_links":{"self":[{"href":"https:\/\/lofimusic.com.es\/index.php\/wp-json\/wp\/v2\/product\/35126","targetHints":{"allow":["GET"]}}],"collection":[{"href":"https:\/\/lofimusic.com.es\/index.php\/wp-json\/wp\/v2\/product"}],"about":[{"href":"https:\/\/lofimusic.com.es\/index.php\/wp-json\/wp\/v2\/types\/product"}],"replies":[{"embeddable":true,"href":"https:\/\/lofimusic.com.es\/index.php\/wp-json\/wp\/v2\/comments?post=35126"}],"wp:featuredmedia":[{"embeddable":true,"href":"https:\/\/lofimusic.com.es\/index.php\/wp-json\/wp\/v2\/media\/35125"}],"wp:attachment":[{"href":"https:\/\/lofimusic.com.es\/index.php\/wp-json\/wp\/v2\/media?parent=35126"}],"wp:term":[{"taxonomy":"product_cat","embeddable":true,"href":"https:\/\/lofimusic.com.es\/index.php\/wp-json\/wp\/v2\/product_cat?post=35126"},{"taxonomy":"product_tag","embeddable":true,"href":"https:\/\/lofimusic.com.es\/index.php\/wp-json\/wp\/v2\/product_tag?post=35126"}],"curies":[{"name":"wp","href":"https:\/\/api.w.org\/{rel}","templated":true}]}}