{"id":35118,"date":"2026-04-12T10:05:06","date_gmt":"2026-04-12T10:05:06","guid":{"rendered":"https:\/\/lofimusic.com.es\/index.php\/producto\/b0gjrgws8q_it\/"},"modified":"2026-04-12T10:05:06","modified_gmt":"2026-04-12T10:05:06","slug":"b0gjrgws8q_it","status":"publish","type":"product","link":"https:\/\/lofimusic.com.es\/index.php\/producto\/b0gjrgws8q_it\/","title":{"rendered":"B0GJRGWS8Q_IT"},"content":{"rendered":"<p>&#8211; 100% Oscurante &amp; Isolamento Termico: Realizzato in fibra di poliestere ad alta densit\u00e0. Un lato \u00e8 in morbido tessuto oxford nero per assorbire il calore, l&#8217;altro \u00e8 un tessuto oscurante con rivestimento in PU argentato che riflette i raggi UV. Questa tenda termica isolante blocca il 100% della luce solare, abbassa la temperatura della stanza in estate e trattiene il caldo in inverno, offrendo un ambiente di sonno perfetto.<br \/>\n&#8211; Ritagliabile Fai-da-Te e Tagliata Su Misura: Le dimensioni extra large del telo oscurante finestra consentono di ritagliarlo liberamente per adattarlo a finestre di qualsiasi dimensione e forma (quadrate, ad arco, rotonde). Includiamo un metro a nastro e un pennarello argentato per aiutarti a misurare e tagliare le oscuranti per finestre con la massima precisione.<br \/>\n&#8211; Installazione Rapida Senza Forare: Dimentica trapani e viti! Le nostre tende oscuranti per interni sono dotate di nastro adesivo di alta qualit\u00e0 e forti adesivi in chiusura a strappo. La tenda oscurante con nastro a strappo si fissa saldamente al vetro o al telaio in pochi minuti. La colla \u00e8 facile da rimuovere e non lascia residui o danni sulle tue tende a vetro oscuranti.<br \/>\n&#8211; Leggero, Portatile e Multiuso: Questa tenda oscurante da interno \u00e8 fornita con una pratica custodia da viaggio. Grazie al materiale pieghevole e antipiega, puoi riporla facilmente in valigia. Ideale non solo come parasole finestra casa, ma anche perfetta per viaggi d&#8217;affari, hotel, asili nido, e come tessuto oscurante camper.<br \/>\n&#8211; Kit Completo Pronto all&#8217;Uso: Il pacchetto include tutto il necessario: 1x tenda oscurante lucernario\/finestra, 4 paia di nastri a strappo grandi, 54 paia di punti in fissaggio a strappo, 1 pennarello, 1 metro a nastro e 1 borsa per la conservazione. Soluzione completa per oscurare istantaneamente la tua camera da letto o il tuo studio.<\/p>\n","protected":false},"excerpt":{"rendered":"<p>pubblicit\u00e0Vexyra Tenda Oscurante Finestra 200x148cm, Tende Oscuranti per Interni 100% Tessuto Oscurante, Telo Oscurante Termico Isolante Portatile Senza Forare per Camera da Letto, Lucernario, Camper<\/p>\n","protected":false},"featured_media":35117,"comment_status":"open","ping_status":"closed","template":"","meta":[],"product_cat":[15],"product_tag":[],"class_list":{"0":"post-35118","1":"product","2":"type-product","3":"status-publish","4":"has-post-thumbnail","6":"product_cat-sin-categorizar","7":"nodate","8":"item-wrap","10":"first","11":"instock","12":"shipping-taxable","13":"product-type-external"},"_links":{"self":[{"href":"https:\/\/lofimusic.com.es\/index.php\/wp-json\/wp\/v2\/product\/35118","targetHints":{"allow":["GET"]}}],"collection":[{"href":"https:\/\/lofimusic.com.es\/index.php\/wp-json\/wp\/v2\/product"}],"about":[{"href":"https:\/\/lofimusic.com.es\/index.php\/wp-json\/wp\/v2\/types\/product"}],"replies":[{"embeddable":true,"href":"https:\/\/lofimusic.com.es\/index.php\/wp-json\/wp\/v2\/comments?post=35118"}],"wp:featuredmedia":[{"embeddable":true,"href":"https:\/\/lofimusic.com.es\/index.php\/wp-json\/wp\/v2\/media\/35117"}],"wp:attachment":[{"href":"https:\/\/lofimusic.com.es\/index.php\/wp-json\/wp\/v2\/media?parent=35118"}],"wp:term":[{"taxonomy":"product_cat","embeddable":true,"href":"https:\/\/lofimusic.com.es\/index.php\/wp-json\/wp\/v2\/product_cat?post=35118"},{"taxonomy":"product_tag","embeddable":true,"href":"https:\/\/lofimusic.com.es\/index.php\/wp-json\/wp\/v2\/product_tag?post=35118"}],"curies":[{"name":"wp","href":"https:\/\/api.w.org\/{rel}","templated":true}]}}