{"id":35112,"date":"2026-04-12T09:42:16","date_gmt":"2026-04-12T09:42:16","guid":{"rendered":"https:\/\/lofimusic.com.es\/index.php\/producto\/b0gv6kkxjx_de\/"},"modified":"2026-04-12T09:42:16","modified_gmt":"2026-04-12T09:42:16","slug":"b0gv6kkxjx_de","status":"publish","type":"product","link":"https:\/\/lofimusic.com.es\/index.php\/producto\/b0gv6kkxjx_de\/","title":{"rendered":"B0GV6KKXJX_DE"},"content":{"rendered":"<p>&#8211; Sanfte, langanhaltende Bitterstoff-Formel, die nach dem Auftragen einen unsichtbaren Schutzfilm bildet.<br \/>\n&#8211; Dient als sanfte Erinnerung, um unbewusstes N\u00e4gelkauen oder Bei\u00dfen in die Finger zu vermeiden.<br \/>\n&#8211; Trocknet schnell und hinterl\u00e4sst keine R\u00fcckst\u00e4nde.<\/p>\n","protected":false},"excerpt":{"rendered":"<p>Werbung<br \/>\n1 St\u00fcck Stift Gegen N\u00e4gelkauen, Nagelpflege ohne Glanz, Hilft Gewohnheiten abzulegen<\/p>\n","protected":false},"featured_media":35111,"comment_status":"open","ping_status":"closed","template":"","meta":[],"product_cat":[15],"product_tag":[],"class_list":{"0":"post-35112","1":"product","2":"type-product","3":"status-publish","4":"has-post-thumbnail","6":"product_cat-sin-categorizar","7":"nodate","8":"item-wrap","10":"first","11":"instock","12":"shipping-taxable","13":"product-type-external"},"_links":{"self":[{"href":"https:\/\/lofimusic.com.es\/index.php\/wp-json\/wp\/v2\/product\/35112","targetHints":{"allow":["GET"]}}],"collection":[{"href":"https:\/\/lofimusic.com.es\/index.php\/wp-json\/wp\/v2\/product"}],"about":[{"href":"https:\/\/lofimusic.com.es\/index.php\/wp-json\/wp\/v2\/types\/product"}],"replies":[{"embeddable":true,"href":"https:\/\/lofimusic.com.es\/index.php\/wp-json\/wp\/v2\/comments?post=35112"}],"wp:featuredmedia":[{"embeddable":true,"href":"https:\/\/lofimusic.com.es\/index.php\/wp-json\/wp\/v2\/media\/35111"}],"wp:attachment":[{"href":"https:\/\/lofimusic.com.es\/index.php\/wp-json\/wp\/v2\/media?parent=35112"}],"wp:term":[{"taxonomy":"product_cat","embeddable":true,"href":"https:\/\/lofimusic.com.es\/index.php\/wp-json\/wp\/v2\/product_cat?post=35112"},{"taxonomy":"product_tag","embeddable":true,"href":"https:\/\/lofimusic.com.es\/index.php\/wp-json\/wp\/v2\/product_tag?post=35112"}],"curies":[{"name":"wp","href":"https:\/\/api.w.org\/{rel}","templated":true}]}}