{"id":35108,"date":"2026-04-12T09:41:51","date_gmt":"2026-04-12T09:41:51","guid":{"rendered":"https:\/\/lofimusic.com.es\/index.php\/producto\/b0fpm2h61f_de\/"},"modified":"2026-04-12T09:41:51","modified_gmt":"2026-04-12T09:41:51","slug":"b0fpm2h61f_de","status":"publish","type":"product","link":"https:\/\/lofimusic.com.es\/index.php\/producto\/b0fpm2h61f_de\/","title":{"rendered":"B0FPM2H61F_DE"},"content":{"rendered":"<p>&#8211; Mit einem sanften Klebedesign, das die Nasenatmung w\u00e4hrend des Schlafs unterst\u00fctzt und die Mundatmung reduziert, geeignet f\u00fcr Personen, die ihre Atemgewohnheiten anpassen m\u00f6chten.<br \/>\n&#8211; Ist einfach anzuwenden und bietet einen hohen Tragekomfort w\u00e4hrend der Nacht, ohne den normalen Schlaf zu st\u00f6ren.<br \/>\n&#8211; Das atmungsaktive, weiche Material passt sich den Konturen der Haut an, passt sich verschiedenen Gesichtsformen an, ohne w\u00e4hrend des Tragens zu verrutschen.<br \/>\n&#8211; Die Anwendung ist ganz einfach: Reinigen und trocknen Sie das Gesicht vor dem Schlafengehen, legen Sie das Pflaster dann vorsichtig \u00fcber den Lippenbereich, achten Sie auf eine mittige Platzierung und dr\u00fccken Sie es fest an, um es zu befestigen.<br \/>\n&#8211; Es eignet sich f\u00fcr Personen, die auf ihre n\u00e4chtlichen Atemmuster achten, und l\u00e4sst sich zu Hause oder auf Reisen problemlos in den Alltag integrieren.<\/p>\n","protected":false},"excerpt":{"rendered":"<p>Werbung<br \/>\n40 Mundpflaster gegen Schnarchen, Anti Schnarch Schlafpflaster und Mund Tape f\u00fcr die Nacht, Unterst\u00fctzung f\u00fcr bessere Nasenatmung und besserer Schlaf, f\u00fcr M\u00e4nner und Frauen geeignet, Transparent<\/p>\n","protected":false},"featured_media":35107,"comment_status":"open","ping_status":"closed","template":"","meta":[],"product_cat":[15],"product_tag":[],"class_list":{"0":"post-35108","1":"product","2":"type-product","3":"status-publish","4":"has-post-thumbnail","6":"product_cat-sin-categorizar","7":"nodate","8":"item-wrap","10":"first","11":"instock","12":"shipping-taxable","13":"product-type-external"},"_links":{"self":[{"href":"https:\/\/lofimusic.com.es\/index.php\/wp-json\/wp\/v2\/product\/35108","targetHints":{"allow":["GET"]}}],"collection":[{"href":"https:\/\/lofimusic.com.es\/index.php\/wp-json\/wp\/v2\/product"}],"about":[{"href":"https:\/\/lofimusic.com.es\/index.php\/wp-json\/wp\/v2\/types\/product"}],"replies":[{"embeddable":true,"href":"https:\/\/lofimusic.com.es\/index.php\/wp-json\/wp\/v2\/comments?post=35108"}],"wp:featuredmedia":[{"embeddable":true,"href":"https:\/\/lofimusic.com.es\/index.php\/wp-json\/wp\/v2\/media\/35107"}],"wp:attachment":[{"href":"https:\/\/lofimusic.com.es\/index.php\/wp-json\/wp\/v2\/media?parent=35108"}],"wp:term":[{"taxonomy":"product_cat","embeddable":true,"href":"https:\/\/lofimusic.com.es\/index.php\/wp-json\/wp\/v2\/product_cat?post=35108"},{"taxonomy":"product_tag","embeddable":true,"href":"https:\/\/lofimusic.com.es\/index.php\/wp-json\/wp\/v2\/product_tag?post=35108"}],"curies":[{"name":"wp","href":"https:\/\/api.w.org\/{rel}","templated":true}]}}