{"id":351,"date":"2024-09-13T18:25:04","date_gmt":"2024-09-13T18:25:04","guid":{"rendered":"https:\/\/lofimusic.com.es\/index.php\/producto\/b0d7pzbwzg_fr\/"},"modified":"2024-09-13T18:25:04","modified_gmt":"2024-09-13T18:25:04","slug":"b0d7pzbwzg_fr","status":"publish","type":"product","link":"https:\/\/lofimusic.com.es\/index.php\/producto\/b0d7pzbwzg_fr\/","title":{"rendered":"B0D7PZBWZG_FR"},"content":{"rendered":"<p>&#8211; \u2605 S\u00e9curit\u00e9 \u2605 Adoptant la derni\u00e8re technologie, ce r\u00e9pulsif souris \u00e9met diff\u00e9rentes fr\u00e9quences d&#8217;onde ultrasonique pour irriter le syst\u00e8me nerveux des insectes et des rats, les rendant mal \u00e0 l&#8217;aise et s&#8217;\u00e9chapper progressivement. Les changements intermittents de la fr\u00e9quence des ultrasons les emp\u00eachent de d\u00e9velopper l&#8217;immunit\u00e9 et l&#8217;adaptabilit\u00e9. Utiliser des ultrasons pour guider les rongeurs, efficaces et non toxiques, ne posera pas une menace pour la sant\u00e9<br \/>\n&#8211; \u2605Bonne qualit\u00e9 \u2605 La bonne qualit\u00e9 est ins\u00e9parable des meilleurs mat\u00e9riaux: la coque principale est faite de mat\u00e9riau ABS ignifuge, qui a une forte r\u00e9sistance aux hautes temp\u00e9ratures et une dur\u00e9e de vie garantie.<br \/>\n&#8211; \u2605 \u00c9vite l&#8217;attaque de voiture \u2605 Les petits animaux et rongeurs peuvent m\u00e2cher \u00e0 travers les fils, ce qui donne un danger pour la s\u00e9curit\u00e9 pour les automobilistes. Emp\u00eache les animaux g\u00eanants d&#8217;endommager les parties de la voiture et de faire du mal \u00e0 eux-m\u00eames ou aux autres.<br \/>\n&#8211; \u2605 Gardien de longue dur\u00e9e 24 heures sur 24 \u2605 La technologie ultrasonique \u00e9loigne silencieusement les souris, facile \u00e0 transporter et une petite batterie est suffisante. Peut charger avec un adaptateur USB, installer des batteries, connecter l&#8217;alimentation du v\u00e9hicule (pratique et trois choix)<br \/>\n&#8211; \u2605 Appareil domestique efficace \u2605 : Comme les rats, les souris, les martres, les \u00e9cureuils, les \u00e9cureuils et autres rongeurs destructeurs r\u00e9parent souvent dans un coin cach\u00e9 et endommagent votre propri\u00e9t\u00e9. Ce r\u00e9pulsif rongeurs pour moteurs de voiture peut perturber le syst\u00e8me nerveux central des rongeurs avec les lumi res \u00e0 ultrasons \u00e0 haute fr\u00e9quence changeantes et LED stroboscopiques<\/p>\n","protected":false},"excerpt":{"rendered":"<p>publicit\u00e9<br \/>\nUltrasons Souris \u00e0 Ultrasons et Rats 360 \u00b0,Appareil Ultrason Souris avec 12 Lumi\u00e8res Stroboscopiques et PIR,R\u00e9pulsif Ultrasons Anti Rongeur Les et la Rats, Souris, Campagnols et Loirs<\/p>\n","protected":false},"featured_media":350,"comment_status":"open","ping_status":"closed","template":"","meta":[],"product_cat":[15],"product_tag":[],"class_list":{"0":"post-351","1":"product","2":"type-product","3":"status-publish","4":"has-post-thumbnail","6":"product_cat-sin-categorizar","7":"nodate","8":"item-wrap","10":"first","11":"instock","12":"shipping-taxable","13":"product-type-external"},"_links":{"self":[{"href":"https:\/\/lofimusic.com.es\/index.php\/wp-json\/wp\/v2\/product\/351","targetHints":{"allow":["GET"]}}],"collection":[{"href":"https:\/\/lofimusic.com.es\/index.php\/wp-json\/wp\/v2\/product"}],"about":[{"href":"https:\/\/lofimusic.com.es\/index.php\/wp-json\/wp\/v2\/types\/product"}],"replies":[{"embeddable":true,"href":"https:\/\/lofimusic.com.es\/index.php\/wp-json\/wp\/v2\/comments?post=351"}],"wp:featuredmedia":[{"embeddable":true,"href":"https:\/\/lofimusic.com.es\/index.php\/wp-json\/wp\/v2\/media\/350"}],"wp:attachment":[{"href":"https:\/\/lofimusic.com.es\/index.php\/wp-json\/wp\/v2\/media?parent=351"}],"wp:term":[{"taxonomy":"product_cat","embeddable":true,"href":"https:\/\/lofimusic.com.es\/index.php\/wp-json\/wp\/v2\/product_cat?post=351"},{"taxonomy":"product_tag","embeddable":true,"href":"https:\/\/lofimusic.com.es\/index.php\/wp-json\/wp\/v2\/product_tag?post=351"}],"curies":[{"name":"wp","href":"https:\/\/api.w.org\/{rel}","templated":true}]}}