{"id":35098,"date":"2026-04-12T09:31:08","date_gmt":"2026-04-12T09:31:08","guid":{"rendered":"https:\/\/lofimusic.com.es\/index.php\/producto\/b0fgwzy8hg_de\/"},"modified":"2026-04-12T09:31:08","modified_gmt":"2026-04-12T09:31:08","slug":"b0fgwzy8hg_de","status":"publish","type":"product","link":"https:\/\/lofimusic.com.es\/index.php\/producto\/b0fgwzy8hg_de\/","title":{"rendered":"B0FGWZY8HG_DE"},"content":{"rendered":"<p>&#8211; Das spezielle Oberfl\u00e4chenverfahren erh\u00f6ht die Adsorptionskraft, passt sich eng an die Z\u00e4hne an und ist nicht leicht zu schieben.<br \/>\n&#8211; Die Bedienung ist einfach und schnell, sie passt leicht und kann verwendet werden, spart Zeit und M\u00fche und eignet sich.<br \/>\n&#8211; Das einzigartige Design, das sich der Zahnkurve anpasst, hellt die Farbe der Z\u00e4hne auf, reduziert oberfl\u00e4chliche Zahnfleckenr.<br \/>\n&#8211; Einzeln hygienische Verpackung, jedes Paar Dentalaufkleber ist einzeln versiegelt, einfach zu entnehmen und zu verwenden, sauber zu halten.<br \/>\n&#8211; Kompaktes und tragbares Design, kann jederzeit zu Hause, auf Reisen oder im B\u00fcro verwendet werden.<\/p>\n","protected":false},"excerpt":{"rendered":"<p>Werbung<br \/>\nZahnwei\u00df Streifen, Z\u00e4hne Aufhellen Effektiv Flecken Entfernen, Sichere Rutschfeste f\u00fcr wei\u00dfere Z\u00e4hne, Hellviolett<\/p>\n","protected":false},"featured_media":35096,"comment_status":"open","ping_status":"closed","template":"","meta":[],"product_cat":[15],"product_tag":[],"class_list":{"0":"post-35098","1":"product","2":"type-product","3":"status-publish","4":"has-post-thumbnail","6":"product_cat-sin-categorizar","7":"nodate","8":"item-wrap","10":"first","11":"instock","12":"shipping-taxable","13":"product-type-external"},"_links":{"self":[{"href":"https:\/\/lofimusic.com.es\/index.php\/wp-json\/wp\/v2\/product\/35098","targetHints":{"allow":["GET"]}}],"collection":[{"href":"https:\/\/lofimusic.com.es\/index.php\/wp-json\/wp\/v2\/product"}],"about":[{"href":"https:\/\/lofimusic.com.es\/index.php\/wp-json\/wp\/v2\/types\/product"}],"replies":[{"embeddable":true,"href":"https:\/\/lofimusic.com.es\/index.php\/wp-json\/wp\/v2\/comments?post=35098"}],"wp:featuredmedia":[{"embeddable":true,"href":"https:\/\/lofimusic.com.es\/index.php\/wp-json\/wp\/v2\/media\/35096"}],"wp:attachment":[{"href":"https:\/\/lofimusic.com.es\/index.php\/wp-json\/wp\/v2\/media?parent=35098"}],"wp:term":[{"taxonomy":"product_cat","embeddable":true,"href":"https:\/\/lofimusic.com.es\/index.php\/wp-json\/wp\/v2\/product_cat?post=35098"},{"taxonomy":"product_tag","embeddable":true,"href":"https:\/\/lofimusic.com.es\/index.php\/wp-json\/wp\/v2\/product_tag?post=35098"}],"curies":[{"name":"wp","href":"https:\/\/api.w.org\/{rel}","templated":true}]}}