{"id":35094,"date":"2026-04-12T09:19:12","date_gmt":"2026-04-12T09:19:12","guid":{"rendered":"https:\/\/lofimusic.com.es\/index.php\/producto\/b0gjs2cq2f_de\/"},"modified":"2026-04-12T09:19:12","modified_gmt":"2026-04-12T09:19:12","slug":"b0gjs2cq2f_de","status":"publish","type":"product","link":"https:\/\/lofimusic.com.es\/index.php\/producto\/b0gjs2cq2f_de\/","title":{"rendered":"B0GJS2CQ2F_DE"},"content":{"rendered":"<p>&#8211; Dank seiner hochwertigen Formel dringt es tief in die Haarwurzeln ein und versorgt sie mit N\u00e4hrstoffen. St\u00e4rkt die Widerstandsf\u00e4higkeit der Wimpern von der Wurzel her.<br \/>\n&#8211; Die Fl\u00fcssigkeit ist klar und leicht, und der B\u00fcrstenkopf f\u00fchlt sich weich an. Nach dem Auftragen zieht sie schnell ein, ohne ein klebriges oder schweres Gef\u00fchl um die Augen herum zu hinterlassen.<br \/>\n&#8211; Nach der Reinigung einmal sanft mit dem mitgelieferten Pr\u00e4zisionsb\u00fcrstenkopf entlang der Wimpernwurzeln b\u00fcrsten. Kontakt mit den Augenlidern vermeiden und 30 Sekunden lang trocknen lassen.<\/p>\n","protected":false},"excerpt":{"rendered":"<p>Werbung<br \/>\n8ml Wimpernserum, Wimpern-Pflegeserum, Wimpernserum F\u00fcR L\u00e4Ngere Dickere Vollere Wimpern, Bequem Zu Verwenden, Hellviolett<\/p>\n","protected":false},"featured_media":35093,"comment_status":"open","ping_status":"closed","template":"","meta":[],"product_cat":[15],"product_tag":[],"class_list":{"0":"post-35094","1":"product","2":"type-product","3":"status-publish","4":"has-post-thumbnail","6":"product_cat-sin-categorizar","7":"nodate","8":"item-wrap","10":"first","11":"instock","12":"shipping-taxable","13":"product-type-external"},"_links":{"self":[{"href":"https:\/\/lofimusic.com.es\/index.php\/wp-json\/wp\/v2\/product\/35094","targetHints":{"allow":["GET"]}}],"collection":[{"href":"https:\/\/lofimusic.com.es\/index.php\/wp-json\/wp\/v2\/product"}],"about":[{"href":"https:\/\/lofimusic.com.es\/index.php\/wp-json\/wp\/v2\/types\/product"}],"replies":[{"embeddable":true,"href":"https:\/\/lofimusic.com.es\/index.php\/wp-json\/wp\/v2\/comments?post=35094"}],"wp:featuredmedia":[{"embeddable":true,"href":"https:\/\/lofimusic.com.es\/index.php\/wp-json\/wp\/v2\/media\/35093"}],"wp:attachment":[{"href":"https:\/\/lofimusic.com.es\/index.php\/wp-json\/wp\/v2\/media?parent=35094"}],"wp:term":[{"taxonomy":"product_cat","embeddable":true,"href":"https:\/\/lofimusic.com.es\/index.php\/wp-json\/wp\/v2\/product_cat?post=35094"},{"taxonomy":"product_tag","embeddable":true,"href":"https:\/\/lofimusic.com.es\/index.php\/wp-json\/wp\/v2\/product_tag?post=35094"}],"curies":[{"name":"wp","href":"https:\/\/api.w.org\/{rel}","templated":true}]}}