{"id":35089,"date":"2026-04-12T09:19:07","date_gmt":"2026-04-12T09:19:07","guid":{"rendered":"https:\/\/lofimusic.com.es\/index.php\/producto\/b0gl7q8l87_de\/"},"modified":"2026-04-12T09:19:07","modified_gmt":"2026-04-12T09:19:07","slug":"b0gl7q8l87_de","status":"publish","type":"product","link":"https:\/\/lofimusic.com.es\/index.php\/producto\/b0gl7q8l87_de\/","title":{"rendered":"B0GL7Q8L87_DE"},"content":{"rendered":"<p>&#8211; \ud83c\udf3f \u3010Nat\u00fcrliche Stoffwechsel-Aktivierung\u3011 Unser Detox-Tee kombiniert die kraftvollen Eigenschaften von gr\u00fcnem Tee (reich an Antioxidantien) mit Lotusbl\u00e4ttern und pr\u00e4biotischem Inulin. Diese synergetische Mischung regt sanft den Stoffwechsel an und unterst\u00fctzt Ihren K\u00f6rper dabei, effektiv Fett zu verbrennen<br \/>\n&#8211; \ud83c\udf43 \u3010Ganzheitliche Entgiftung &amp; Verdauung\u3011 Ideal f\u00fcr eine Detox-Kur: Die nat\u00fcrlichen Inhaltsstoffe f\u00f6rdern die Ausscheidung von Schadstoffen und wirken entschlackend. Inulin unterst\u00fctzt als Ballaststoff eine gesunde Darmflora und reguliert die Verdauung f\u00fcr ein sp\u00fcrbar leichteres Gef\u00fchl.<br \/>\n&#8211; \u2696\ufe0f \u3010Effektive Unterst\u00fctzung beim Abnehmen\u3011 Dieser Tee ist der perfekte Begleiter f\u00fcr Ihre Di\u00e4t- oder Fitnessziele. Er hilft, Hei\u00dfhunger zu reduzieren und kann durch seine stoffwechself\u00f6rdernde . Einfach in Ihre t\u00e4gliche Routine integrieren.<br \/>\n&#8211; \u2615 \u3010Wohlschmeckend &amp; Einfach in der Anwendung\u3011 Genie\u00dfen Sie 1Tassen dieses aromatischen, milden Kr\u00e4utertees t\u00e4glich \u2013 ideal morgens oder vor dem Training (28 St\u00fcck f\u00fcr eine 28-t\u00e4gige Kur) garantieren vollen Geschmack und einfache Handhabung.<br \/>\n&#8211; \u2705 \u3010100% Nat\u00fcrlich &amp; Vegan \u2013 F\u00fcr mehr Wohlbefinden\u3011 Hergestellt aus hochwertigen, nat\u00fcrlichen Zutaten. Frei von k\u00fcnstlichen Zus\u00e4tzen, Farbstoffen, Aromen und Laktose. Vegan und tierversuchsfrei. Ein reines Naturprodukt f\u00fcr mehr Energie, Vitalit\u00e4t und ein positives K\u00f6rpergef\u00fchl.<\/p>\n","protected":false},"excerpt":{"rendered":"<p>Werbung<br \/>\nDetox Tee zum Abnehmen \u2013 28 pcs Stoffwechsel Tee, Gr\u00fcne Entgiftungspulver mit Gr\u00fcntee, Lotusbl\u00e4ttern, Inulin | F\u00f6rdert Fettverbrennung, Verdauung &amp; Wohlbefinden | Nat\u00fcrliche Entgiftung, Vegan \ufeff<\/p>\n","protected":false},"featured_media":35087,"comment_status":"open","ping_status":"closed","template":"","meta":[],"product_cat":[15],"product_tag":[],"class_list":{"0":"post-35089","1":"product","2":"type-product","3":"status-publish","4":"has-post-thumbnail","6":"product_cat-sin-categorizar","7":"nodate","8":"item-wrap","10":"first","11":"instock","12":"shipping-taxable","13":"product-type-external"},"_links":{"self":[{"href":"https:\/\/lofimusic.com.es\/index.php\/wp-json\/wp\/v2\/product\/35089","targetHints":{"allow":["GET"]}}],"collection":[{"href":"https:\/\/lofimusic.com.es\/index.php\/wp-json\/wp\/v2\/product"}],"about":[{"href":"https:\/\/lofimusic.com.es\/index.php\/wp-json\/wp\/v2\/types\/product"}],"replies":[{"embeddable":true,"href":"https:\/\/lofimusic.com.es\/index.php\/wp-json\/wp\/v2\/comments?post=35089"}],"wp:featuredmedia":[{"embeddable":true,"href":"https:\/\/lofimusic.com.es\/index.php\/wp-json\/wp\/v2\/media\/35087"}],"wp:attachment":[{"href":"https:\/\/lofimusic.com.es\/index.php\/wp-json\/wp\/v2\/media?parent=35089"}],"wp:term":[{"taxonomy":"product_cat","embeddable":true,"href":"https:\/\/lofimusic.com.es\/index.php\/wp-json\/wp\/v2\/product_cat?post=35089"},{"taxonomy":"product_tag","embeddable":true,"href":"https:\/\/lofimusic.com.es\/index.php\/wp-json\/wp\/v2\/product_tag?post=35089"}],"curies":[{"name":"wp","href":"https:\/\/api.w.org\/{rel}","templated":true}]}}