{"id":35086,"date":"2026-04-12T09:19:04","date_gmt":"2026-04-12T09:19:04","guid":{"rendered":"https:\/\/lofimusic.com.es\/index.php\/producto\/b0gttc3kt5_de\/"},"modified":"2026-04-12T09:19:04","modified_gmt":"2026-04-12T09:19:04","slug":"b0gttc3kt5_de","status":"publish","type":"product","link":"https:\/\/lofimusic.com.es\/index.php\/producto\/b0gttc3kt5_de\/","title":{"rendered":"B0GTTC3KT5_DE"},"content":{"rendered":"<p>&#8211; Sanft &amp; Beruhigend: Speziell entwickelt f\u00fcr trockene, ger\u00f6tete und raue Haut \u2013 lindert sanft Unbehagen und hilft Ihrer Haut, in einen ruhigen, ausgeglichenen Zustand zur\u00fcckzukehren.<br \/>\n&#8211; Tiefe Feuchtigkeit: Zieht schnell ein, um Feuchtigkeit aufzuf\u00fcllen, und bildet eine atmungsaktive Schutzbarriere, die effektiv Spannungsgef\u00fchle und Trockenheit durch jahreszeitliche Wechsel oder Reibung mildert.<br \/>\n&#8211; Lindert Unbehagen: Die reichhaltige, beruhigende Textur wurde speziell formuliert, um angespannter Haut sofortige Linderung und Komfort zu bieten.<br \/>\n&#8211; Hochwertige Inhaltsstoffe: Mild und nicht klebend \u2013 f\u00fchlen Sie sich sicher, auch bei der Anwendung an empfindlichen Stellen. Ein vertrauensw\u00fcrdiger Begleiter f\u00fcr Ihre t\u00e4gliche Hautpflegeroutine.<br \/>\n&#8211; T\u00e4gliche Pflege: Leicht und nicht fettend, geeignet f\u00fcr alle K\u00f6rperbereiche \u2013 ideal zur Bew\u00e4ltigung unerwarteter kleiner Hautprobleme.<\/p>\n","protected":false},"excerpt":{"rendered":"<p>Werbung<br \/>\n100g Eczema Creme, Beruhigende Ekzem Anti Juckreiz Creme, N\u00e4hrende Feuchtigkeitspflege, Repair f\u00fcr trockene Haut, Lindert R\u00f6tungen, Sanfte Pflegecreme<\/p>\n","protected":false},"featured_media":35085,"comment_status":"open","ping_status":"closed","template":"","meta":[],"product_cat":[15],"product_tag":[],"class_list":{"0":"post-35086","1":"product","2":"type-product","3":"status-publish","4":"has-post-thumbnail","6":"product_cat-sin-categorizar","7":"nodate","8":"item-wrap","10":"first","11":"instock","12":"shipping-taxable","13":"product-type-external"},"_links":{"self":[{"href":"https:\/\/lofimusic.com.es\/index.php\/wp-json\/wp\/v2\/product\/35086","targetHints":{"allow":["GET"]}}],"collection":[{"href":"https:\/\/lofimusic.com.es\/index.php\/wp-json\/wp\/v2\/product"}],"about":[{"href":"https:\/\/lofimusic.com.es\/index.php\/wp-json\/wp\/v2\/types\/product"}],"replies":[{"embeddable":true,"href":"https:\/\/lofimusic.com.es\/index.php\/wp-json\/wp\/v2\/comments?post=35086"}],"wp:featuredmedia":[{"embeddable":true,"href":"https:\/\/lofimusic.com.es\/index.php\/wp-json\/wp\/v2\/media\/35085"}],"wp:attachment":[{"href":"https:\/\/lofimusic.com.es\/index.php\/wp-json\/wp\/v2\/media?parent=35086"}],"wp:term":[{"taxonomy":"product_cat","embeddable":true,"href":"https:\/\/lofimusic.com.es\/index.php\/wp-json\/wp\/v2\/product_cat?post=35086"},{"taxonomy":"product_tag","embeddable":true,"href":"https:\/\/lofimusic.com.es\/index.php\/wp-json\/wp\/v2\/product_tag?post=35086"}],"curies":[{"name":"wp","href":"https:\/\/api.w.org\/{rel}","templated":true}]}}