{"id":35080,"date":"2026-04-12T09:16:15","date_gmt":"2026-04-12T09:16:15","guid":{"rendered":"https:\/\/lofimusic.com.es\/index.php\/producto\/b0dmk5gq53_fr-2\/"},"modified":"2026-04-12T09:16:15","modified_gmt":"2026-04-12T09:16:15","slug":"b0dmk5gq53_fr-2","status":"publish","type":"product","link":"https:\/\/lofimusic.com.es\/index.php\/producto\/b0dmk5gq53_fr-2\/","title":{"rendered":"B0DMK5GQ53_FR"},"content":{"rendered":"<p>&#8211; [Sp\u00e9cifications du produit] : le paquet contient 1 rouleau de ruban fluorescent vert, la taille est de 10 mm * 5 m\u00e8tres, vous pouvez couper le ruban de marquage lumineux \u00e0 la longueur souhait\u00e9e, puis le coller l\u00e0 o\u00f9 vous souhaitez le coller.<br \/>\n&#8211; [Mat\u00e9riau de haute qualit\u00e9] : le ruban imperm\u00e9able fluorescent est fabriqu\u00e9 en mat\u00e9riau PET de stockage de lumi\u00e8re de haute qualit\u00e9, s\u00fbr et non toxique. Il poss\u00e8de son propre support adh\u00e9sif. La force d&#8217;adh\u00e9rence est tr\u00e8s bonne, imperm\u00e9able et r\u00e9sistante \u00e0 l&#8217;usure. . En absorbant la lumi\u00e8re naturelle ou la lumi\u00e8re, il peut \u00eatre charg\u00e9 rapidement, peut fonctionner et briller dans l&#8217;obscurit\u00e9, et est vert et respectueux de l&#8217;environnement.<br \/>\n&#8211; [Bande lumineuse auto-lumineuse] : les bandes lumineuses auto-adh\u00e9sives n&#8217;ont besoin que d&#8217;absorber compl\u00e8tement la lumi\u00e8re naturelle pour \u00e9clairer pendant une longue p\u00e9riode. Plus l&#8217;accumulation de lumi\u00e8re est forte, plus la lumi\u00e8re est brillante. Au fil du temps, la couleur de la bande lumineuse changera. La luminosit\u00e9 diminuera progressivement et apr\u00e8s avoir \u00e0 nouveau absorb\u00e9 la lumi\u00e8re, la luminosit\u00e9 reviendra \u00e0 la plus brillante. Il est recommand\u00e9 de le placer l\u00e0 o\u00f9 la lumi\u00e8re peut l&#8217;atteindre.<br \/>\n&#8211; [Forte adh\u00e9rence] : le ruban lumineux est livr\u00e9 avec un support adh\u00e9sif et peut \u00eatre coll\u00e9 sur des surfaces lisses et rugueuses, telles que les murs, les balustrades m\u00e9talliques, les textiles, la porcelaine, le bois et d&#8217;autres mat\u00e9riaux. Remarque : veuillez nettoyer la surface et vous assurer qu&#8217;il n&#8217;y a pas de poussi\u00e8re avant l&#8217;installation. D\u00e9collez ensuite le papier de protection au dos pour terminer l&#8217;installation. Il est \u00e9galement facile \u00e0 retirer et ne laisse aucun r\u00e9sidu.<br \/>\n&#8211; [Application multifonctionnelle] : le ruban fluorescent peut \u00eatre utilis\u00e9 pour marquer les endroits dangereux tels que les escaliers, les coins et les zones mal \u00e9clair\u00e9es, les couloirs, les panneaux de sortie, etc., pour servir d&#8217;avertissements et de rappels. Divers motifs peuvent \u00e9galement \u00eatre cr\u00e9\u00e9s avec du ruban fluorescent \u00e0 des fins d\u00e9coratives.<\/p>\n","protected":false},"excerpt":{"rendered":"<p>publicit\u00e91 Rouleau Fluorescent,Bande Fluorescente Autocollante,Autocollant Fluorescent,Autocollant,Ruban Fluorescent Adhesif,pour Utilisation sur Sc\u00e8nes,Escaliers,Couloirs,Panneaux de Sortie,5m * 10mm(Vert)<\/p>\n","protected":false},"featured_media":35079,"comment_status":"open","ping_status":"closed","template":"","meta":[],"product_cat":[15],"product_tag":[],"class_list":{"0":"post-35080","1":"product","2":"type-product","3":"status-publish","4":"has-post-thumbnail","6":"product_cat-sin-categorizar","7":"nodate","8":"item-wrap","10":"first","11":"instock","12":"shipping-taxable","13":"product-type-external"},"_links":{"self":[{"href":"https:\/\/lofimusic.com.es\/index.php\/wp-json\/wp\/v2\/product\/35080","targetHints":{"allow":["GET"]}}],"collection":[{"href":"https:\/\/lofimusic.com.es\/index.php\/wp-json\/wp\/v2\/product"}],"about":[{"href":"https:\/\/lofimusic.com.es\/index.php\/wp-json\/wp\/v2\/types\/product"}],"replies":[{"embeddable":true,"href":"https:\/\/lofimusic.com.es\/index.php\/wp-json\/wp\/v2\/comments?post=35080"}],"wp:featuredmedia":[{"embeddable":true,"href":"https:\/\/lofimusic.com.es\/index.php\/wp-json\/wp\/v2\/media\/35079"}],"wp:attachment":[{"href":"https:\/\/lofimusic.com.es\/index.php\/wp-json\/wp\/v2\/media?parent=35080"}],"wp:term":[{"taxonomy":"product_cat","embeddable":true,"href":"https:\/\/lofimusic.com.es\/index.php\/wp-json\/wp\/v2\/product_cat?post=35080"},{"taxonomy":"product_tag","embeddable":true,"href":"https:\/\/lofimusic.com.es\/index.php\/wp-json\/wp\/v2\/product_tag?post=35080"}],"curies":[{"name":"wp","href":"https:\/\/api.w.org\/{rel}","templated":true}]}}