{"id":35076,"date":"2026-04-12T09:13:06","date_gmt":"2026-04-12T09:13:06","guid":{"rendered":"https:\/\/lofimusic.com.es\/index.php\/producto\/b0fgwzy8hg_fr\/"},"modified":"2026-04-12T09:13:06","modified_gmt":"2026-04-12T09:13:06","slug":"b0fgwzy8hg_fr","status":"publish","type":"product","link":"https:\/\/lofimusic.com.es\/index.php\/producto\/b0fgwzy8hg_fr\/","title":{"rendered":"B0FGWZY8HG_FR"},"content":{"rendered":"<p>&#8211; Emballage hygi\u00e9nique individuel, chaque paire d&#8217;autocollants dentaires est scell\u00e9e individuellement, facile \u00e0 prendre et \u00e0 utiliser, \u00e0 garder propre.<br \/>\n&#8211; Le design unique qui \u00e9pouse la courbe des dents \u00e9claircit la couleur des dents, r\u00e9duit les taches de surface des dents et rend le sourire plus naturel et lumineux.<br \/>\n&#8211; Le processus de surface sp\u00e9cial am\u00e9liore la force d&#8217;adsorption, s&#8217;adapte \u00e9troitement aux dents et n&#8217;est pas facile \u00e0 glisser.<br \/>\n&#8211; L&#8217;op\u00e9ration est simple et rapide, elle s&#8217;adapte facilement et peut \u00eatre utilis\u00e9e, \u00e9conomise du temps.<br \/>\n&#8211; Conception compacte et portable, peut \u00eatre utilis\u00e9e \u00e0 tout moment \u00e0 la maison, en voyage ou au bureau.<\/p>\n","protected":false},"excerpt":{"rendered":"<p>publicit\u00e9Bande Blanchiment Dentaire, R\u00e9duit des Taches Dentaires Whitening Strips pour Caf\u00e9 et Th\u00e9, Violet clair<\/p>\n","protected":false},"featured_media":35075,"comment_status":"open","ping_status":"closed","template":"","meta":[],"product_cat":[15],"product_tag":[],"class_list":{"0":"post-35076","1":"product","2":"type-product","3":"status-publish","4":"has-post-thumbnail","6":"product_cat-sin-categorizar","7":"nodate","8":"item-wrap","10":"first","11":"instock","12":"shipping-taxable","13":"product-type-external"},"_links":{"self":[{"href":"https:\/\/lofimusic.com.es\/index.php\/wp-json\/wp\/v2\/product\/35076","targetHints":{"allow":["GET"]}}],"collection":[{"href":"https:\/\/lofimusic.com.es\/index.php\/wp-json\/wp\/v2\/product"}],"about":[{"href":"https:\/\/lofimusic.com.es\/index.php\/wp-json\/wp\/v2\/types\/product"}],"replies":[{"embeddable":true,"href":"https:\/\/lofimusic.com.es\/index.php\/wp-json\/wp\/v2\/comments?post=35076"}],"wp:featuredmedia":[{"embeddable":true,"href":"https:\/\/lofimusic.com.es\/index.php\/wp-json\/wp\/v2\/media\/35075"}],"wp:attachment":[{"href":"https:\/\/lofimusic.com.es\/index.php\/wp-json\/wp\/v2\/media?parent=35076"}],"wp:term":[{"taxonomy":"product_cat","embeddable":true,"href":"https:\/\/lofimusic.com.es\/index.php\/wp-json\/wp\/v2\/product_cat?post=35076"},{"taxonomy":"product_tag","embeddable":true,"href":"https:\/\/lofimusic.com.es\/index.php\/wp-json\/wp\/v2\/product_tag?post=35076"}],"curies":[{"name":"wp","href":"https:\/\/api.w.org\/{rel}","templated":true}]}}