{"id":35072,"date":"2026-04-12T09:12:58","date_gmt":"2026-04-12T09:12:58","guid":{"rendered":"https:\/\/lofimusic.com.es\/index.php\/producto\/b0gjrvrtzf_fr\/"},"modified":"2026-04-12T09:12:58","modified_gmt":"2026-04-12T09:12:58","slug":"b0gjrvrtzf_fr","status":"publish","type":"product","link":"https:\/\/lofimusic.com.es\/index.php\/producto\/b0gjrvrtzf_fr\/","title":{"rendered":"B0GJRVRTZF_FR"},"content":{"rendered":"<p>&#8211; Le flacon est petit et l\u00e9ger, et peut se glisser dans une trousse de maquillage portable. Herm\u00e9tiquement ferm\u00e9, il garantit un soin stable pour les voyages d&#8217;affaires et les voyages touristiques.<br \/>\n&#8211; Pinceau fin de type crayon eye-liner, application facile et pr\u00e9cise. Absorption rapide sans r\u00e9sidus, convient pour une utilisation nocturne. Pas besoin de rincer.<br \/>\n&#8211; Formule de haute qualit\u00e9 pour cr\u00e9er des yeux naturellement charmants, favoriser la croissance des cils et les rendre \u00e9pais et fins.<\/p>\n","protected":false},"excerpt":{"rendered":"<p>publicit\u00e98ml S\u00e9Rum Pour Cils, Serum Professionnel Cils Sourcils, Texture L\u00e9g\u00e8re et Rapide, Aide \u00e0 am\u00e9liorer l\u2019aspect g\u00e9n\u00e9ral, Violet profond<\/p>\n","protected":false},"featured_media":35071,"comment_status":"open","ping_status":"closed","template":"","meta":[],"product_cat":[15],"product_tag":[],"class_list":{"0":"post-35072","1":"product","2":"type-product","3":"status-publish","4":"has-post-thumbnail","6":"product_cat-sin-categorizar","7":"nodate","8":"item-wrap","10":"first","11":"instock","12":"shipping-taxable","13":"product-type-external"},"_links":{"self":[{"href":"https:\/\/lofimusic.com.es\/index.php\/wp-json\/wp\/v2\/product\/35072","targetHints":{"allow":["GET"]}}],"collection":[{"href":"https:\/\/lofimusic.com.es\/index.php\/wp-json\/wp\/v2\/product"}],"about":[{"href":"https:\/\/lofimusic.com.es\/index.php\/wp-json\/wp\/v2\/types\/product"}],"replies":[{"embeddable":true,"href":"https:\/\/lofimusic.com.es\/index.php\/wp-json\/wp\/v2\/comments?post=35072"}],"wp:featuredmedia":[{"embeddable":true,"href":"https:\/\/lofimusic.com.es\/index.php\/wp-json\/wp\/v2\/media\/35071"}],"wp:attachment":[{"href":"https:\/\/lofimusic.com.es\/index.php\/wp-json\/wp\/v2\/media?parent=35072"}],"wp:term":[{"taxonomy":"product_cat","embeddable":true,"href":"https:\/\/lofimusic.com.es\/index.php\/wp-json\/wp\/v2\/product_cat?post=35072"},{"taxonomy":"product_tag","embeddable":true,"href":"https:\/\/lofimusic.com.es\/index.php\/wp-json\/wp\/v2\/product_tag?post=35072"}],"curies":[{"name":"wp","href":"https:\/\/api.w.org\/{rel}","templated":true}]}}