{"id":35070,"date":"2026-04-12T09:12:57","date_gmt":"2026-04-12T09:12:57","guid":{"rendered":"https:\/\/lofimusic.com.es\/index.php\/producto\/b0gjs2cq2f_fr\/"},"modified":"2026-04-12T09:12:57","modified_gmt":"2026-04-12T09:12:57","slug":"b0gjs2cq2f_fr","status":"publish","type":"product","link":"https:\/\/lofimusic.com.es\/index.php\/producto\/b0gjs2cq2f_fr\/","title":{"rendered":"B0GJS2CQ2F_FR"},"content":{"rendered":"<p>&#8211; Gr\u00e2ce \u00e0 sa formule de haute qualit\u00e9, il p\u00e9n\u00e8tre profond\u00e9ment dans les racines des follicules pileux pour leur apporter des nutriments. Renforce la r\u00e9sistance des cils d\u00e8s la racine.<br \/>\n&#8211; Le liquide est clair et l\u00e9ger, et la brosse est douce au toucher. Apr\u00e8s application, il est rapidement absorb\u00e9 sans laisser de sensation collante ou lourde autour des yeux.<br \/>\n&#8211; Apr\u00e8s le nettoyage, brossez d\u00e9licatement la racine des cils \u00e0 l&#8217;aide de la brosse de pr\u00e9cision fournie. \u00c9vitez tout contact avec les paupi\u00e8res et laissez s\u00e9cher \u00e0 l&#8217;air libre pendant 30 secondes.<\/p>\n","protected":false},"excerpt":{"rendered":"<p>publicit\u00e98ml S\u00e9Rum Pour Cils, S\u00e9Rum Soin Des Cils Eyelash, Pour obtenir des cils plus longs et plus denses, Facile \u00e0 Appliquer, Violet clair<\/p>\n","protected":false},"featured_media":35069,"comment_status":"open","ping_status":"closed","template":"","meta":[],"product_cat":[15],"product_tag":[],"class_list":{"0":"post-35070","1":"product","2":"type-product","3":"status-publish","4":"has-post-thumbnail","6":"product_cat-sin-categorizar","7":"nodate","8":"item-wrap","10":"first","11":"instock","12":"shipping-taxable","13":"product-type-external"},"_links":{"self":[{"href":"https:\/\/lofimusic.com.es\/index.php\/wp-json\/wp\/v2\/product\/35070","targetHints":{"allow":["GET"]}}],"collection":[{"href":"https:\/\/lofimusic.com.es\/index.php\/wp-json\/wp\/v2\/product"}],"about":[{"href":"https:\/\/lofimusic.com.es\/index.php\/wp-json\/wp\/v2\/types\/product"}],"replies":[{"embeddable":true,"href":"https:\/\/lofimusic.com.es\/index.php\/wp-json\/wp\/v2\/comments?post=35070"}],"wp:featuredmedia":[{"embeddable":true,"href":"https:\/\/lofimusic.com.es\/index.php\/wp-json\/wp\/v2\/media\/35069"}],"wp:attachment":[{"href":"https:\/\/lofimusic.com.es\/index.php\/wp-json\/wp\/v2\/media?parent=35070"}],"wp:term":[{"taxonomy":"product_cat","embeddable":true,"href":"https:\/\/lofimusic.com.es\/index.php\/wp-json\/wp\/v2\/product_cat?post=35070"},{"taxonomy":"product_tag","embeddable":true,"href":"https:\/\/lofimusic.com.es\/index.php\/wp-json\/wp\/v2\/product_tag?post=35070"}],"curies":[{"name":"wp","href":"https:\/\/api.w.org\/{rel}","templated":true}]}}