{"id":35066,"date":"2026-04-11T21:06:49","date_gmt":"2026-04-11T21:06:49","guid":{"rendered":"https:\/\/lofimusic.com.es\/index.php\/producto\/b08g4lfs9f_es\/"},"modified":"2026-04-11T21:06:49","modified_gmt":"2026-04-11T21:06:49","slug":"b08g4lfs9f_es","status":"publish","type":"product","link":"https:\/\/lofimusic.com.es\/index.php\/producto\/b08g4lfs9f_es\/","title":{"rendered":"B08G4LFS9F_ES"},"content":{"rendered":"<p>&#8211; Esta l\u00e1mpara de techo LED moderna, fabricada de metal y pl\u00e1stico, se convertir\u00e1 en un verdadero atractivo gracias a su dise\u00f1o en color negro<br \/>\n&#8211; Las dos barras de luces LED onduladas distribuyen la luz de manera \u00f3ptima en la habitaci\u00f3n y por lo tanto aseguran una iluminaci\u00f3n adecuada; la l\u00e1mpara ofrece una gran infinidad de aplicaciones posibles, por ejemplo, como l\u00e1mpara de sal\u00f3n, de dormitorio, de cocina o de pasillo<br \/>\n&#8211; Los m\u00f3dulos LED instalados convencen con un ahorro de energ\u00eda de 12 vatios (6 vatios cada uno), una potencia lum\u00ednica de 960 l\u00famenes (480 l\u00famenes cada uno) y una temperatura crom\u00e1tica de 3,000 Kelvin (color de luz blanco c\u00e1lido)<br \/>\n&#8211; La vida \u00fatil media es de aproximadamente 20,000 horas; debido a la clase de protecci\u00f3n IP20, esta l\u00e1mpara solo est\u00e1 destinada para su uso en interiores<br \/>\n&#8211; Dimensiones del producto: 555 x 120 x 72 mm (Lar x An x Al)<br \/>\n&#8211; Este producto es un producto continente; los productos continentes son luminarias que pueden desmontarse para permitir la verificaci\u00f3n independiente de las fuentes luminosas que contienen; este producto contiene una fuente luminosa de rating G<\/p>\n","protected":false},"excerpt":{"rendered":"<p>Publicidad Briloner Leuchten \u2013 L\u00e1mpara de techo LED, l\u00e1mpara de techo con 2 tiras, 12 vatios, 960 l\u00famenes, 3000 Kelvin, negro, 555 x 120 x 72 mm (Lar x An x Al)<\/p>\n","protected":false},"featured_media":35065,"comment_status":"open","ping_status":"closed","template":"","meta":[],"product_cat":[15],"product_tag":[],"class_list":{"0":"post-35066","1":"product","2":"type-product","3":"status-publish","4":"has-post-thumbnail","6":"product_cat-sin-categorizar","7":"nodate","8":"item-wrap","10":"first","11":"instock","12":"shipping-taxable","13":"product-type-external"},"_links":{"self":[{"href":"https:\/\/lofimusic.com.es\/index.php\/wp-json\/wp\/v2\/product\/35066","targetHints":{"allow":["GET"]}}],"collection":[{"href":"https:\/\/lofimusic.com.es\/index.php\/wp-json\/wp\/v2\/product"}],"about":[{"href":"https:\/\/lofimusic.com.es\/index.php\/wp-json\/wp\/v2\/types\/product"}],"replies":[{"embeddable":true,"href":"https:\/\/lofimusic.com.es\/index.php\/wp-json\/wp\/v2\/comments?post=35066"}],"wp:featuredmedia":[{"embeddable":true,"href":"https:\/\/lofimusic.com.es\/index.php\/wp-json\/wp\/v2\/media\/35065"}],"wp:attachment":[{"href":"https:\/\/lofimusic.com.es\/index.php\/wp-json\/wp\/v2\/media?parent=35066"}],"wp:term":[{"taxonomy":"product_cat","embeddable":true,"href":"https:\/\/lofimusic.com.es\/index.php\/wp-json\/wp\/v2\/product_cat?post=35066"},{"taxonomy":"product_tag","embeddable":true,"href":"https:\/\/lofimusic.com.es\/index.php\/wp-json\/wp\/v2\/product_tag?post=35066"}],"curies":[{"name":"wp","href":"https:\/\/api.w.org\/{rel}","templated":true}]}}