{"id":35064,"date":"2026-04-11T20:57:16","date_gmt":"2026-04-11T20:57:16","guid":{"rendered":"https:\/\/lofimusic.com.es\/index.php\/producto\/b0f2dtndhz_es\/"},"modified":"2026-04-11T20:57:16","modified_gmt":"2026-04-11T20:57:16","slug":"b0f2dtndhz_es","status":"publish","type":"product","link":"https:\/\/lofimusic.com.es\/index.php\/producto\/b0f2dtndhz_es\/","title":{"rendered":"B0F2DTNDHZ_ES"},"content":{"rendered":"<p>&#8211; Dise\u00f1o moderno: esta l\u00e1mpara de techo adopta un dise\u00f1o ovalado, blanco con negro, de moda y hermoso, flexible para adaptarse a una variedad de escenas de muebles<br \/>\n&#8211; Par\u00e1metros de especificaci\u00f3n: tama\u00f1o de la plafon techo: 48X12.5X5cm, temperatura de color: 6500K luz blanca, potencia: 30W, l\u00famenes: 3375LM, voltaje: 220V-240V, color: blanco + negro, forma: ovalada<br \/>\n&#8211; Material: La luz de techo LED adopta un marco de aluminio con pantalla acr\u00edlica esmerilada, el marco de aluminio es anticorrosivo y antioxidante, y la pantalla acr\u00edlica tiene caracter\u00edsticas de alta transmitancia, lo que hace que la luz sea m\u00e1s uniforme y suave<br \/>\n&#8211; Colores realistas y protecci\u00f3n ocular: El \u00edndice de reproducci\u00f3n crom\u00e1tica de la l\u00e1mpara de techo ovalada es superior a 80, la luz se acerca m\u00e1s al color original real del objeto. La luz se dispersa uniformemente a todos los rincones de la habitaci\u00f3n, proteger mejor sus ojos<br \/>\n&#8211; Escenas aplicables: l\u00e1mpara de techo de dise\u00f1o sencillo y moderno, aporta 6500K de luz brillante, adecuada para dormitorio, sal\u00f3n, cocina, oficina, comedor, pasillo, etc<\/p>\n","protected":false},"excerpt":{"rendered":"<p>Publicidad Riserva L\u00e1mpara de Techo LED, 30W 3375LM Plafon Techo Negro Moderno, 6500K Luz Blanca Fr\u00edo, Ovalada Luz de Techo Acr\u00edlico para Dormitorio, Cocina, Balc\u00f3n, Pasillo, Oficina, 48cm<\/p>\n","protected":false},"featured_media":35063,"comment_status":"open","ping_status":"closed","template":"","meta":[],"product_cat":[15],"product_tag":[],"class_list":{"0":"post-35064","1":"product","2":"type-product","3":"status-publish","4":"has-post-thumbnail","6":"product_cat-sin-categorizar","7":"nodate","8":"item-wrap","10":"first","11":"instock","12":"shipping-taxable","13":"product-type-external"},"_links":{"self":[{"href":"https:\/\/lofimusic.com.es\/index.php\/wp-json\/wp\/v2\/product\/35064","targetHints":{"allow":["GET"]}}],"collection":[{"href":"https:\/\/lofimusic.com.es\/index.php\/wp-json\/wp\/v2\/product"}],"about":[{"href":"https:\/\/lofimusic.com.es\/index.php\/wp-json\/wp\/v2\/types\/product"}],"replies":[{"embeddable":true,"href":"https:\/\/lofimusic.com.es\/index.php\/wp-json\/wp\/v2\/comments?post=35064"}],"wp:featuredmedia":[{"embeddable":true,"href":"https:\/\/lofimusic.com.es\/index.php\/wp-json\/wp\/v2\/media\/35063"}],"wp:attachment":[{"href":"https:\/\/lofimusic.com.es\/index.php\/wp-json\/wp\/v2\/media?parent=35064"}],"wp:term":[{"taxonomy":"product_cat","embeddable":true,"href":"https:\/\/lofimusic.com.es\/index.php\/wp-json\/wp\/v2\/product_cat?post=35064"},{"taxonomy":"product_tag","embeddable":true,"href":"https:\/\/lofimusic.com.es\/index.php\/wp-json\/wp\/v2\/product_tag?post=35064"}],"curies":[{"name":"wp","href":"https:\/\/api.w.org\/{rel}","templated":true}]}}