{"id":35060,"date":"2026-04-11T20:48:50","date_gmt":"2026-04-11T20:48:50","guid":{"rendered":"https:\/\/lofimusic.com.es\/index.php\/producto\/b0ffb5sy39_es\/"},"modified":"2026-04-11T20:48:50","modified_gmt":"2026-04-11T20:48:50","slug":"b0ffb5sy39_es","status":"publish","type":"product","link":"https:\/\/lofimusic.com.es\/index.php\/producto\/b0ffb5sy39_es\/","title":{"rendered":"B0FFB5SY39_ES"},"content":{"rendered":"<p>&#8211; 128 Cuentas de L\u00e1mpara LED: Esta luz de gabinete tiene 128 cuentas de l\u00e1mpara, con un dise\u00f1o de iluminaci\u00f3n de alta potencia, emite una luz s\u00faper brillante, puede iluminar el entorno circundante en un amplio rango y disipar cualquier oscuridad en la habitaci\u00f3n. El cuerpo de la l\u00e1mpara est\u00e1 hecho de aleaci\u00f3n de aluminio, que es muy resistente y duradera.<br \/>\n&#8211; 3 Temperaturas de Color y 5 Niveles de Brillo: Gritin Luz de Armario tiene 3 temperaturas de color, luz mixta de 4500 K\/luz blanca de 6000 K\/luz c\u00e1lida de 3000 K, Presione brevemente el bot\u00f3n de temperatura de color para cambiar entre 3 modos. Presione brevemente el bot\u00f3n de brillo para cambiar entre 5 niveles de brillo (100%-75%-50%-25%-10%), mantenga presionado el bot\u00f3n de brillo para lograr una atenuaci\u00f3n continua. al mismo tiempo con una funci\u00f3n de memoria de brillo\/temperatura de color.<br \/>\n&#8211; Modos de Sensor Pr\u00e1cticos M\u00faltiples: LED Luces Cocina tiene modo de sensor nocturno y modo de sensor diurno. En el modo de sensor nocturno, el sensor crepuscular detecta luz insuficiente y el sensor de movimiento detecta movimiento al mismo tiempo y la luz se enciende autom\u00e1ticamente. En el modo de sensor diurno, el sensor de movimiento detecta movimiento y la luz se enciende autom\u00e1ticamente. En ambos modos, la luz se apaga autom\u00e1ticamente despu\u00e9s de 20-25 segundos si no se detecta movimiento.<br \/>\n&#8211; USB C Recargable y De Larga Duraci\u00f3n: Bater\u00eda incorporada de 2500 mAh, que se puede cargar f\u00e1cil y r\u00e1pidamente conect\u00e1ndola a una computadora, banco de energ\u00eda o cargador a trav\u00e9s del cable de carga USB C incluido. La luz se puede utilizar hasta 8 horas en modo de alto brillo y de 7 a 45 d\u00edas en modo sensor. ahorro de energ\u00eda y durabilidad. \u00a1Es la opci\u00f3n perfecta para mejorar la iluminaci\u00f3n de tu hogar!<br \/>\n&#8211; Instalaci\u00f3n Sencilla y Amplia Aplicaci\u00f3n: Con imanes incorporados, la luz del gabinete se puede conectar directamente a la superficie de objetos magn\u00e9ticos; Si se trata de un objeto no magn\u00e9tico, simplemente utilice la placa de hierro adhesiva incluida para fijar el producto a su superficie. Puedes sacar la luz LED en cualquier momento y en cualquier lugar para cargarla o cambiar su posici\u00f3n. Es muy adecuado para instalar en cocinas, armarios, pasillos, escaleras, garajes y otras \u00e1reas.<\/p>\n","protected":false},"excerpt":{"rendered":"<p>Publicidad Gritin 37.5CM Luz de Armario Recargable con Sensor de Movimiento, 2 Pack LED Luces Cocina &#8211; 3 Modos de Color, 5 Niveles de Brillo, Atenuaci\u00f3n Continua, Ideal para Gabinete, Cocina, Escalera, Pasillo<\/p>\n","protected":false},"featured_media":35059,"comment_status":"open","ping_status":"closed","template":"","meta":[],"product_cat":[15],"product_tag":[],"class_list":{"0":"post-35060","1":"product","2":"type-product","3":"status-publish","4":"has-post-thumbnail","6":"product_cat-sin-categorizar","7":"nodate","8":"item-wrap","10":"first","11":"instock","12":"shipping-taxable","13":"product-type-external"},"_links":{"self":[{"href":"https:\/\/lofimusic.com.es\/index.php\/wp-json\/wp\/v2\/product\/35060","targetHints":{"allow":["GET"]}}],"collection":[{"href":"https:\/\/lofimusic.com.es\/index.php\/wp-json\/wp\/v2\/product"}],"about":[{"href":"https:\/\/lofimusic.com.es\/index.php\/wp-json\/wp\/v2\/types\/product"}],"replies":[{"embeddable":true,"href":"https:\/\/lofimusic.com.es\/index.php\/wp-json\/wp\/v2\/comments?post=35060"}],"wp:featuredmedia":[{"embeddable":true,"href":"https:\/\/lofimusic.com.es\/index.php\/wp-json\/wp\/v2\/media\/35059"}],"wp:attachment":[{"href":"https:\/\/lofimusic.com.es\/index.php\/wp-json\/wp\/v2\/media?parent=35060"}],"wp:term":[{"taxonomy":"product_cat","embeddable":true,"href":"https:\/\/lofimusic.com.es\/index.php\/wp-json\/wp\/v2\/product_cat?post=35060"},{"taxonomy":"product_tag","embeddable":true,"href":"https:\/\/lofimusic.com.es\/index.php\/wp-json\/wp\/v2\/product_tag?post=35060"}],"curies":[{"name":"wp","href":"https:\/\/api.w.org\/{rel}","templated":true}]}}