{"id":349,"date":"2024-09-13T18:24:05","date_gmt":"2024-09-13T18:24:05","guid":{"rendered":"https:\/\/lofimusic.com.es\/index.php\/producto\/b0bgxj1p5p_it\/"},"modified":"2024-09-13T18:24:05","modified_gmt":"2024-09-13T18:24:05","slug":"b0bgxj1p5p_it","status":"publish","type":"product","link":"https:\/\/lofimusic.com.es\/index.php\/producto\/b0bgxj1p5p_it\/","title":{"rendered":"B0BGXJ1P5P_IT"},"content":{"rendered":"<p>&#8211; Alta qualit\u00e0: questo nastro biadesivo \u00e8 realizzato in adesivo acrilico e il materiale del retro \u00e8 in PET di alta qualit\u00e0, atossico e innocuo, pieno di adesione, riutilizzabile e lavabile.<br \/>\n&#8211; Dimensioni: la larghezza del nastro biadesivo \u00e8 di 3 mm, lo spessore \u00e8 di circa 0,5 mm e la lunghezza totale di un rotolo \u00e8 di circa 10 m.Il nastro biadesivo stesso \u00e8 trasparente e il materiale di supporto \u00e8 rosso.<br \/>\n&#8211; Caratteristiche: facile da usare, si strappa senza residui di colla, \u00e8 molto morbido, non danneggia la superficie degli oggetti, impermeabile, resistente all&#8217;umidit\u00e0 e alla temperatura, altamente trasparente, ha una buona duttilit\u00e0 e il tempo di ritenzione appiccicoso \u00e8 lungo.<br \/>\n&#8211; Multiuso: il nastro biadesivo trasparente pu\u00f2 essere utilizzato in molte occasioni, casa, ufficio, esterno, apparecchi elettronici, produzione industriale sono adatti, possono essere utilizzati per tappeti, poster, cornici per foto, attaccapanni, fai-da-te quotidiano, ecc.<br \/>\n&#8211; Adatto: il nastro biadesivo \u00e8 adatto per pareti, piastre inferiori, porte, finestre, metallo, plastica, legno, piastrelle, vetro, marmo, ecc. Prima di utilizzare il nastro biadesivo, mantenere la superficie dell&#8217;oggetto asciutta e pulita, e l&#8217;effetto appiccicoso \u00e8 migliore.<\/p>\n","protected":false},"excerpt":{"rendered":"<p>pubblicit\u00e0<br \/>\nANDSHUAI Nastro Biadesivo trasparente,Biadesivo Extra Forte,Acrilico Nastro,Multifunzione Trasparente Nastro Adesivo,Nastro di montaggio,Riutilizzabile,per Foto,Poster,Tappeti,DIY,1 rotolo 10m(3mm)<\/p>\n","protected":false},"featured_media":346,"comment_status":"open","ping_status":"closed","template":"","meta":[],"product_cat":[15],"product_tag":[],"class_list":{"0":"post-349","1":"product","2":"type-product","3":"status-publish","4":"has-post-thumbnail","6":"product_cat-sin-categorizar","7":"nodate","8":"item-wrap","10":"first","11":"instock","12":"shipping-taxable","13":"product-type-external"},"_links":{"self":[{"href":"https:\/\/lofimusic.com.es\/index.php\/wp-json\/wp\/v2\/product\/349","targetHints":{"allow":["GET"]}}],"collection":[{"href":"https:\/\/lofimusic.com.es\/index.php\/wp-json\/wp\/v2\/product"}],"about":[{"href":"https:\/\/lofimusic.com.es\/index.php\/wp-json\/wp\/v2\/types\/product"}],"replies":[{"embeddable":true,"href":"https:\/\/lofimusic.com.es\/index.php\/wp-json\/wp\/v2\/comments?post=349"}],"wp:featuredmedia":[{"embeddable":true,"href":"https:\/\/lofimusic.com.es\/index.php\/wp-json\/wp\/v2\/media\/346"}],"wp:attachment":[{"href":"https:\/\/lofimusic.com.es\/index.php\/wp-json\/wp\/v2\/media?parent=349"}],"wp:term":[{"taxonomy":"product_cat","embeddable":true,"href":"https:\/\/lofimusic.com.es\/index.php\/wp-json\/wp\/v2\/product_cat?post=349"},{"taxonomy":"product_tag","embeddable":true,"href":"https:\/\/lofimusic.com.es\/index.php\/wp-json\/wp\/v2\/product_tag?post=349"}],"curies":[{"name":"wp","href":"https:\/\/api.w.org\/{rel}","templated":true}]}}