{"id":34878,"date":"2026-04-07T13:28:58","date_gmt":"2026-04-07T13:28:58","guid":{"rendered":"https:\/\/lofimusic.com.es\/index.php\/producto\/b0gs95j95d_de\/"},"modified":"2026-04-07T13:28:58","modified_gmt":"2026-04-07T13:28:58","slug":"b0gs95j95d_de","status":"publish","type":"product","link":"https:\/\/lofimusic.com.es\/index.php\/producto\/b0gs95j95d_de\/","title":{"rendered":"B0GS95J95D_DE"},"content":{"rendered":"<p>&#8211; Effektives Haushaltsger\u00e4t: Da Ratten, M\u00e4use, Marder, Eichh\u00f6rnchen, Eichh\u00f6rnchen und andere zerst\u00f6rerische Nagetiere oft in einer versteckten Ecke reparieren und Ihr Eigentum besch\u00e4digen. Dieser Nagetiervertreiber f\u00fcr Automotoren kann das zentrale Nervensystem von Nagetieren mit wechselnden Hochfrequenz-Ultraschalllichtern und Stroboskop-LEDs st\u00f6ren<br \/>\n&#8211; Gute Qualit\u00e4t Gute Qualit\u00e4t ist untrennbar mit den besten Materialien: Das Hauptgeh\u00e4use besteht aus feuerfestem ABS-Material, das eine starke Hochtemperaturbest\u00e4ndigkeit und garantierte Haltbarkeit aufweist.<br \/>\n&#8211; Sicherheit Mit der neuesten Technologie emittiert dieses M\u00e4useabwehrmittel verschiedene Ultraschallwellenfrequenzen, um das Nervensystem von Insekten und Ratten zu reizen, wodurch sie sich unwohl f\u00fchlen und allm\u00e4hlich wegfliehen. Intermittierende \u00c4nderungen der Ultraschallfrequenz verhindern, dass sie Immunit\u00e4t und Anpassungsf\u00e4higkeit entwickeln. Verwenden Sie Ultraschall, um Nagetiere zu f\u00fchren, effektiv und ungiftig, keine Gefahr f\u00fcr die Gesundheit darstellen<br \/>\n&#8211; Vermeiden Sie den Angriff von Autos Kleine Tiere und Nagetiere k\u00f6nnen durch die Dr\u00e4hte kauen, was eine Sicherheitsgefahr f\u00fcr Autofahrer darstellt. Verhindern Sie, dass l\u00e4stige Tiere die Autoteile besch\u00e4digen und sich selbst oder anderen Schaden zuf\u00fcgen.<br \/>\n&#8211; MULTIFREQUENZ UND BREITE ABDECKUNG &#8211; Es verwendet die neueste Ultraschall- und elektromagnetische Technologie mit variabler Frequenz, so dass Ratten und andere Sch\u00e4dlinge keine Immunit\u00e4t und Anpassungsf\u00e4higkeit entwickeln k\u00f6nnen, um sie zu vertreiben, M\u00e4usevertreiber Ultraschall k\u00f6nnen bis zu 300\u33a1. wirksam sein und k\u00f6nnen weit in H\u00e4usern, Bauernh\u00f6fen, B\u00fcros, Fabriken, Werkst\u00e4tten, Krankenh\u00e4usern, Hotels, etc. verwendet werden<\/p>\n","protected":false},"excerpt":{"rendered":"<p>Werbung<br \/>\nM\u00e4useabwehr, Ultraschall f\u00fcr Ratten, Ultraschall Maus mit LED-Licht, Abwehrmittel f\u00fcr M\u00e4use, Nager, Sch\u00e4dlinge, Ratten, Spinnen, Motten, Ameisen-2 Packs<\/p>\n","protected":false},"featured_media":34877,"comment_status":"open","ping_status":"closed","template":"","meta":[],"product_cat":[15],"product_tag":[],"class_list":{"0":"post-34878","1":"product","2":"type-product","3":"status-publish","4":"has-post-thumbnail","6":"product_cat-sin-categorizar","7":"nodate","8":"item-wrap","10":"first","11":"instock","12":"shipping-taxable","13":"product-type-external"},"_links":{"self":[{"href":"https:\/\/lofimusic.com.es\/index.php\/wp-json\/wp\/v2\/product\/34878","targetHints":{"allow":["GET"]}}],"collection":[{"href":"https:\/\/lofimusic.com.es\/index.php\/wp-json\/wp\/v2\/product"}],"about":[{"href":"https:\/\/lofimusic.com.es\/index.php\/wp-json\/wp\/v2\/types\/product"}],"replies":[{"embeddable":true,"href":"https:\/\/lofimusic.com.es\/index.php\/wp-json\/wp\/v2\/comments?post=34878"}],"wp:featuredmedia":[{"embeddable":true,"href":"https:\/\/lofimusic.com.es\/index.php\/wp-json\/wp\/v2\/media\/34877"}],"wp:attachment":[{"href":"https:\/\/lofimusic.com.es\/index.php\/wp-json\/wp\/v2\/media?parent=34878"}],"wp:term":[{"taxonomy":"product_cat","embeddable":true,"href":"https:\/\/lofimusic.com.es\/index.php\/wp-json\/wp\/v2\/product_cat?post=34878"},{"taxonomy":"product_tag","embeddable":true,"href":"https:\/\/lofimusic.com.es\/index.php\/wp-json\/wp\/v2\/product_tag?post=34878"}],"curies":[{"name":"wp","href":"https:\/\/api.w.org\/{rel}","templated":true}]}}