{"id":34856,"date":"2026-04-07T04:48:45","date_gmt":"2026-04-07T04:48:45","guid":{"rendered":"https:\/\/lofimusic.com.es\/index.php\/producto\/b0fvffbpvc_de\/"},"modified":"2026-04-07T04:48:45","modified_gmt":"2026-04-07T04:48:45","slug":"b0fvffbpvc_de","status":"publish","type":"product","link":"https:\/\/lofimusic.com.es\/index.php\/producto\/b0fvffbpvc_de\/","title":{"rendered":"B0FVFFBPVC_DE"},"content":{"rendered":"<p>&#8211; \u3010Hochwirksame Haarentfernung\u3011Katzenhaarentferner haben doppelseitige design verbessert die Reinigungseffizienz deutlich, spart Zeit und Energie und macht die Tierhaarentfernung einfach und effizient. Beim Abwischen wird die Haut Ihres Haustiers nicht besch\u00e4digt.<br \/>\n&#8211; \u3010Bequeme Material\u3011Dieser tierhaarentferner handschuh besteht aus hochwertigem, hocheffizientem elektrostaAtischem Haarentfernungsgewebe, das verschlei\u00dffest und langlebig ist. Weiches und haustierfreundliches f\u00fcr ein angenehmes Pflegeerlebnis.<br \/>\n&#8211; \u3010Ergonomischer Tragekomfort\u3011Der Tierhaarentferner Handschuh \u00fcberzeugt mit ergonomischem Design, angenehm zu tragen und bietet sicheren Halt sowie minimalen Erm\u00fcdungsgrad \u2013 auch bei l\u00e4ngerer Nutzung. Die robuste Struktur kann wiederholt verwendet werden.<br \/>\n&#8211; \u3010Allrounder f\u00fcr Reinigung\u3011Diese fellhandschuh k\u00f6nnen zum Reinigen von Haustieren Haare, sondern auch f\u00fcr Kleidung, Sofas, Teppiche. Gereinigt werden, die mit Tierhaaren verschmutzt sind. Ein echtes multifunktionales Reinigungswerkzeug.<br \/>\n&#8211; \u3010Praktisch Fell Magnet Handschuh\u3011Mit dem Haarentfernung Handschuh Tiere reduzieren Sie Tierhaare in Ihrem Zuhause deutlich und sorgt f\u00fcr eine saubere, gesunde und behagliche Wohnatmosph\u00e4re. Wenn Sie irgendwelche Fragen \u00fcber tierhaarentferner haben, z\u00f6gern Sie bitte nicht zu kontaktieren, wir werden es so schnell wie m\u00f6glich f\u00fcr Sie l\u00f6sen.<\/p>\n","protected":false},"excerpt":{"rendered":"<p>Werbung<br \/>\n2 St\u00fcck Tierhaarentferner Handschuh, Katzenhaarentferner, Effiziente Haarentfernung, Fell Magnet Handschuh, Doppelseitige Fellmagnet zur Tierpflege f\u00fcr Kleidung, Sofas, Teppiche<\/p>\n","protected":false},"featured_media":34855,"comment_status":"open","ping_status":"closed","template":"","meta":[],"product_cat":[15],"product_tag":[],"class_list":{"0":"post-34856","1":"product","2":"type-product","3":"status-publish","4":"has-post-thumbnail","6":"product_cat-sin-categorizar","7":"nodate","8":"item-wrap","10":"first","11":"instock","12":"shipping-taxable","13":"product-type-external"},"_links":{"self":[{"href":"https:\/\/lofimusic.com.es\/index.php\/wp-json\/wp\/v2\/product\/34856","targetHints":{"allow":["GET"]}}],"collection":[{"href":"https:\/\/lofimusic.com.es\/index.php\/wp-json\/wp\/v2\/product"}],"about":[{"href":"https:\/\/lofimusic.com.es\/index.php\/wp-json\/wp\/v2\/types\/product"}],"replies":[{"embeddable":true,"href":"https:\/\/lofimusic.com.es\/index.php\/wp-json\/wp\/v2\/comments?post=34856"}],"wp:featuredmedia":[{"embeddable":true,"href":"https:\/\/lofimusic.com.es\/index.php\/wp-json\/wp\/v2\/media\/34855"}],"wp:attachment":[{"href":"https:\/\/lofimusic.com.es\/index.php\/wp-json\/wp\/v2\/media?parent=34856"}],"wp:term":[{"taxonomy":"product_cat","embeddable":true,"href":"https:\/\/lofimusic.com.es\/index.php\/wp-json\/wp\/v2\/product_cat?post=34856"},{"taxonomy":"product_tag","embeddable":true,"href":"https:\/\/lofimusic.com.es\/index.php\/wp-json\/wp\/v2\/product_tag?post=34856"}],"curies":[{"name":"wp","href":"https:\/\/api.w.org\/{rel}","templated":true}]}}