{"id":34854,"date":"2026-04-07T04:48:43","date_gmt":"2026-04-07T04:48:43","guid":{"rendered":"https:\/\/lofimusic.com.es\/index.php\/producto\/b0g7yss73t_de\/"},"modified":"2026-04-07T04:48:43","modified_gmt":"2026-04-07T04:48:43","slug":"b0g7yss73t_de","status":"publish","type":"product","link":"https:\/\/lofimusic.com.es\/index.php\/producto\/b0g7yss73t_de\/","title":{"rendered":"B0G7YSS73T_DE"},"content":{"rendered":"<p>&#8211; Individueller Zuschnitt &#8211; Filzgleiter Set mit 10 St\u00fcck 16 x 20cm &#8211; 5mm. Filzgleiter selbstklebend gelingt der Zuschnitt besonders leicht und pr\u00e4zise dank Rasterlinien auf der Klebefilz R\u00fcckseite.<br \/>\n&#8211; Strapazierf\u00e4higes Material &#8211; Unsere Filz M\u00f6bel Auflagen bieten langlebigen Schutz und Stabilit\u00e4t. Der dichte Filzgleiter Stuhl eignet sich perfekt f\u00fcr den t\u00e4glichen Gebrauch, auch bei M\u00f6beln, die h\u00e4ufig bewegt werden.<br \/>\n&#8211; Dick &amp; Robust &#8211; Unsere Filzgleiter bestehen aus 5mm hochwertigem Nadelfilz und sind damit nicht nur dicker, sondern auch bis zu stabiler und robuster als herk\u00f6mmliche Filzgleiter f\u00fcr St\u00fchle.<br \/>\n&#8211; Starke Klebekraft &#8211; Die filz selbstklebend haben deutlich mehr Klebekraft und halten auf allen glatten Oberfl\u00e4chen, egal ob Holz oder Kunststoff. Sie sind damit ideal als Stuhlgleiter.<br \/>\n&#8211; Schutz f\u00fcr Boden &#8211; Unser Filz M\u00f6belgleiter eignet sich perfekt als lautlose Gleiter f\u00fcr sehr empfindliche B\u00f6den (Parkett, Laminat, Fliesen, Marmor etc.) und sind dabei sogar schadstofffrei.<\/p>\n","protected":false},"excerpt":{"rendered":"<p>Werbung<br \/>\nFilzgleiter Selbstklebend, 10 St\u00fcck 16 x 20cm &#8211; 5mm, Filzgleiter f\u00fcr St\u00fchle, Filzmatten zum Zuschneiden, Filz Selbstklebend, Hochwertigem Nadelfilz f\u00fcr M\u00f6belgleiter Stuhlgleiter (Dunkelgrau\u200c)<\/p>\n","protected":false},"featured_media":34853,"comment_status":"open","ping_status":"closed","template":"","meta":[],"product_cat":[15],"product_tag":[],"class_list":{"0":"post-34854","1":"product","2":"type-product","3":"status-publish","4":"has-post-thumbnail","6":"product_cat-sin-categorizar","7":"nodate","8":"item-wrap","10":"first","11":"instock","12":"shipping-taxable","13":"product-type-external"},"_links":{"self":[{"href":"https:\/\/lofimusic.com.es\/index.php\/wp-json\/wp\/v2\/product\/34854","targetHints":{"allow":["GET"]}}],"collection":[{"href":"https:\/\/lofimusic.com.es\/index.php\/wp-json\/wp\/v2\/product"}],"about":[{"href":"https:\/\/lofimusic.com.es\/index.php\/wp-json\/wp\/v2\/types\/product"}],"replies":[{"embeddable":true,"href":"https:\/\/lofimusic.com.es\/index.php\/wp-json\/wp\/v2\/comments?post=34854"}],"wp:featuredmedia":[{"embeddable":true,"href":"https:\/\/lofimusic.com.es\/index.php\/wp-json\/wp\/v2\/media\/34853"}],"wp:attachment":[{"href":"https:\/\/lofimusic.com.es\/index.php\/wp-json\/wp\/v2\/media?parent=34854"}],"wp:term":[{"taxonomy":"product_cat","embeddable":true,"href":"https:\/\/lofimusic.com.es\/index.php\/wp-json\/wp\/v2\/product_cat?post=34854"},{"taxonomy":"product_tag","embeddable":true,"href":"https:\/\/lofimusic.com.es\/index.php\/wp-json\/wp\/v2\/product_tag?post=34854"}],"curies":[{"name":"wp","href":"https:\/\/api.w.org\/{rel}","templated":true}]}}