{"id":34852,"date":"2026-04-07T04:44:11","date_gmt":"2026-04-07T04:44:11","guid":{"rendered":"https:\/\/lofimusic.com.es\/index.php\/producto\/b0g3wf2q5l_de\/"},"modified":"2026-04-07T04:44:11","modified_gmt":"2026-04-07T04:44:11","slug":"b0g3wf2q5l_de","status":"publish","type":"product","link":"https:\/\/lofimusic.com.es\/index.php\/producto\/b0g3wf2q5l_de\/","title":{"rendered":"B0G3WF2Q5L_DE"},"content":{"rendered":"<p>&#8211; Detox Tee zum Abnehmen \u2013 Nat\u00fcrliche Kr\u00e4utermischung mit L\u00f6wenzahn<\/p>\n","protected":false},"excerpt":{"rendered":"<p>Werbung<br \/>\nDetox Tee zum Abnehmen, 28 St\u00fcck abnehmentee entgiften mit Gr\u00fcntee, Lotusbl\u00e4tter, Inulin \ufeff<\/p>\n","protected":false},"featured_media":34851,"comment_status":"open","ping_status":"closed","template":"","meta":[],"product_cat":[15],"product_tag":[],"class_list":{"0":"post-34852","1":"product","2":"type-product","3":"status-publish","4":"has-post-thumbnail","6":"product_cat-sin-categorizar","7":"nodate","8":"item-wrap","10":"first","11":"instock","12":"shipping-taxable","13":"product-type-external"},"_links":{"self":[{"href":"https:\/\/lofimusic.com.es\/index.php\/wp-json\/wp\/v2\/product\/34852","targetHints":{"allow":["GET"]}}],"collection":[{"href":"https:\/\/lofimusic.com.es\/index.php\/wp-json\/wp\/v2\/product"}],"about":[{"href":"https:\/\/lofimusic.com.es\/index.php\/wp-json\/wp\/v2\/types\/product"}],"replies":[{"embeddable":true,"href":"https:\/\/lofimusic.com.es\/index.php\/wp-json\/wp\/v2\/comments?post=34852"}],"wp:featuredmedia":[{"embeddable":true,"href":"https:\/\/lofimusic.com.es\/index.php\/wp-json\/wp\/v2\/media\/34851"}],"wp:attachment":[{"href":"https:\/\/lofimusic.com.es\/index.php\/wp-json\/wp\/v2\/media?parent=34852"}],"wp:term":[{"taxonomy":"product_cat","embeddable":true,"href":"https:\/\/lofimusic.com.es\/index.php\/wp-json\/wp\/v2\/product_cat?post=34852"},{"taxonomy":"product_tag","embeddable":true,"href":"https:\/\/lofimusic.com.es\/index.php\/wp-json\/wp\/v2\/product_tag?post=34852"}],"curies":[{"name":"wp","href":"https:\/\/api.w.org\/{rel}","templated":true}]}}