{"id":34850,"date":"2026-04-07T04:44:08","date_gmt":"2026-04-07T04:44:08","guid":{"rendered":"https:\/\/lofimusic.com.es\/index.php\/producto\/b0gjsqvflx_de-2\/"},"modified":"2026-04-07T04:44:08","modified_gmt":"2026-04-07T04:44:08","slug":"b0gjsqvflx_de-2","status":"publish","type":"product","link":"https:\/\/lofimusic.com.es\/index.php\/producto\/b0gjsqvflx_de-2\/","title":{"rendered":"B0GJSQVFLX_DE"},"content":{"rendered":"<p>&#8211; Rundumschutz mit nur einem Ger\u00e4t \u2013 gegen alle \u00dcberwachungsrisiken. Der AOBOCAM T07 Wanzen Detektor nutzt fortschrittliche Dual-Sensor-Technologie, um zuverl\u00e4ssig versteckte Kameras, GPS-Tracker und Wanzen aufzusp\u00fcren. Ob kabellose WLAN-Kameras, Magnetfeld-Ortungsger\u00e4te oder Hochfrequenz-Sender \u2013 der T07 erkennt sie alle pr\u00e4zise. Ideal f\u00fcr Hotels, Airbnbs, Konferenzr\u00e4ume, Umkleidekabinen und andere privatheits sensible Orte. Kompletter Raumscan in nur 90 Sekunden \u2013 f\u00fcr sofortige Sicherheit<br \/>\n&#8211; Intuitives LED-Display \u2013 was Sie sehen, ist sicher. Das T07 Kamera Detektor ist mit einem hochaufl\u00f6senden intelligenten LED-Display ausgestattet, das einfach und intuitiv zu bedienen ist \u2013 ganz ohne Fachkenntnisse. Bei Erkennung einer Bedrohung zeigt das Display \u00fcbersichtlich die Signalst\u00e4rke und den Ger\u00e4tetyp an. So sehen Sie die versteckte Gefahr mit eigenen Augen, anstatt sich nur auf akustische Signale verlassen zu m\u00fcssen. Die Ein-Knopf-Bedienung macht die Nutzung selbst f\u00fcr Erstbenutzer denkbar einfach. Rote Warnhinweise und pr\u00e4zise Ortung sorgen f\u00fcr keine Fehlalarme und kein R\u00e4tselraten<br \/>\n&#8211; \uf0b72026 Upgrade Smart Chip \u2013 H\u00f6chste Detektionsleistung. Ausgestattet mit dem neuesten 2026 Upgrade Smart Sensitivity Chip deckt der T07 Versteckte Kamera Detektor einen Frequenzbereich von 1MHz bis 12GHz ab und erkennt damit alle drahtlosen \u00dcberwachungsger\u00e4te, einschlie\u00dflich 2G\/3G\/4G\/5G-Signale, WLAN-Frequenzen (2,4G\/5,8G) und Bluetooth-Ger\u00e4te. Die 10-stufig einstellbare Empfindlichkeit erm\u00f6glicht sowohl gro\u00dffl\u00e4chige Scans als auch pr\u00e4zise Ortung bis auf Zentimeter genau. Verbesserte St\u00f6rfestigkeit gew\u00e4hrleistet zuverl\u00e4ssige Leistung auch in komplexen elektromagnetischen Umgebungen<br \/>\n&#8211; Professionelle Wanzen-Erkennung \u2013 H\u00f6rt wirklich niemand mit? Sorgen Sie sich um abgeh\u00f6rte Besprechungen oder private Gespr\u00e4che? Der professionelle HF-Signalerfassungsmodus des T07 RF Wireless Detektor ist speziell f\u00fcr die Erkennung von Wanzen, Aufnahmeger\u00e4ten, GSM-Audio-Wanzen und anderen Abh\u00f6rger\u00e4ten optimiert. Bei Erkennung eines verd\u00e4chtigen Signals ert\u00f6nt ein akustischer Alarm, w\u00e4hrend das Display gleichzeitig die Signalst\u00e4rke anzeigt. Je n\u00e4her Sie der Signalquelle kommen, desto schneller wird der Alarmton \u2013 so k\u00f6nnen Sie versteckte Abh\u00f6rger\u00e4te pr\u00e4zise lokalisieren und Ihre Gespr\u00e4chsprivatsph\u00e4re sch\u00fctzen<br \/>\n&#8211; Pr\u00e4zise GPS-Tracker-Erkennung \u2013 Stoppen Sie die Verfolgung. Ob Sie bef\u00fcrchten, dass Ihr Fahrzeug mit einem Tracker versehen wurde oder dass Ihre Gegenst\u00e4nde heimlich geortet werden \u2013 der Magnetfeld-Erkennungsmodus des T07 GPS Tracker Finder ist die L\u00f6sung. Er erkennt zuverl\u00e4ssig versteckte GPS-Tracker, Magnet-Tracker und \u00e4hnliche Ger\u00e4te. Sobald ein Signal empfangen wird, alarmiert Sie das Ger\u00e4t sofort und zeigt die Richtung der Signalquelle an. So k\u00f6nnen Sie Tracker schnell und pr\u00e4zise orten und sich endg\u00fcltig von der Bedrohung befreien<br \/>\n&#8211; Der Sicherheitsw\u00e4chter f\u00fcr die Hosentasche \u2013 immer und \u00fcberall dabei. Mit seinem leichten und kompakten Design (nur 1.06oz) passt der T07 Portable Wanzen Detektor m\u00fchelos in jede Tasche oder jedes Gep\u00e4ckst\u00fcck. Ob Gesch\u00e4ftsreise, Urlaub oder der t\u00e4gliche Weg zur Arbeit \u2013 er ist Ihr zuverl\u00e4ssiger Begleiter f\u00fcr Privatsph\u00e4re. Der leistungsstarke, wiederaufladbare Lithium-Akku erm\u00f6glicht eine Einsatzdauer von bis eine Bereitschaftszeit von 30 Tagen \u2013 ideal f\u00fcr den vielseitigen Einsatz. Qualit\u00e4t und Zuverl\u00e4ssigkeit, wie sie Deutsche sch\u00e4tzen \u2013 der AOBOCAM T07 Privatsph\u00e4re Schutz<\/p>\n","protected":false},"excerpt":{"rendered":"<p>Werbung<br \/>\nWanzen Detektor,Versteckte Kamera Detektor mit Dual-Sensor und LED Anzeige,RF Wireless GPS Tracker Finder, Abh\u00f6rger\u00e4te Detektor,Tragbarer \u00dcberwachungsschutz f\u00fcr Airbnb\/Hotel\/Auto\/B\u00fcro<\/p>\n","protected":false},"featured_media":34849,"comment_status":"open","ping_status":"closed","template":"","meta":[],"product_cat":[15],"product_tag":[],"class_list":{"0":"post-34850","1":"product","2":"type-product","3":"status-publish","4":"has-post-thumbnail","6":"product_cat-sin-categorizar","7":"nodate","8":"item-wrap","10":"first","11":"instock","12":"shipping-taxable","13":"product-type-external"},"_links":{"self":[{"href":"https:\/\/lofimusic.com.es\/index.php\/wp-json\/wp\/v2\/product\/34850","targetHints":{"allow":["GET"]}}],"collection":[{"href":"https:\/\/lofimusic.com.es\/index.php\/wp-json\/wp\/v2\/product"}],"about":[{"href":"https:\/\/lofimusic.com.es\/index.php\/wp-json\/wp\/v2\/types\/product"}],"replies":[{"embeddable":true,"href":"https:\/\/lofimusic.com.es\/index.php\/wp-json\/wp\/v2\/comments?post=34850"}],"wp:featuredmedia":[{"embeddable":true,"href":"https:\/\/lofimusic.com.es\/index.php\/wp-json\/wp\/v2\/media\/34849"}],"wp:attachment":[{"href":"https:\/\/lofimusic.com.es\/index.php\/wp-json\/wp\/v2\/media?parent=34850"}],"wp:term":[{"taxonomy":"product_cat","embeddable":true,"href":"https:\/\/lofimusic.com.es\/index.php\/wp-json\/wp\/v2\/product_cat?post=34850"},{"taxonomy":"product_tag","embeddable":true,"href":"https:\/\/lofimusic.com.es\/index.php\/wp-json\/wp\/v2\/product_tag?post=34850"}],"curies":[{"name":"wp","href":"https:\/\/api.w.org\/{rel}","templated":true}]}}