{"id":34848,"date":"2026-04-07T04:44:05","date_gmt":"2026-04-07T04:44:05","guid":{"rendered":"https:\/\/lofimusic.com.es\/index.php\/producto\/b0gjr5ybrd_de\/"},"modified":"2026-04-07T04:44:05","modified_gmt":"2026-04-07T04:44:05","slug":"b0gjr5ybrd_de","status":"publish","type":"product","link":"https:\/\/lofimusic.com.es\/index.php\/producto\/b0gjr5ybrd_de\/","title":{"rendered":"B0GJR5YBRD_DE"},"content":{"rendered":"<p>&#8211; \ud83c\udf3f \u3010Gr\u00fcne Pflanzenkraft f\u00fcr deinen Alltag\u3011 Diese ausgewogene Greens Mischung kombiniert Spirulina, Chlorella, Matcha und Gerstengras mit fruchtigen Heidelbeeren. Perfekt als t\u00e4gliche Erg\u00e4nzung f\u00fcr eine bewusste Ern\u00e4hrung und moderne Routinen.<br \/>\n&#8211; \ud83c\udf3f \u3010Ballaststoffreich &amp; mit wertvollen Mikron\u00e4hrstoffen\u3011 Enth\u00e4lt nat\u00fcrliche Ballaststoffe sowie wichtige Vitamine und Mineralstoffe. Ideal zur Erg\u00e4nzung einer abwechslungsreichen Ern\u00e4hrung \u2013 f\u00fcr mehr Balance im Alltag.<br \/>\n&#8211; \ud83c\udf3f \u3010Lecker kombiniert statt pur\u3011 Am besten in Smoothies oder Shakes genie\u00dfen \u2013 so entsteht ein angenehm milder Geschmack und eine cremige Konsistenz, ideal f\u00fcr die t\u00e4gliche Routine.<br \/>\n&#8211; \ud83c\udf3f \u3010Mit Inulin &amp; Cholin erg\u00e4nzt\u3011 Enth\u00e4lt pr\u00e4biotisches Inulin sowie Cholin, das zu einem normalen Fettstoffwechsel beitr\u00e4gt. Eine durchdachte Kombination f\u00fcr deine t\u00e4gliche Routine.<br \/>\n&#8211; \ud83c\udf3f \u3010Saubere Rezeptur &amp; praktische Verpackung\u3011 Ohne Zuckerzusatz und ohne k\u00fcnstliche Zusatzstoffe. Die wiederverschlie\u00dfbare Verpackung sorgt f\u00fcr Frische und einfache Anwendung im Alltag \u2013 ideal f\u00fcr deine t\u00e4gliche Routine.<\/p>\n","protected":false},"excerpt":{"rendered":"<p>Werbung<br \/>\nGr\u00fcnes Superfood Pulver 200g \u2013 Greens Mix mit Matcha, Spirulina, Gerstengras &amp; Heidelbeeren | Ballaststoffreich &amp; Vegan | Nat\u00fcrliches Pflanzenpulver f\u00fcr Alltag &amp; Ern\u00e4hrung<\/p>\n","protected":false},"featured_media":34847,"comment_status":"open","ping_status":"closed","template":"","meta":[],"product_cat":[15],"product_tag":[],"class_list":{"0":"post-34848","1":"product","2":"type-product","3":"status-publish","4":"has-post-thumbnail","6":"product_cat-sin-categorizar","7":"nodate","8":"item-wrap","10":"first","11":"instock","12":"shipping-taxable","13":"product-type-external"},"_links":{"self":[{"href":"https:\/\/lofimusic.com.es\/index.php\/wp-json\/wp\/v2\/product\/34848","targetHints":{"allow":["GET"]}}],"collection":[{"href":"https:\/\/lofimusic.com.es\/index.php\/wp-json\/wp\/v2\/product"}],"about":[{"href":"https:\/\/lofimusic.com.es\/index.php\/wp-json\/wp\/v2\/types\/product"}],"replies":[{"embeddable":true,"href":"https:\/\/lofimusic.com.es\/index.php\/wp-json\/wp\/v2\/comments?post=34848"}],"wp:featuredmedia":[{"embeddable":true,"href":"https:\/\/lofimusic.com.es\/index.php\/wp-json\/wp\/v2\/media\/34847"}],"wp:attachment":[{"href":"https:\/\/lofimusic.com.es\/index.php\/wp-json\/wp\/v2\/media?parent=34848"}],"wp:term":[{"taxonomy":"product_cat","embeddable":true,"href":"https:\/\/lofimusic.com.es\/index.php\/wp-json\/wp\/v2\/product_cat?post=34848"},{"taxonomy":"product_tag","embeddable":true,"href":"https:\/\/lofimusic.com.es\/index.php\/wp-json\/wp\/v2\/product_tag?post=34848"}],"curies":[{"name":"wp","href":"https:\/\/api.w.org\/{rel}","templated":true}]}}