{"id":34846,"date":"2026-04-07T04:43:58","date_gmt":"2026-04-07T04:43:58","guid":{"rendered":"https:\/\/lofimusic.com.es\/index.php\/producto\/b0gl1hkj56_de\/"},"modified":"2026-04-07T04:43:58","modified_gmt":"2026-04-07T04:43:58","slug":"b0gl1hkj56_de","status":"publish","type":"product","link":"https:\/\/lofimusic.com.es\/index.php\/producto\/b0gl1hkj56_de\/","title":{"rendered":"B0GL1HKJ56_DE"},"content":{"rendered":"<p>&#8211; \u3010\ud83c\udf3f 100 % Nat\u00fcrliche Kr\u00e4utermischung\u3011 Enth\u00e4lt 8 sorgf\u00e4ltig ausgew\u00e4hlte Pflanzen: Goji-Beeren, Chrysanthemen, L\u00f6wenzahn, Cassia-Samen, Orangenschale, Maulbeerbl\u00e4tter, Gardenie und Gei\u00dfblatt. Schonend getrocknet, ohne Zusatzstoffe \u2013 rein pflanzlich &amp; vegan.<br \/>\n&#8211; \u3010\ud83c\udf75 Sanfter, Ausgewogener Geschmack\u3011 Dank eines schonenden Niedrigtemperatur-Verfahrens bleiben Aroma und Pflanzencharakter erhalten. Beim Aufgie\u00dfen entfaltet sich ein leichter Bl\u00fctenduft mit einem milden, angenehm frischen Geschmack \u2013 ideal auch f\u00fcr empfindliche Genie\u00dfer.<br \/>\n&#8211; \u3010\ud83d\udcaa Unterst\u00fctzung f\u00fcr Wohlbefinden &amp; Balance\u3011 Ein idealer Begleiter f\u00fcr den Alltag \u2013 besonders bei unregelm\u00e4\u00dfigem Lebensstil, langen Arbeitstagen oder wenig Bewegung. Der Tee unterst\u00fctzt das allgemeine Wohlbefinden und tr\u00e4gt zu einem ausgeglichenen K\u00f6rpergef\u00fchl bei.*<br \/>\n&#8211; \u3010\ud83d\udcdc Inspiriert von Traditioneller Chinesischer Kr\u00e4uterkunde\u3011 Eine harmonische Kr\u00e4uterkombination nach traditioneller Rezeptur, modern interpretiert. F\u00fcr die t\u00e4gliche Teeroutine geeignet \u2013 mild, bek\u00f6mmlich und koffeinfrei.<br \/>\n&#8211; \u3010\ud83c\udf81 Upgrade: 30 Teebeutel \u00e0 5 g \u2013 Praktisch &amp; Ergiebig\u3011 Jetzt mit 30 einzeln verpackten Teebeuteln f\u00fcr noch mehr Genussmomente. Hygienisch, feuchtigkeitsgesch\u00fctzt und perfekt f\u00fcr Zuhause, B\u00fcro oder unterwegs \u2013 auch eine sch\u00f6ne Geschenkidee.<\/p>\n","protected":false},"excerpt":{"rendered":"<p>Werbung<br \/>\nDetox Tee Leber Balance \u2013 Kr\u00e4utertee mit Goji Beeren &amp; Chrysanthemen \u2013 Traditioneller chinesischer Kr\u00e4utertee \u2013 30 Teebeutel \u00e0 5 g \u2013 8 nat\u00fcrliche Zutaten \u2013 Koffeinfrei, Zuckerfrei, Vegan<\/p>\n","protected":false},"featured_media":34845,"comment_status":"open","ping_status":"closed","template":"","meta":[],"product_cat":[15],"product_tag":[],"class_list":{"0":"post-34846","1":"product","2":"type-product","3":"status-publish","4":"has-post-thumbnail","6":"product_cat-sin-categorizar","7":"nodate","8":"item-wrap","10":"first","11":"instock","12":"shipping-taxable","13":"product-type-external"},"_links":{"self":[{"href":"https:\/\/lofimusic.com.es\/index.php\/wp-json\/wp\/v2\/product\/34846","targetHints":{"allow":["GET"]}}],"collection":[{"href":"https:\/\/lofimusic.com.es\/index.php\/wp-json\/wp\/v2\/product"}],"about":[{"href":"https:\/\/lofimusic.com.es\/index.php\/wp-json\/wp\/v2\/types\/product"}],"replies":[{"embeddable":true,"href":"https:\/\/lofimusic.com.es\/index.php\/wp-json\/wp\/v2\/comments?post=34846"}],"wp:featuredmedia":[{"embeddable":true,"href":"https:\/\/lofimusic.com.es\/index.php\/wp-json\/wp\/v2\/media\/34845"}],"wp:attachment":[{"href":"https:\/\/lofimusic.com.es\/index.php\/wp-json\/wp\/v2\/media?parent=34846"}],"wp:term":[{"taxonomy":"product_cat","embeddable":true,"href":"https:\/\/lofimusic.com.es\/index.php\/wp-json\/wp\/v2\/product_cat?post=34846"},{"taxonomy":"product_tag","embeddable":true,"href":"https:\/\/lofimusic.com.es\/index.php\/wp-json\/wp\/v2\/product_tag?post=34846"}],"curies":[{"name":"wp","href":"https:\/\/api.w.org\/{rel}","templated":true}]}}