{"id":34844,"date":"2026-04-07T04:43:57","date_gmt":"2026-04-07T04:43:57","guid":{"rendered":"https:\/\/lofimusic.com.es\/index.php\/producto\/b0g3tzz5pb_de\/"},"modified":"2026-04-07T04:43:57","modified_gmt":"2026-04-07T04:43:57","slug":"b0g3tzz5pb_de","status":"publish","type":"product","link":"https:\/\/lofimusic.com.es\/index.php\/producto\/b0g3tzz5pb_de\/","title":{"rendered":"B0G3TZZ5PB_DE"},"content":{"rendered":"<p>&#8211; \ud83c\udf4a \u3010N\u00e4hrstoffreiche Superfood-Mischung\u3011 Mit Spirulina, Gerstengras, Gr\u00fcnkohl, Acai, Maca und Kurkuma \u2013 eine ausgewogene Kombination pflanzlicher Zutaten f\u00fcr Ihre t\u00e4gliche Routine.<br \/>\n&#8211; \u26a1 \u3010F\u00fcr mehr Energie im Alltag\u3011 Enth\u00e4lt Vitamin D3 sowie Ballaststoffe und pflanzliches Eiwei\u00df \u2013 ideal zur Unterst\u00fctzung eines aktiven Lebensstils und allgemeinen Wohlbefindens.<br \/>\n&#8211; \ud83e\udd64 \u3010Fruchtiger Orangengeschmack &amp; einfache Anwendung\u3011 Einfach t\u00e4glich 1 Portion (6,6 g) in Wasser, Smoothies oder Joghurt einr\u00fchren \u2013 mit angenehm frischem Orangengeschmack.<br \/>\n&#8211; \ud83c\udf31 \u3010Vegan &amp; ohne unn\u00f6tige Zus\u00e4tze\u3011 Ohne Zuckerzusatz, Gluten, Soja oder k\u00fcnstliche Aromen \u2013 mit pr\u00e4biotischem Inulin f\u00fcr eine gute Vertr\u00e4glichkeit.<br \/>\n&#8211; \ud83e\udd57 \u3010Praktische Erg\u00e4nzung f\u00fcr Ihre Ern\u00e4hrung\u3011 Ideal f\u00fcr alle, die im Alltag nicht immer ausreichend Obst und Gem\u00fcse konsumieren \u2013 einfach integrierbar in jede Routine.<br \/>\n&#8211; \ud83d\udce6 \u3010Neues Verpackungsdesign\u3011 Unser Produkt wurde mit einem neuen Verpackungsdesign aktualisiert. W\u00e4hrend der \u00dcbergangsphase kann es vorkommen, dass Sie noch die bisherige Verpackung erhalten \u2013 die Qualit\u00e4t und Zusammensetzung bleiben selbstverst\u00e4ndlich unver\u00e4ndert.<\/p>\n","protected":false},"excerpt":{"rendered":"<p>Werbung<br \/>\nGr\u00fcne Entgiftungspulver 200g \u2013 Superfood Pflanzenpulver mit Spirulina, Orangengeschmack \u2013 Reich an Ballaststoffen &amp; Mikron\u00e4hrstoffen \u2013 Vegan, Zuckerfrei, Glutenfrei \u2013 T\u00e4glicher Energie Helfer<\/p>\n","protected":false},"featured_media":34843,"comment_status":"open","ping_status":"closed","template":"","meta":[],"product_cat":[15],"product_tag":[],"class_list":{"0":"post-34844","1":"product","2":"type-product","3":"status-publish","4":"has-post-thumbnail","6":"product_cat-sin-categorizar","7":"nodate","8":"item-wrap","10":"first","11":"instock","12":"shipping-taxable","13":"product-type-external"},"_links":{"self":[{"href":"https:\/\/lofimusic.com.es\/index.php\/wp-json\/wp\/v2\/product\/34844","targetHints":{"allow":["GET"]}}],"collection":[{"href":"https:\/\/lofimusic.com.es\/index.php\/wp-json\/wp\/v2\/product"}],"about":[{"href":"https:\/\/lofimusic.com.es\/index.php\/wp-json\/wp\/v2\/types\/product"}],"replies":[{"embeddable":true,"href":"https:\/\/lofimusic.com.es\/index.php\/wp-json\/wp\/v2\/comments?post=34844"}],"wp:featuredmedia":[{"embeddable":true,"href":"https:\/\/lofimusic.com.es\/index.php\/wp-json\/wp\/v2\/media\/34843"}],"wp:attachment":[{"href":"https:\/\/lofimusic.com.es\/index.php\/wp-json\/wp\/v2\/media?parent=34844"}],"wp:term":[{"taxonomy":"product_cat","embeddable":true,"href":"https:\/\/lofimusic.com.es\/index.php\/wp-json\/wp\/v2\/product_cat?post=34844"},{"taxonomy":"product_tag","embeddable":true,"href":"https:\/\/lofimusic.com.es\/index.php\/wp-json\/wp\/v2\/product_tag?post=34844"}],"curies":[{"name":"wp","href":"https:\/\/api.w.org\/{rel}","templated":true}]}}