{"id":34842,"date":"2026-04-06T15:45:58","date_gmt":"2026-04-06T15:45:58","guid":{"rendered":"https:\/\/lofimusic.com.es\/index.php\/producto\/b0gjrsp7c3_de\/"},"modified":"2026-04-06T15:45:58","modified_gmt":"2026-04-06T15:45:58","slug":"b0gjrsp7c3_de","status":"publish","type":"product","link":"https:\/\/lofimusic.com.es\/index.php\/producto\/b0gjrsp7c3_de\/","title":{"rendered":"B0GJRSP7C3_DE"},"content":{"rendered":"<p>&#8211; \ud83c\udf3f Vollwertige Superfood-Kombination &#8211; Enth\u00e4lt eine hochwertige Mischung aus Bio-Spirulina, Bio-Gerstengras, Bio-Gr\u00fcnkohl, Acai, Ingwer sowie wertvollen Ballaststoffen wie Flohsamenschalen, Akazienfaser und Apfelfaser \u2013 f\u00fcr eine ganzheitliche N\u00e4hrstoffversorgung.<br \/>\n&#8211; \ud83d\udcaa Unterst\u00fctzt Vitalit\u00e4t &amp; Wohlbefinden &#8211; Reich an pflanzlichem Eiwei\u00df, Vitaminen und Pr\u00e4biotika. Die bewusste Kombination aus Zichorienwurzel-Inulin und Vitamin D3 tr\u00e4gt zu einer nat\u00fcrlichen Vitalit\u00e4t, einem gesunden Stoffwechsel und einer guten Vertr\u00e4glichkeit bei.<br \/>\n&#8211; \ud83c\udf43 Mild im Geschmack &amp; einfach in der Anwendung &#8211; T\u00e4glich 4 g (ca. 1 Portion) in Wasser, Smoothie oder Joghurt einr\u00fchren \u2013 der Beh\u00e4lter enth\u00e4lt 50 Portionen (200 g). Mit nat\u00fcrlichem Kakaopulver, Stevia und einer angenehmen S\u00fc\u00dforange-Note f\u00fcr einen ausgewogenen, zuckerfreien Geschmack.<br \/>\n&#8211; \ud83c\udf31 100 % vegan &amp; frei von unn\u00f6tigen Zus\u00e4tzen- Ohne Soja, Gluten, Milchprodukte, k\u00fcnstliche Aromen oder Konservierungsstoffe. Hergestellt mit hochwertigen Bio-Zutaten und Sonnenblumenlecithin \u2013 f\u00fcr maximale Reinheit und Vertr\u00e4glichkeit.<br \/>\n&#8211; \u2705 Die ideale Erg\u00e4nzung f\u00fcr den Alltag &#8211; Perfekt f\u00fcr alle, die nicht t\u00e4glich ausreichend Obst und Gem\u00fcse zu sich nehmen k\u00f6nnen. Unser gr\u00fcnes Vitalpulver hilft Ihnen, Ihre N\u00e4hrstoffl\u00fccke unkompliziert zu schlie\u00dfen \u2013 ideal f\u00fcr einen stressigen Lebensstil.<\/p>\n","protected":false},"excerpt":{"rendered":"<p>Werbung<br \/>\nGr\u00fcne Entgiftungspulver, 200g Superfood Entgiftungspulver Helfer, Greens Pulver Mit Spirulina, Gerstengras, Inulin, Kurkuma, Vitamin D3 | Reich an Vitaminen, Mineralien &amp; Ballaststoffen f\u00fcr Energie<\/p>\n","protected":false},"featured_media":34841,"comment_status":"open","ping_status":"closed","template":"","meta":[],"product_cat":[15],"product_tag":[],"class_list":{"0":"post-34842","1":"product","2":"type-product","3":"status-publish","4":"has-post-thumbnail","6":"product_cat-sin-categorizar","7":"nodate","8":"item-wrap","10":"first","11":"instock","12":"shipping-taxable","13":"product-type-external"},"_links":{"self":[{"href":"https:\/\/lofimusic.com.es\/index.php\/wp-json\/wp\/v2\/product\/34842","targetHints":{"allow":["GET"]}}],"collection":[{"href":"https:\/\/lofimusic.com.es\/index.php\/wp-json\/wp\/v2\/product"}],"about":[{"href":"https:\/\/lofimusic.com.es\/index.php\/wp-json\/wp\/v2\/types\/product"}],"replies":[{"embeddable":true,"href":"https:\/\/lofimusic.com.es\/index.php\/wp-json\/wp\/v2\/comments?post=34842"}],"wp:featuredmedia":[{"embeddable":true,"href":"https:\/\/lofimusic.com.es\/index.php\/wp-json\/wp\/v2\/media\/34841"}],"wp:attachment":[{"href":"https:\/\/lofimusic.com.es\/index.php\/wp-json\/wp\/v2\/media?parent=34842"}],"wp:term":[{"taxonomy":"product_cat","embeddable":true,"href":"https:\/\/lofimusic.com.es\/index.php\/wp-json\/wp\/v2\/product_cat?post=34842"},{"taxonomy":"product_tag","embeddable":true,"href":"https:\/\/lofimusic.com.es\/index.php\/wp-json\/wp\/v2\/product_tag?post=34842"}],"curies":[{"name":"wp","href":"https:\/\/api.w.org\/{rel}","templated":true}]}}