{"id":34840,"date":"2026-04-06T07:07:01","date_gmt":"2026-04-06T07:07:01","guid":{"rendered":"https:\/\/lofimusic.com.es\/index.php\/producto\/b0ds5wnqf9_de\/"},"modified":"2026-04-06T07:07:01","modified_gmt":"2026-04-06T07:07:01","slug":"b0ds5wnqf9_de","status":"publish","type":"product","link":"https:\/\/lofimusic.com.es\/index.php\/producto\/b0ds5wnqf9_de\/","title":{"rendered":"B0DS5WNQF9_DE"},"content":{"rendered":"<p>&#8211; Grillb\u00fcrste<\/p>\n","protected":false},"excerpt":{"rendered":"<p>Werbung<br \/>\nGrillb\u00fcrste, Grill Reinigungsb\u00fcrste Edelstahl Schaber, Holzkohlegrill, Kugelgrill, Elektrogril, Grillrost, Extra Langer PP Griff, f\u00fcr Gasgrill, dichte Edelstahlborsten, Pinsel<\/p>\n","protected":false},"featured_media":34839,"comment_status":"open","ping_status":"closed","template":"","meta":[],"product_cat":[15],"product_tag":[],"class_list":{"0":"post-34840","1":"product","2":"type-product","3":"status-publish","4":"has-post-thumbnail","6":"product_cat-sin-categorizar","7":"nodate","8":"item-wrap","10":"first","11":"instock","12":"shipping-taxable","13":"product-type-external"},"_links":{"self":[{"href":"https:\/\/lofimusic.com.es\/index.php\/wp-json\/wp\/v2\/product\/34840","targetHints":{"allow":["GET"]}}],"collection":[{"href":"https:\/\/lofimusic.com.es\/index.php\/wp-json\/wp\/v2\/product"}],"about":[{"href":"https:\/\/lofimusic.com.es\/index.php\/wp-json\/wp\/v2\/types\/product"}],"replies":[{"embeddable":true,"href":"https:\/\/lofimusic.com.es\/index.php\/wp-json\/wp\/v2\/comments?post=34840"}],"wp:featuredmedia":[{"embeddable":true,"href":"https:\/\/lofimusic.com.es\/index.php\/wp-json\/wp\/v2\/media\/34839"}],"wp:attachment":[{"href":"https:\/\/lofimusic.com.es\/index.php\/wp-json\/wp\/v2\/media?parent=34840"}],"wp:term":[{"taxonomy":"product_cat","embeddable":true,"href":"https:\/\/lofimusic.com.es\/index.php\/wp-json\/wp\/v2\/product_cat?post=34840"},{"taxonomy":"product_tag","embeddable":true,"href":"https:\/\/lofimusic.com.es\/index.php\/wp-json\/wp\/v2\/product_tag?post=34840"}],"curies":[{"name":"wp","href":"https:\/\/api.w.org\/{rel}","templated":true}]}}